{"id":5494,"date":"2022-10-12T09:22:06","date_gmt":"2022-10-12T09:22:06","guid":{"rendered":"https:\/\/www.positivitee.sk\/?post_type=product&#038;p=5494"},"modified":"2026-01-20T10:32:25","modified_gmt":"2026-01-20T10:32:25","slug":"premium-tea-vysokohorske-toffee","status":"publish","type":"product","link":"https:\/\/www.positivitee.sk\/index.php\/product\/premium-tea-vysokohorske-toffee\/","title":{"rendered":"Premium Tea &#8211; VYSOKOHORSK\u00c9 TOFFEE, 100g"},"content":{"rendered":"<p>4391 VYSOKOHORSK\u00c9 TOFFEE, 100g<\/p>\n<p><img decoding=\"async\" src=\"https:\/\/www.positivitee.sk\/wp-content\/uploads\/2022\/10\/00-04390_big-300x300.jpg\" \/><\/p>\n<p>Dezert v \u0161\u00e1lke a bez zbyto\u010dn\u00fdch kal\u00f3rii. Zmes cejl\u00f3nskych \u010dajov s k\u00faskami krokantu, ar\u00f3mou smotany a \u0161k\u00f3tskeho toffee.\u00a0 Lah\u00f4dka hodn\u00e1 aj pod\u00e1vania s mliekom alebo \u0161\u013eaha\u010dkou. Pr\u00edjemn\u00e1 gu\u013eat\u00e1 \u0161\u00e1lka.<\/p>\n<p>Zlo\u017eenie: cejl\u00f3nsky \u010dierny \u010daj, k\u00fasky sladk\u00fdch mandl\u00ed, ar\u00f3ma smotany a toffee.<\/p>\n<p>Pr\u00edprava: 1 \u010dajov\u00fa ly\u017ei\u010dku (2g) \u010daju zalejeme 2,5dl vriacej vody. L\u00fahujte 2 a\u017e 4 min\u00faty.<\/p>\n","protected":false},"excerpt":{"rendered":"<p>4391 VYSOKOHORSK\u00c9 TOFFEE, 100g<\/p>\n","protected":false},"featured_media":5495,"template":"","meta":{"jetpack_post_was_ever_published":false,"jetpack_publicize_message":"","jetpack_publicize_feature_enabled":true,"jetpack_social_post_already_shared":true,"jetpack_social_options":{"image_generator_settings":{"template":"highway","default_image_id":0,"font":"","enabled":false},"version":2}},"product_brand":[],"product_cat":[50,69],"product_tag":[],"class_list":{"0":"post-5494","1":"product","2":"type-product","3":"status-publish","4":"has-post-thumbnail","6":"product_cat-premium-caje","7":"product_cat-cierne","9":"first","10":"instock","11":"shipping-taxable","12":"purchasable","13":"product-type-simple"},"jetpack_publicize_connections":[],"jetpack_sharing_enabled":true,"_links":{"self":[{"href":"https:\/\/www.positivitee.sk\/index.php\/wp-json\/wp\/v2\/product\/5494","targetHints":{"allow":["GET"]}}],"collection":[{"href":"https:\/\/www.positivitee.sk\/index.php\/wp-json\/wp\/v2\/product"}],"about":[{"href":"https:\/\/www.positivitee.sk\/index.php\/wp-json\/wp\/v2\/types\/product"}],"wp:featuredmedia":[{"embeddable":true,"href":"https:\/\/www.positivitee.sk\/index.php\/wp-json\/wp\/v2\/media\/5495"}],"wp:attachment":[{"href":"https:\/\/www.positivitee.sk\/index.php\/wp-json\/wp\/v2\/media?parent=5494"}],"wp:term":[{"taxonomy":"product_brand","embeddable":true,"href":"https:\/\/www.positivitee.sk\/index.php\/wp-json\/wp\/v2\/product_brand?post=5494"},{"taxonomy":"product_cat","embeddable":true,"href":"https:\/\/www.positivitee.sk\/index.php\/wp-json\/wp\/v2\/product_cat?post=5494"},{"taxonomy":"product_tag","embeddable":true,"href":"https:\/\/www.positivitee.sk\/index.php\/wp-json\/wp\/v2\/product_tag?post=5494"}],"curies":[{"name":"wp","href":"https:\/\/api.w.org\/{rel}","templated":true}]}}