{"id":5510,"date":"2022-10-22T20:07:14","date_gmt":"2022-10-22T20:07:14","guid":{"rendered":"https:\/\/www.positivitee.sk\/?post_type=product&#038;p=5510"},"modified":"2024-03-13T17:33:24","modified_gmt":"2024-03-13T17:33:24","slug":"vannucci-bouquet-teneri-assortiti-150g","status":"publish","type":"product","link":"https:\/\/www.positivitee.sk\/index.php\/product\/vannucci-bouquet-teneri-assortiti-150g\/","title":{"rendered":"Vannucci -Bouquet TENERI ASSORTITI, 150 g"},"content":{"rendered":"<p><code>193-<\/code>Bouquet TENERI ASSORTITI, 150 g.<\/p>\n<p><img decoding=\"async\" src=\"https:\/\/www.positivitee.sk\/wp-content\/uploads\/2022\/10\/58LKSJTXaLbvbJp3.png\" \/><\/p>\n<p>TENERI ASSORTITI &#8211; ZMES DRA\u017d\u00c9 S CUKROVOU POLEVOU: LIESKOVCE, MANDLE, KANDIZOVAN\u00c1 POMARAN\u010cOV\u00c1 A<br \/>\nCITR\u00d3NOV\u00c1 K\u00d4RA V \u010cOKOL\u00c1DE A CUKRE<\/p>\n<p>Obsah kakaa min. 58%.<\/p>\n<p>Zlo\u017eenie: \u010dokol\u00e1da 57% (cukor, kakaov\u00e9 maslo, kakaov\u00e1 hmota, plnoti\u010dn\u00e9 pr\u00e1\u015bkov\u00e9 <strong>MLIEKO<\/strong>, emulg\u00e1tor <strong>S\u00d3JA<\/strong>, pr\u00edrodn\u00e1 vanilkov\u00e1 ar\u00f3ma), <strong>LIESKOVCE<\/strong> 23%, alebo <strong>MANDLE<\/strong> 19%, alebo pomaran\u010dov\u00e1 alebo citr\u00f3nov\u00e1 k\u00f4ra 21.5% (pomaran\u010d alebo citr\u00f3nov k\u00f4ra, gluk\u00f3zovo \u2013 frukt\u00f3zov\u00fd sirup, cukor, dextr\u00f3za, kyelina citr\u00f3nov\u00e1, konzervant: <strong>OXID SIRI\u010cIT\u00dd<\/strong> zvy\u0161ok), pr\u00e1\u015bkov\u00fd cukor (cukor, kukuri\u010dn\u00fd \u0161krob), cukrov\u00e1 poleva 4% (cukor, povrchov\u00e1 pr\u00edsada: arabsk\u00e1 guma, pr\u00edrodn\u00e1 ar\u00f3ma, farbivo E131), citr\u00f3nov\u00fd a pomaran\u010dov\u00fd esenci\u00e1lny olej, povrchov\u00e1 pr\u00edsada: karbaubsk\u00fd vosk a v\u010del\u00fd vosk. M\u00f4\u017ee obsahova\u0165 <strong>ORECHY<\/strong>.<\/p>\n<p>Nutri\u010dn\u00e9 hodnoty na 100g produktu: energia 2370 kJ\/566 kcal, tuk 37,3g z toho nas\u00fdten\u00e9 22,5g, uhlohydr\u00e1ty 47,2g z toho<br \/>\ncukor 46,2g, bielkoviny 8,8g, so\u013e 0,025g.<\/p>\n<p>Krajina p\u00f4vodu: Taliansko.<\/p>\n<p><a href=\"http:\/\/www.vannuccichocolates.com\" target=\"_blank\" rel=\"noopener noreferrer\"><br \/>\n<img decoding=\"async\" src=\"https:\/\/www.positivitee.sk\/img\/Vannucci\/vann1_300x300.png\" alt=\"Vannucci il Cioccolato\" \/><br \/>\n<\/a><\/p>\n","protected":false},"excerpt":{"rendered":"<p><code>193-193-Bouquet TENERI ASSORTITI, 150 g.<\/code>\u00a0TENERI ASSORTITI, 150 g.<\/p>\n","protected":false},"featured_media":5511,"template":"","meta":{"jetpack_post_was_ever_published":false,"jetpack_publicize_message":"","jetpack_publicize_feature_enabled":true,"jetpack_social_post_already_shared":true,"jetpack_social_options":{"image_generator_settings":{"template":"highway","default_image_id":0,"font":"","enabled":false},"version":2}},"product_brand":[],"product_cat":[41],"product_tag":[],"class_list":{"0":"post-5510","1":"product","2":"type-product","3":"status-publish","4":"has-post-thumbnail","6":"product_cat-vannucci-il-cioccolato","8":"first","9":"instock","10":"shipping-taxable","11":"purchasable","12":"product-type-simple"},"jetpack_publicize_connections":[],"jetpack_sharing_enabled":true,"_links":{"self":[{"href":"https:\/\/www.positivitee.sk\/index.php\/wp-json\/wp\/v2\/product\/5510","targetHints":{"allow":["GET"]}}],"collection":[{"href":"https:\/\/www.positivitee.sk\/index.php\/wp-json\/wp\/v2\/product"}],"about":[{"href":"https:\/\/www.positivitee.sk\/index.php\/wp-json\/wp\/v2\/types\/product"}],"wp:featuredmedia":[{"embeddable":true,"href":"https:\/\/www.positivitee.sk\/index.php\/wp-json\/wp\/v2\/media\/5511"}],"wp:attachment":[{"href":"https:\/\/www.positivitee.sk\/index.php\/wp-json\/wp\/v2\/media?parent=5510"}],"wp:term":[{"taxonomy":"product_brand","embeddable":true,"href":"https:\/\/www.positivitee.sk\/index.php\/wp-json\/wp\/v2\/product_brand?post=5510"},{"taxonomy":"product_cat","embeddable":true,"href":"https:\/\/www.positivitee.sk\/index.php\/wp-json\/wp\/v2\/product_cat?post=5510"},{"taxonomy":"product_tag","embeddable":true,"href":"https:\/\/www.positivitee.sk\/index.php\/wp-json\/wp\/v2\/product_tag?post=5510"}],"curies":[{"name":"wp","href":"https:\/\/api.w.org\/{rel}","templated":true}]}}