{"id":5555,"date":"2022-11-26T09:08:21","date_gmt":"2022-11-26T09:08:21","guid":{"rendered":"https:\/\/www.positivitee.sk\/?post_type=product&#038;p=5555"},"modified":"2023-04-14T11:36:48","modified_gmt":"2023-04-14T11:36:48","slug":"premium-tea-china-green-mao-feng","status":"publish","type":"product","link":"https:\/\/www.positivitee.sk\/index.php\/product\/premium-tea-china-green-mao-feng\/","title":{"rendered":"Premium Tea &#8211;  China Green Mao Feng, 100 g"},"content":{"rendered":"<p>2391 China Green Mao Feng, 100 g<\/p>\n<p><img decoding=\"async\" src=\"https:\/\/www.positivitee.sk\/wp-content\/uploads\/2022\/11\/22843-324x324.gif\" \/><\/p>\n<p><span style=\"font-size: xx-small;\">\u00a0<\/span><\/p>\n<p>&nbsp;<\/p>\n<p>Prekr\u00e1sne spracovan\u00fd zelen\u00fd \u010daj s \u010c\u00edny so zato\u010dern\u00fdmi l\u00edstkami a mno\u017esvom svetl\u00fdch \u0161pi\u010diek.<\/p>\n<p>N\u00e1poj zlato\u017eltej farby, \u013eahk\u00e1 pr\u00edjemn\u00e1 chu\u0165. Sofistikovan\u00e1 dochu\u0165 s n\u00e1znakom horkosti.<\/p>\n<p>Zlo\u017eenie: \u010d\u00ednsky zelen\u00fd \u010daj<\/p>\n<p>Pr\u00edprava: 1 \u010dajov\u00fa ly\u017ei\u010dku (2g) \u010daju zalejeme 2,5dl vody 80\u00b0C. L\u00fahujte 2 minuty. Odpor\u00fa\u010dame minim\u00e1lne\u00a0 dva n\u00e1levy a dodr\u017eiavanie tepl\u00f4t.<\/p>\n","protected":false},"excerpt":{"rendered":"<p>2391 China Green Mao Feng, 100 g<\/p>\n","protected":false},"featured_media":5556,"template":"","meta":{"jetpack_post_was_ever_published":false,"jetpack_publicize_message":"","jetpack_publicize_feature_enabled":true,"jetpack_social_post_already_shared":true,"jetpack_social_options":{"image_generator_settings":{"template":"highway","default_image_id":0,"font":"","enabled":false},"version":2}},"product_brand":[],"product_cat":[50,70],"product_tag":[],"class_list":{"0":"post-5555","1":"product","2":"type-product","3":"status-publish","4":"has-post-thumbnail","6":"product_cat-premium-caje","7":"product_cat-zelene","9":"first","10":"instock","11":"shipping-taxable","12":"purchasable","13":"product-type-simple"},"jetpack_publicize_connections":[],"jetpack_sharing_enabled":true,"_links":{"self":[{"href":"https:\/\/www.positivitee.sk\/index.php\/wp-json\/wp\/v2\/product\/5555","targetHints":{"allow":["GET"]}}],"collection":[{"href":"https:\/\/www.positivitee.sk\/index.php\/wp-json\/wp\/v2\/product"}],"about":[{"href":"https:\/\/www.positivitee.sk\/index.php\/wp-json\/wp\/v2\/types\/product"}],"wp:featuredmedia":[{"embeddable":true,"href":"https:\/\/www.positivitee.sk\/index.php\/wp-json\/wp\/v2\/media\/5556"}],"wp:attachment":[{"href":"https:\/\/www.positivitee.sk\/index.php\/wp-json\/wp\/v2\/media?parent=5555"}],"wp:term":[{"taxonomy":"product_brand","embeddable":true,"href":"https:\/\/www.positivitee.sk\/index.php\/wp-json\/wp\/v2\/product_brand?post=5555"},{"taxonomy":"product_cat","embeddable":true,"href":"https:\/\/www.positivitee.sk\/index.php\/wp-json\/wp\/v2\/product_cat?post=5555"},{"taxonomy":"product_tag","embeddable":true,"href":"https:\/\/www.positivitee.sk\/index.php\/wp-json\/wp\/v2\/product_tag?post=5555"}],"curies":[{"name":"wp","href":"https:\/\/api.w.org\/{rel}","templated":true}]}}