{"id":5558,"date":"2022-11-26T09:35:16","date_gmt":"2022-11-26T09:35:16","guid":{"rendered":"https:\/\/www.positivitee.sk\/?post_type=product&#038;p=5558"},"modified":"2022-11-26T09:41:20","modified_gmt":"2022-11-26T09:41:20","slug":"premium-tea-cina-mao-jian-100g","status":"publish","type":"product","link":"https:\/\/www.positivitee.sk\/index.php\/product\/premium-tea-cina-mao-jian-100g\/","title":{"rendered":"Premium Tea &#8211; \u010c\u00edna Mao Jian, 100g"},"content":{"rendered":"<p>3721 \u010c\u00edna Mao Jian, 100g<\/p>\n<p><img decoding=\"async\" src=\"https:\/\/www.positivitee.sk\/wp-content\/uploads\/2022\/11\/21006-324x324.jpg\" \/><\/p>\n<p>&nbsp;<\/p>\n<p>Skvel\u00fd Chun Mao Jian zo z\u00e1hrady pri jazere Qiao Dao v \u010d\u00ednskej provincii Zhejiang. Kr\u00e1sne spracovan\u00e9 drobn\u00e9 hladk\u00fd l\u00edsky so strieborn\u00fdmi \u0161pi\u010dkami.<\/p>\n<p>Delik\u00e1tny a svie\u017ei zelen\u00fd n\u00e1lev.<\/p>\n<p>Zlo\u017eenie: \u010d\u00ednsky zelen\u00fd \u010daj<\/p>\n<p>Pr\u00edprava: 1 \u010dajov\u00fa ly\u017ei\u010dku (2g) \u010daju zalejeme 2,5dl vody 80\u00b0C. L\u00fahujte 2 minuty.<\/p>\n","protected":false},"excerpt":{"rendered":"<p>3721 \u010c\u00edna Mao Jian, 100g<\/p>\n","protected":false},"featured_media":5559,"template":"","meta":{"jetpack_post_was_ever_published":false,"jetpack_publicize_message":"","jetpack_publicize_feature_enabled":true,"jetpack_social_post_already_shared":true,"jetpack_social_options":{"image_generator_settings":{"template":"highway","default_image_id":0,"font":"","enabled":false},"version":2}},"product_brand":[],"product_cat":[50,70],"product_tag":[],"class_list":{"0":"post-5558","1":"product","2":"type-product","3":"status-publish","4":"has-post-thumbnail","6":"product_cat-premium-caje","7":"product_cat-zelene","9":"first","10":"instock","11":"shipping-taxable","12":"purchasable","13":"product-type-simple"},"jetpack_publicize_connections":[],"jetpack_sharing_enabled":true,"_links":{"self":[{"href":"https:\/\/www.positivitee.sk\/index.php\/wp-json\/wp\/v2\/product\/5558","targetHints":{"allow":["GET"]}}],"collection":[{"href":"https:\/\/www.positivitee.sk\/index.php\/wp-json\/wp\/v2\/product"}],"about":[{"href":"https:\/\/www.positivitee.sk\/index.php\/wp-json\/wp\/v2\/types\/product"}],"wp:featuredmedia":[{"embeddable":true,"href":"https:\/\/www.positivitee.sk\/index.php\/wp-json\/wp\/v2\/media\/5559"}],"wp:attachment":[{"href":"https:\/\/www.positivitee.sk\/index.php\/wp-json\/wp\/v2\/media?parent=5558"}],"wp:term":[{"taxonomy":"product_brand","embeddable":true,"href":"https:\/\/www.positivitee.sk\/index.php\/wp-json\/wp\/v2\/product_brand?post=5558"},{"taxonomy":"product_cat","embeddable":true,"href":"https:\/\/www.positivitee.sk\/index.php\/wp-json\/wp\/v2\/product_cat?post=5558"},{"taxonomy":"product_tag","embeddable":true,"href":"https:\/\/www.positivitee.sk\/index.php\/wp-json\/wp\/v2\/product_tag?post=5558"}],"curies":[{"name":"wp","href":"https:\/\/api.w.org\/{rel}","templated":true}]}}