{"id":5628,"date":"2023-04-17T11:27:31","date_gmt":"2023-04-17T11:27:31","guid":{"rendered":"https:\/\/www.positivitee.sk\/?post_type=product&#038;p=5628"},"modified":"2024-09-10T10:16:07","modified_gmt":"2024-09-10T10:16:07","slug":"premium-tea-biely-oothu","status":"publish","type":"product","link":"https:\/\/www.positivitee.sk\/index.php\/product\/premium-tea-biely-oothu\/","title":{"rendered":"Premium Tea &#8211; BIO BIELY OOTHU"},"content":{"rendered":"<p>1891 BIO BIELY OOTHU, 100g.<\/p>\n<div class=\"desc_short\"><\/div>\n<div class=\"zutaten\"><img decoding=\"async\" src=\"https:\/\/www.positivitee.sk\/wp-content\/uploads\/2023\/04\/oothu-1-300x300.jpg\" \/><\/div>\n<p>&nbsp;<\/p>\n<div class=\"icons\"><\/div>\n<div class=\"zutaten\">Biely, aromatick\u00fd \u010daj z Indie, ktor\u00fd nezaost\u00e1va za \u010d\u00ednskou kvalitou. Svetlo\u017elt\u00e1 \u0161\u00e1lka subt\u00edlnej ale\u00a0 opojnej ar\u00f3my.<\/div>\n<p>Zlo\u017eenie: indick\u00fd biely \u010daj<\/p>\n<p>Pr\u00edprava: 1 polievkov\u00fa ly\u017eicu (2g) \u010daju zalejeme 2,5dl vody 80\u00b0C. L\u00fahujte 2 minuty.<\/p>\n","protected":false},"excerpt":{"rendered":"<p>1891 BIO BIELY OOTHU, 100g.<\/p>\n","protected":false},"featured_media":5630,"template":"","meta":{"jetpack_post_was_ever_published":false,"jetpack_publicize_message":"","jetpack_publicize_feature_enabled":true,"jetpack_social_post_already_shared":true,"jetpack_social_options":{"image_generator_settings":{"template":"highway","default_image_id":0,"font":"","enabled":false},"version":2}},"product_brand":[],"product_cat":[71,50],"product_tag":[],"class_list":{"0":"post-5628","1":"product","2":"type-product","3":"status-publish","4":"has-post-thumbnail","6":"product_cat-biele","7":"product_cat-premium-caje","9":"first","10":"outofstock","11":"shipping-taxable","12":"purchasable","13":"product-type-simple"},"jetpack_publicize_connections":[],"jetpack_sharing_enabled":true,"_links":{"self":[{"href":"https:\/\/www.positivitee.sk\/index.php\/wp-json\/wp\/v2\/product\/5628","targetHints":{"allow":["GET"]}}],"collection":[{"href":"https:\/\/www.positivitee.sk\/index.php\/wp-json\/wp\/v2\/product"}],"about":[{"href":"https:\/\/www.positivitee.sk\/index.php\/wp-json\/wp\/v2\/types\/product"}],"wp:featuredmedia":[{"embeddable":true,"href":"https:\/\/www.positivitee.sk\/index.php\/wp-json\/wp\/v2\/media\/5630"}],"wp:attachment":[{"href":"https:\/\/www.positivitee.sk\/index.php\/wp-json\/wp\/v2\/media?parent=5628"}],"wp:term":[{"taxonomy":"product_brand","embeddable":true,"href":"https:\/\/www.positivitee.sk\/index.php\/wp-json\/wp\/v2\/product_brand?post=5628"},{"taxonomy":"product_cat","embeddable":true,"href":"https:\/\/www.positivitee.sk\/index.php\/wp-json\/wp\/v2\/product_cat?post=5628"},{"taxonomy":"product_tag","embeddable":true,"href":"https:\/\/www.positivitee.sk\/index.php\/wp-json\/wp\/v2\/product_tag?post=5628"}],"curies":[{"name":"wp","href":"https:\/\/api.w.org\/{rel}","templated":true}]}}