{"id":5631,"date":"2023-04-17T11:32:40","date_gmt":"2023-04-17T11:32:40","guid":{"rendered":"https:\/\/www.positivitee.sk\/?post_type=product&#038;p=5631"},"modified":"2025-10-23T12:38:31","modified_gmt":"2025-10-23T12:38:31","slug":"premium-tea-zeleny-zazvor-100g","status":"publish","type":"product","link":"https:\/\/www.positivitee.sk\/index.php\/product\/premium-tea-zeleny-zazvor-100g\/","title":{"rendered":"Premium Tea -ZELEN\u00dd Z\u00c1ZVOR 100g"},"content":{"rendered":"<p><code>1821 ZELEN\u00dd Z\u00c1ZVOR, 100g.<\/code><\/p>\n<p><img decoding=\"async\" src=\"https:\/\/www.positivitee.sk\/wp-content\/uploads\/2023\/04\/zeleny-zazvor-300x300.jpg\" \/><\/p>\n<p>Ostr\u00e9 indick\u00e9 pote\u0161enie. Zelen\u00fd \u010daj s k\u00faskami z\u00e1zvoru a z\u00e1zvorovou ar\u00f3mou.<\/p>\n<p>Zlo\u017eenie: indick\u00fd zelen\u00fd \u010daj, z\u00e1zvor,\u00a0 pirodn\u00e1 ar\u00f3ma z\u00e1zvoru<\/p>\n<p>Pr\u00edprava: 1 \u010dajov\u00fa ly\u017ei\u010dku (2g) \u010daju zalejeme 2,5dl vody 80\u00b0C. L\u00fahujte 2 minuty.<\/p>\n","protected":false},"excerpt":{"rendered":"<p><code>1821 ZELEN\u00dd Z\u00c1ZVOR, 100g.<\/code><\/p>\n","protected":false},"featured_media":5632,"template":"","meta":{"jetpack_post_was_ever_published":false,"jetpack_publicize_message":"","jetpack_publicize_feature_enabled":true,"jetpack_social_post_already_shared":true,"jetpack_social_options":{"image_generator_settings":{"template":"highway","default_image_id":0,"font":"","enabled":false},"version":2}},"product_brand":[],"product_cat":[50,70],"product_tag":[],"class_list":{"0":"post-5631","1":"product","2":"type-product","3":"status-publish","4":"has-post-thumbnail","6":"product_cat-premium-caje","7":"product_cat-zelene","9":"first","10":"instock","11":"shipping-taxable","12":"purchasable","13":"product-type-simple"},"jetpack_publicize_connections":[],"jetpack_sharing_enabled":true,"_links":{"self":[{"href":"https:\/\/www.positivitee.sk\/index.php\/wp-json\/wp\/v2\/product\/5631","targetHints":{"allow":["GET"]}}],"collection":[{"href":"https:\/\/www.positivitee.sk\/index.php\/wp-json\/wp\/v2\/product"}],"about":[{"href":"https:\/\/www.positivitee.sk\/index.php\/wp-json\/wp\/v2\/types\/product"}],"wp:featuredmedia":[{"embeddable":true,"href":"https:\/\/www.positivitee.sk\/index.php\/wp-json\/wp\/v2\/media\/5632"}],"wp:attachment":[{"href":"https:\/\/www.positivitee.sk\/index.php\/wp-json\/wp\/v2\/media?parent=5631"}],"wp:term":[{"taxonomy":"product_brand","embeddable":true,"href":"https:\/\/www.positivitee.sk\/index.php\/wp-json\/wp\/v2\/product_brand?post=5631"},{"taxonomy":"product_cat","embeddable":true,"href":"https:\/\/www.positivitee.sk\/index.php\/wp-json\/wp\/v2\/product_cat?post=5631"},{"taxonomy":"product_tag","embeddable":true,"href":"https:\/\/www.positivitee.sk\/index.php\/wp-json\/wp\/v2\/product_tag?post=5631"}],"curies":[{"name":"wp","href":"https:\/\/api.w.org\/{rel}","templated":true}]}}