{"id":566,"date":"2019-04-30T11:15:10","date_gmt":"2019-04-30T11:15:10","guid":{"rendered":"http:\/\/www.positivitee.sk\/?post_type=product&#038;p=566"},"modified":"2025-10-22T12:59:13","modified_gmt":"2025-10-22T12:59:13","slug":"premium-caje-zeleny-jasmin-100g","status":"publish","type":"product","link":"https:\/\/www.positivitee.sk\/index.php\/product\/premium-caje-zeleny-jasmin-100g\/","title":{"rendered":"Premium Tea &#8211; ZELEN\u00dd JASM\u00cdN, 100g"},"content":{"rendered":"<p><code>1711<\/code>ZELEN\u00dd JASM\u00cdN, 100g.<\/p>\n<p><img decoding=\"async\" src=\"https:\/\/www.positivitee.sk\/wp-content\/uploads\/2019\/04\/171-300x300.jpg\" \/><\/p>\n<p>Intenz\u00edvny zelen\u00fd \u010daj produkovan\u00fd tradi\u010dnou met\u00f3dou za pou\u017eitia \u010derstv\u00fdch jasm\u00ednov\u00fdch kvetov. \u013dahk\u00fd vo\u0148av\u00fd n\u00e1poj s typick\u00fdm charakterom jasm\u00ednu.<\/p>\n<p>Zlo\u017eenie: vietnamsk\u00fd zelen\u00fd \u010daj, kvety jasm\u00ednu.<\/p>\n<p>Pr\u00edprava: 1 \u010dajov\u00fa ly\u017ei\u010dku (2g) \u010daju zalejeme 2,5dl vody o teplote 80 &#8211; na 90\u00b0C. L\u00fahujte 2 a\u017e 3 min\u00faty.<\/p>\n","protected":false},"excerpt":{"rendered":"<p>1711 ZELEN\u00dd JASM\u00cdN, 100g.<\/p>\n","protected":false},"featured_media":4765,"template":"","meta":{"jetpack_post_was_ever_published":false,"jetpack_publicize_message":"","jetpack_publicize_feature_enabled":true,"jetpack_social_post_already_shared":true,"jetpack_social_options":{"image_generator_settings":{"template":"highway","default_image_id":0,"font":"","enabled":false},"version":2}},"product_brand":[],"product_cat":[50,70],"product_tag":[],"class_list":{"0":"post-566","1":"product","2":"type-product","3":"status-publish","4":"has-post-thumbnail","6":"product_cat-premium-caje","7":"product_cat-zelene","9":"first","10":"instock","11":"shipping-taxable","12":"purchasable","13":"product-type-simple"},"jetpack_publicize_connections":[],"jetpack_sharing_enabled":true,"_links":{"self":[{"href":"https:\/\/www.positivitee.sk\/index.php\/wp-json\/wp\/v2\/product\/566","targetHints":{"allow":["GET"]}}],"collection":[{"href":"https:\/\/www.positivitee.sk\/index.php\/wp-json\/wp\/v2\/product"}],"about":[{"href":"https:\/\/www.positivitee.sk\/index.php\/wp-json\/wp\/v2\/types\/product"}],"wp:featuredmedia":[{"embeddable":true,"href":"https:\/\/www.positivitee.sk\/index.php\/wp-json\/wp\/v2\/media\/4765"}],"wp:attachment":[{"href":"https:\/\/www.positivitee.sk\/index.php\/wp-json\/wp\/v2\/media?parent=566"}],"wp:term":[{"taxonomy":"product_brand","embeddable":true,"href":"https:\/\/www.positivitee.sk\/index.php\/wp-json\/wp\/v2\/product_brand?post=566"},{"taxonomy":"product_cat","embeddable":true,"href":"https:\/\/www.positivitee.sk\/index.php\/wp-json\/wp\/v2\/product_cat?post=566"},{"taxonomy":"product_tag","embeddable":true,"href":"https:\/\/www.positivitee.sk\/index.php\/wp-json\/wp\/v2\/product_tag?post=566"}],"curies":[{"name":"wp","href":"https:\/\/api.w.org\/{rel}","templated":true}]}}