{"id":570,"date":"2019-04-30T11:40:15","date_gmt":"2019-04-30T11:40:15","guid":{"rendered":"http:\/\/www.positivitee.sk\/?post_type=product&#038;p=570"},"modified":"2026-01-20T10:29:02","modified_gmt":"2026-01-20T10:29:02","slug":"premium-caje-earl-grey-royal-100g","status":"publish","type":"product","link":"https:\/\/www.positivitee.sk\/index.php\/product\/premium-caje-earl-grey-royal-100g\/","title":{"rendered":"Premium Tea &#8211; EARL GREY ROYAL, 100g"},"content":{"rendered":"<p><code>4211<\/code>EARL GREY ROYAL, 100g.<img decoding=\"async\" src=\"https:\/\/www.positivitee.sk\/img\/Premium\/00-04211_stamm_1.jpg\" alt=\"EARL GREY ROYAL\" \/><\/p>\n<p>Po dek\u00e1dy absol\u00fatna topka u na\u0161ej zna\u010dky. Kr\u00e1sna, vo\u0148av\u00e1 zmes \u010diern\u00e9ho \u010daju z Cejl\u00f3nu s najkvalitnej\u0161\u00edm talianskym bergamotom a lupe\u0148mi necht\u00edka.<\/p>\n<p>Zlo\u017eenie: cejl\u00f3nsky \u010dierny \u010daj, taliansk\u00fd bergamot, lupienky kvet\u00edn necht\u00edka<\/p>\n<p>Pr\u00edprava: 1 \u010dajov\u00fa ly\u017ei\u010dku (2g) \u010daju zalejeme 2,5dl vriacej vody. L\u00fahujte 3 a\u017e 5 min\u00fat.<\/p>\n","protected":false},"excerpt":{"rendered":"<p>4211 EARL GREY ROYAL, 100g.<\/p>\n","protected":false},"featured_media":571,"template":"","meta":{"jetpack_post_was_ever_published":false,"jetpack_publicize_message":"","jetpack_publicize_feature_enabled":true,"jetpack_social_post_already_shared":true,"jetpack_social_options":{"image_generator_settings":{"template":"highway","default_image_id":0,"font":"","enabled":false},"version":2}},"product_brand":[],"product_cat":[50,69],"product_tag":[],"class_list":{"0":"post-570","1":"product","2":"type-product","3":"status-publish","4":"has-post-thumbnail","6":"product_cat-premium-caje","7":"product_cat-cierne","9":"first","10":"instock","11":"shipping-taxable","12":"purchasable","13":"product-type-simple"},"jetpack_publicize_connections":[],"jetpack_sharing_enabled":true,"_links":{"self":[{"href":"https:\/\/www.positivitee.sk\/index.php\/wp-json\/wp\/v2\/product\/570","targetHints":{"allow":["GET"]}}],"collection":[{"href":"https:\/\/www.positivitee.sk\/index.php\/wp-json\/wp\/v2\/product"}],"about":[{"href":"https:\/\/www.positivitee.sk\/index.php\/wp-json\/wp\/v2\/types\/product"}],"wp:featuredmedia":[{"embeddable":true,"href":"https:\/\/www.positivitee.sk\/index.php\/wp-json\/wp\/v2\/media\/571"}],"wp:attachment":[{"href":"https:\/\/www.positivitee.sk\/index.php\/wp-json\/wp\/v2\/media?parent=570"}],"wp:term":[{"taxonomy":"product_brand","embeddable":true,"href":"https:\/\/www.positivitee.sk\/index.php\/wp-json\/wp\/v2\/product_brand?post=570"},{"taxonomy":"product_cat","embeddable":true,"href":"https:\/\/www.positivitee.sk\/index.php\/wp-json\/wp\/v2\/product_cat?post=570"},{"taxonomy":"product_tag","embeddable":true,"href":"https:\/\/www.positivitee.sk\/index.php\/wp-json\/wp\/v2\/product_tag?post=570"}],"curies":[{"name":"wp","href":"https:\/\/api.w.org\/{rel}","templated":true}]}}