{"id":572,"date":"2019-04-30T11:48:27","date_gmt":"2019-04-30T11:48:27","guid":{"rendered":"http:\/\/www.positivitee.sk\/?post_type=product&#038;p=572"},"modified":"2024-10-28T13:59:48","modified_gmt":"2024-10-28T13:59:48","slug":"premium-caje","status":"publish","type":"product","link":"https:\/\/www.positivitee.sk\/index.php\/product\/premium-caje\/","title":{"rendered":"Premium Tea &#8211; ROOIBOS ECHINACEA &#038; ALOE VERA, 100g"},"content":{"rendered":"<p><code>6811<\/code>ROOIBOS ECHINACEA &amp; ALOE VERA, 100g.<img decoding=\"async\" src=\"https:\/\/www.positivitee.sk\/img\/Premium\/00-06811_stamm_1.jpg\" alt=\"ROOIBOS ECHINACEA &amp; ALOE VERA\" \/><\/p>\n<p>Kr\u00e1sna, harmonick\u00e1 zmes rooibosu, medovky, jab\u013ak, anan\u00e1su, \u0161\u00edpok, sladk\u00e9ho drievka, jablkovej m\u00e4ty, echinacei a aloe vera. Svie\u017ei a sladk\u00fd z\u00e1rove\u0148. Svojim unik\u00e1tnym zlo\u017een\u00edm potl\u00e1\u010da chu\u0165 na sladk\u00e9.<\/p>\n<p>Zlo\u017eenie: zelen\u00fd rooibos, medovka, k\u00fasky jab\u013ak, k\u00fasky anan\u00e1su (anan\u00e1s, cukor, kyselina citr\u00f3nov\u00e1), \u0161\u00edpky, ar\u00f3ma, sladk\u00e9 drievko, jablkov\u00e1 m\u00e4ta, echinacea, k\u00fasky aloe vera (aloe vera g\u00e9l, cukor, kyselina citr\u00f3nov\u00e1)<\/p>\n<p>Pr\u00edprava: 1 \u010dajov\u00fa ly\u017ei\u010dku (2g) \u010daju zalejeme 2,5dl vriacej vody. L\u00fahujte 5 a\u017e 8 min\u00fat.<\/p>\n","protected":false},"excerpt":{"rendered":"<p>6811 ROOIBOS ECHINACEA &amp; ALOE VERA, 100g.<\/p>\n","protected":false},"featured_media":573,"template":"","meta":{"jetpack_post_was_ever_published":false,"jetpack_publicize_message":"","jetpack_publicize_feature_enabled":true,"jetpack_social_post_already_shared":true,"jetpack_social_options":{"image_generator_settings":{"template":"highway","default_image_id":0,"font":"","enabled":false},"version":2}},"product_brand":[],"product_cat":[50,73],"product_tag":[],"class_list":{"0":"post-572","1":"product","2":"type-product","3":"status-publish","4":"has-post-thumbnail","6":"product_cat-premium-caje","7":"product_cat-rooibos","9":"first","10":"instock","11":"shipping-taxable","12":"purchasable","13":"product-type-simple"},"jetpack_publicize_connections":[],"jetpack_sharing_enabled":true,"_links":{"self":[{"href":"https:\/\/www.positivitee.sk\/index.php\/wp-json\/wp\/v2\/product\/572","targetHints":{"allow":["GET"]}}],"collection":[{"href":"https:\/\/www.positivitee.sk\/index.php\/wp-json\/wp\/v2\/product"}],"about":[{"href":"https:\/\/www.positivitee.sk\/index.php\/wp-json\/wp\/v2\/types\/product"}],"wp:featuredmedia":[{"embeddable":true,"href":"https:\/\/www.positivitee.sk\/index.php\/wp-json\/wp\/v2\/media\/573"}],"wp:attachment":[{"href":"https:\/\/www.positivitee.sk\/index.php\/wp-json\/wp\/v2\/media?parent=572"}],"wp:term":[{"taxonomy":"product_brand","embeddable":true,"href":"https:\/\/www.positivitee.sk\/index.php\/wp-json\/wp\/v2\/product_brand?post=572"},{"taxonomy":"product_cat","embeddable":true,"href":"https:\/\/www.positivitee.sk\/index.php\/wp-json\/wp\/v2\/product_cat?post=572"},{"taxonomy":"product_tag","embeddable":true,"href":"https:\/\/www.positivitee.sk\/index.php\/wp-json\/wp\/v2\/product_tag?post=572"}],"curies":[{"name":"wp","href":"https:\/\/api.w.org\/{rel}","templated":true}]}}