{"id":5734,"date":"2023-10-21T07:17:15","date_gmt":"2023-10-21T07:17:15","guid":{"rendered":"https:\/\/www.positivitee.sk\/?post_type=product&#038;p=5734"},"modified":"2025-10-22T11:43:39","modified_gmt":"2025-10-22T11:43:39","slug":"dolfin-tmava-cokolada-s-kesu-orechami","status":"publish","type":"product","link":"https:\/\/www.positivitee.sk\/index.php\/product\/dolfin-tmava-cokolada-s-kesu-orechami\/","title":{"rendered":"Dolfin &#8211; Tmav\u00e1 \u010dokol\u00e1da s ke\u0161u orechami, 70g"},"content":{"rendered":"<p><code>DO5027<\/code><span style=\"font-size: medium;\"><span lang=\"sk-SK\">Tmav\u00e1 \u010dokol\u00e1da s ke\u0161u <img decoding=\"async\" src=\"https:\/\/www.positivitee.sk\/wp-content\/uploads\/2023\/10\/kesu-dolfin.png\" \/><\/span><\/span><\/p>\n<p>&nbsp;<\/p>\n<p>Min. obsah kakaa: tmav\u00e1 60%.<\/p>\n<p class=\"western\">Zlo\u017eenie: kakaov\u00e1 hmota, cukor, karamelizovan\u00e9 KE\u0160U ORECHY 10 %<span lang=\"en-GB\">\u00a0(KE\u0160U ORECHY<\/span>, cukor, karamel, so\u013e<span lang=\"en-GB\">)<\/span>\u00a0kakaov\u00e9 maslo, emulg\u00e1tor:\u00a0<b>S\u00d3JOV\u00dd<\/b>\u00a0lecit\u00edn, pr\u00edrodn\u00e1\u00a0 vanilkov\u00e1 ar\u00f3ma<\/p>\n<p class=\"western\" lang=\"en-US\"><span lang=\"sk-SK\">M\u00f4\u017ee obsahova\u0165 stopy\u00a0<\/span><span lang=\"sk-SK\"><b>ORECHOV, P\u0160ENICE, MLIEKA, VAJ.BIELKOV a S\u00c9ZAMU<\/b><\/span><span lang=\"sk-SK\">.<\/span><\/p>\n<p>Krajina p\u00f4vodu: Belgicko.<\/p>\n<p><a href=\"http:\/\/www.dolfin.be\/\" target=\"_blank\" rel=\"noopener noreferrer\"><br \/>\n<img decoding=\"async\" src=\"https:\/\/www.positivitee.sk\/img\/Dolfin\/dolfin_logo_7.jpg\" alt=\"Dolfin - The Art of Blending\" \/><br \/>\n<\/a><\/p>\n","protected":false},"excerpt":{"rendered":"<p><code>DO5027<\/code><span style=\"font-size: medium;\"><span lang=\"sk-SK\">Tmav\u00e1 \u010dokol\u00e1da s ke\u0161u orechami, 70g<\/span><\/span><\/p>\n","protected":false},"featured_media":5737,"template":"","meta":{"jetpack_post_was_ever_published":false,"jetpack_publicize_message":"","jetpack_publicize_feature_enabled":true,"jetpack_social_post_already_shared":true,"jetpack_social_options":{"image_generator_settings":{"template":"highway","default_image_id":0,"font":"","enabled":false},"version":2}},"product_brand":[],"product_cat":[40],"product_tag":[],"class_list":{"0":"post-5734","1":"product","2":"type-product","3":"status-publish","4":"has-post-thumbnail","6":"product_cat-rucne-robene-cukrovinky-z-belgicka","8":"first","9":"instock","10":"featured","11":"shipping-taxable","12":"purchasable","13":"product-type-simple"},"jetpack_publicize_connections":[],"jetpack_sharing_enabled":true,"_links":{"self":[{"href":"https:\/\/www.positivitee.sk\/index.php\/wp-json\/wp\/v2\/product\/5734","targetHints":{"allow":["GET"]}}],"collection":[{"href":"https:\/\/www.positivitee.sk\/index.php\/wp-json\/wp\/v2\/product"}],"about":[{"href":"https:\/\/www.positivitee.sk\/index.php\/wp-json\/wp\/v2\/types\/product"}],"wp:featuredmedia":[{"embeddable":true,"href":"https:\/\/www.positivitee.sk\/index.php\/wp-json\/wp\/v2\/media\/5737"}],"wp:attachment":[{"href":"https:\/\/www.positivitee.sk\/index.php\/wp-json\/wp\/v2\/media?parent=5734"}],"wp:term":[{"taxonomy":"product_brand","embeddable":true,"href":"https:\/\/www.positivitee.sk\/index.php\/wp-json\/wp\/v2\/product_brand?post=5734"},{"taxonomy":"product_cat","embeddable":true,"href":"https:\/\/www.positivitee.sk\/index.php\/wp-json\/wp\/v2\/product_cat?post=5734"},{"taxonomy":"product_tag","embeddable":true,"href":"https:\/\/www.positivitee.sk\/index.php\/wp-json\/wp\/v2\/product_tag?post=5734"}],"curies":[{"name":"wp","href":"https:\/\/api.w.org\/{rel}","templated":true}]}}