{"id":5738,"date":"2023-10-21T07:26:43","date_gmt":"2023-10-21T07:26:43","guid":{"rendered":"https:\/\/www.positivitee.sk\/?post_type=product&#038;p=5738"},"modified":"2025-10-22T11:43:07","modified_gmt":"2025-10-22T11:43:07","slug":"dolfin-tmava-cokolada-s-brusnicami-a-restovanymi-semienkami","status":"publish","type":"product","link":"https:\/\/www.positivitee.sk\/index.php\/product\/dolfin-tmava-cokolada-s-brusnicami-a-restovanymi-semienkami\/","title":{"rendered":"Dolfin &#8211; Tmav\u00e1  \u010dokol\u00e1da s brusnicami a restovan\u00fdmi semienkami, 70g"},"content":{"rendered":"<p><code>DO5035<\/code>Tmav\u00e1\u00a0 \u010dokol\u00e1da s brusnicami a restovan\u00fdmi semienkami, 70g<\/p>\n<p><span style=\"font-size: medium;\"><span lang=\"sk-SK\"><img decoding=\"async\" src=\"https:\/\/www.positivitee.sk\/wp-content\/uploads\/2023\/10\/brusnice-dolfin.png\" \/><\/span><\/span><\/p>\n<p>Min. obsah kakaa: tmav\u00e1 60%.<\/p>\n<p class=\"western\">Zlo\u017eenie: kakaov\u00e1 hmota, cukor, brusnice 6%<span lang=\"en-GB\"> ,\u00a0 zmes semie 3%( karamelizovan\u00e9 zekvicov\u00e9 a quinoa semienka (tekvicov\u00e9 a quinoa semienka, cukor), S\u00c9ZAM),<\/span> kakaov\u00e9 maslo, emulg\u00e1tor:\u00a0<b>S\u00d3JOV\u00dd<\/b>\u00a0lecit\u00edn, pr\u00edrodn\u00e1\u00a0 vanilkov\u00e1 ar\u00f3ma<\/p>\n<p class=\"western\" lang=\"en-US\"><span lang=\"sk-SK\">M\u00f4\u017ee obsahova\u0165 stopy\u00a0<\/span><span lang=\"sk-SK\"><b>ORECHOV, P\u0160ENICE, MLIEKA, VAJ.BIELKOV<\/b><\/span><span lang=\"sk-SK\">.<\/span><\/p>\n<p class=\"western\">.<\/p>\n<p>Krajina p\u00f4vodu: Belgicko.<\/p>\n<p><a href=\"http:\/\/www.dolfin.be\/\" target=\"_blank\" rel=\"noopener noreferrer\"><br \/>\n<img decoding=\"async\" src=\"https:\/\/www.positivitee.sk\/img\/Dolfin\/dolfin_logo_7.jpg\" alt=\"Dolfin - The Art of Blending\" \/><br \/>\n<\/a><\/p>\n","protected":false},"excerpt":{"rendered":"<p><code>DO5035<\/code>Tmav\u00e1\u00a0 \u010dokol\u00e1da s brusnicami a restovan\u00fdmi semienkami, 70g<\/p>\n","protected":false},"featured_media":5739,"template":"","meta":{"jetpack_post_was_ever_published":false,"jetpack_publicize_message":"","jetpack_publicize_feature_enabled":true,"jetpack_social_post_already_shared":true,"jetpack_social_options":{"image_generator_settings":{"template":"highway","default_image_id":0,"font":"","enabled":false},"version":2}},"product_brand":[],"product_cat":[40],"product_tag":[],"class_list":{"0":"post-5738","1":"product","2":"type-product","3":"status-publish","4":"has-post-thumbnail","6":"product_cat-rucne-robene-cukrovinky-z-belgicka","8":"first","9":"instock","10":"featured","11":"shipping-taxable","12":"purchasable","13":"product-type-simple"},"jetpack_publicize_connections":[],"jetpack_sharing_enabled":true,"_links":{"self":[{"href":"https:\/\/www.positivitee.sk\/index.php\/wp-json\/wp\/v2\/product\/5738","targetHints":{"allow":["GET"]}}],"collection":[{"href":"https:\/\/www.positivitee.sk\/index.php\/wp-json\/wp\/v2\/product"}],"about":[{"href":"https:\/\/www.positivitee.sk\/index.php\/wp-json\/wp\/v2\/types\/product"}],"wp:featuredmedia":[{"embeddable":true,"href":"https:\/\/www.positivitee.sk\/index.php\/wp-json\/wp\/v2\/media\/5739"}],"wp:attachment":[{"href":"https:\/\/www.positivitee.sk\/index.php\/wp-json\/wp\/v2\/media?parent=5738"}],"wp:term":[{"taxonomy":"product_brand","embeddable":true,"href":"https:\/\/www.positivitee.sk\/index.php\/wp-json\/wp\/v2\/product_brand?post=5738"},{"taxonomy":"product_cat","embeddable":true,"href":"https:\/\/www.positivitee.sk\/index.php\/wp-json\/wp\/v2\/product_cat?post=5738"},{"taxonomy":"product_tag","embeddable":true,"href":"https:\/\/www.positivitee.sk\/index.php\/wp-json\/wp\/v2\/product_tag?post=5738"}],"curies":[{"name":"wp","href":"https:\/\/api.w.org\/{rel}","templated":true}]}}