{"id":5742,"date":"2023-10-21T09:15:18","date_gmt":"2023-10-21T09:15:18","guid":{"rendered":"https:\/\/www.positivitee.sk\/?post_type=product&#038;p=5742"},"modified":"2023-10-21T09:28:24","modified_gmt":"2023-10-21T09:28:24","slug":"vianoce-bio-quick-t-adventkalendar","status":"publish","type":"product","link":"https:\/\/www.positivitee.sk\/index.php\/product\/vianoce-bio-quick-t-adventkalendar\/","title":{"rendered":"Vianoce &#8211; BIO Quick-T\u00ae Adventkalender"},"content":{"rendered":"<p><strong>24-09482 BIO Quick-T\u00ae Adventkalender, 24 vreckov\u00fdch \u010dajov<\/strong><\/p>\n<p>Rozmer krabi\u010dky 16,3 cm v\u00fd\u0161ka, 7,5cm \u0161\u00edrka, 6,6cm h\u013abka a 22,2cm<\/p>\n<p><img decoding=\"async\" src=\"https:\/\/www.positivitee.sk\/wp-content\/uploads\/2023\/10\/385516052_199514476502394_6563563703782960041_n-324x324.png\" \/><\/p>\n<p><strong>BIO Quick-T\u00ae Selection obsahuje 24 BIO Quick-T\u00ae \u010dajov\u00fdch vrec\u00e1k: <\/strong><\/p>\n<p>2 x BIO Quick-T\u00ae Assam Zlo\u017eenie: \u010dierny \u010daj<\/p>\n<p>2 x BIO Quick-T\u00ae English Breakfast Zlo\u017eenie: \u010dierny \u010daj*<\/p>\n<p>2 x BIO Quick-T\u00ae Earl Grey (aromatizovan\u00fd \u010dierny \u010daj *) Zlo\u017eenie: \u010dierny \u010daj*, pr\u00edrodn\u00e1 ar\u00f3ma<\/p>\n<p>2 x BIO Quick-T\u00ae Green Jasmin Zlo\u017eenie: zelen\u00fd \u010daj, pr\u00edrodn\u00e1 ar\u00f3ma*<\/p>\n<p>2 x BIO Quick-T\u00ae Pure Green\u00a0 Zlo\u017eenie: zelen\u00fd \u010daj*<\/p>\n<p>2 x BIO Quick-T\u00ae Red Orange (aromatizovan\u00fd ovocn\u00fd \u010daj*) Zlo\u017eenie: k\u00fasky jab\u013ak*, ibi\u0161tek*, \u0161\u00edpky*, citrusov\u00e1 k\u00f4ra*, pr\u00edrodn\u00e1 ar\u00f3ma, pr\u00edrodn\u00fd pomaran\u010dov\u00fd olej*, kyselina citr\u00f3nov\u00e1.<\/p>\n<p>2 x BIO Quick-T\u00ae Waldfr\u00fcchte-Cocktail (aromatizovan\u00fd ovocn\u00fd \u010daj*) Zlo\u017eenie: k\u00fasky jab\u013ak*, ibi\u0161tek*, pomaran\u010dov\u00e1 k\u00f4ra*, \u0161\u00edpky*, pr\u00edrodn\u00e1 ovocn\u00e1 ar\u00f3ma, pl\u00e1tky mal\u00edn*, jahodov\u00fd granul\u00e1t*, plody bazy*<\/p>\n<p>2 x BIO Quick-T\u00ae Kamille Zlo\u017eenie: kamilky*<\/p>\n<p>2 x BIO Quick-T\u00ae Kr\u00e4utergeheimnis Zlo\u017eenie: m\u00e4ta pieporn\u00e1*, rooibos*, fenikel*, \u010dernicov\u00e9 listy*, verbena*, citr\u00f3nov\u00e1 tr\u00e1va*, kamilky*, medovka*, lipov\u00fd kvet*.<\/p>\n<p>2 x BIO Quick-T\u00ae Pfefferminze Zlo\u017eenie: m\u00e4ta pieporn\u00e1*<\/p>\n<p>2 x BIO Quick-T\u00ae Rooibos Classic Zlo\u017eenie: rooibos*<\/p>\n<p>2 x BIO Quick-T\u00ae Rooibos Oriental Night (aromatizovan\u00fd rooibos) Zlo\u017eenie: Rooibostee*, sladk\u00e9 drievko*, \u0161korica*, pr\u00edrodna ar\u00f3ma korenin, klin\u010deky*, olej koren\u00edn*, extrakt Bourbon vanilky*<\/p>\n<p>*z biologick\u00e9ho pestovania rastl\u00edn<\/p>\n<p>\u010cist\u00e1 hmotnos\u0165 : 49g<\/p>\n<p>&nbsp;<\/p>\n<p>&nbsp;<\/p>\n","protected":false},"excerpt":{"rendered":"<h4>24-09482 BIO Quick-T\u00ae Adventkalender, 24 vreckov\u00fdch \u010dajov<\/h4>\n","protected":false},"featured_media":5745,"template":"","meta":{"jetpack_post_was_ever_published":false,"jetpack_publicize_message":"","jetpack_publicize_feature_enabled":true,"jetpack_social_post_already_shared":true,"jetpack_social_options":{"image_generator_settings":{"template":"highway","default_image_id":0,"font":"","enabled":false},"version":2}},"product_brand":[],"product_cat":[115],"product_tag":[],"class_list":{"0":"post-5742","1":"product","2":"type-product","3":"status-publish","4":"has-post-thumbnail","6":"product_cat-vianoce","8":"first","9":"instock","10":"featured","11":"shipping-taxable","12":"purchasable","13":"product-type-simple"},"jetpack_publicize_connections":[],"jetpack_sharing_enabled":true,"_links":{"self":[{"href":"https:\/\/www.positivitee.sk\/index.php\/wp-json\/wp\/v2\/product\/5742","targetHints":{"allow":["GET"]}}],"collection":[{"href":"https:\/\/www.positivitee.sk\/index.php\/wp-json\/wp\/v2\/product"}],"about":[{"href":"https:\/\/www.positivitee.sk\/index.php\/wp-json\/wp\/v2\/types\/product"}],"wp:featuredmedia":[{"embeddable":true,"href":"https:\/\/www.positivitee.sk\/index.php\/wp-json\/wp\/v2\/media\/5745"}],"wp:attachment":[{"href":"https:\/\/www.positivitee.sk\/index.php\/wp-json\/wp\/v2\/media?parent=5742"}],"wp:term":[{"taxonomy":"product_brand","embeddable":true,"href":"https:\/\/www.positivitee.sk\/index.php\/wp-json\/wp\/v2\/product_brand?post=5742"},{"taxonomy":"product_cat","embeddable":true,"href":"https:\/\/www.positivitee.sk\/index.php\/wp-json\/wp\/v2\/product_cat?post=5742"},{"taxonomy":"product_tag","embeddable":true,"href":"https:\/\/www.positivitee.sk\/index.php\/wp-json\/wp\/v2\/product_tag?post=5742"}],"curies":[{"name":"wp","href":"https:\/\/api.w.org\/{rel}","templated":true}]}}