{"id":5757,"date":"2023-10-31T14:01:54","date_gmt":"2023-10-31T14:01:54","guid":{"rendered":"https:\/\/www.positivitee.sk\/?post_type=product&#038;p=5757"},"modified":"2025-10-23T18:59:47","modified_gmt":"2025-10-23T18:59:47","slug":"dolfin-cokoladove-lupienky-horuca-cokolada-77-200g","status":"publish","type":"product","link":"https:\/\/www.positivitee.sk\/index.php\/product\/dolfin-cokoladove-lupienky-horuca-cokolada-77-200g\/","title":{"rendered":"Dolfin &#8211; \u010cokol\u00e1dov\u00e9 lupienky\/ hor\u00faca \u010dokol\u00e1da 77%, 200g"},"content":{"rendered":"<p><code>DO1151<\/code>\u010cokol\u00e1dov\u00e9 lupienky\/ hor\u00faca \u010dokol\u00e1da, obsah kakaa 77%, 200g.<\/p>\n<p><img decoding=\"async\" src=\"https:\/\/www.positivitee.sk\/wp-content\/uploads\/2023\/10\/DO1151_face-324x324.jpg\" \/><\/p>\n<p>Ide\u00e1lne na pr\u00edpravu hor\u00facej \u010dokol\u00e1dy, \u010dokol\u00e1dovej peny a ob\u013e\u00faben\u00fdch \u010dokol\u00e1dov\u00fd z\u00e1kuskov.<\/p>\n<p>Zlo\u017eenie: kakaov\u00e1 hmota, cukor, kakaov\u00e9 maslo. Min obsah kakaa: 77%.<\/p>\n<p>Alerg\u00e9ny: M\u00f4\u017ee obsahova\u0165 stopy <strong>orechov<\/strong>, <strong>p\u0161enice<\/strong>, <strong>mlieka, s\u00f3je<\/strong>\u00a0a <strong>vaj\u00ed\u010dok<\/strong>.<\/p>\n<p>Krajina p\u00f4vodu: Belgicko.<\/p>\n<p><a href=\"http:\/\/www.dolfin.be\/\" target=\"_blank\" rel=\"noopener noreferrer\"><br \/>\n<img decoding=\"async\" src=\"https:\/\/www.positivitee.sk\/img\/Dolfin\/dolfin_logo_7.jpg\" alt=\"Dolfin - The Art of Blending\" \/><br \/>\n<\/a><\/p>\n","protected":false},"excerpt":{"rendered":"<p><code>DO1151<\/code>\u010cokol\u00e1dov\u00e9 lupienky\/ hor\u00faca \u010dokol\u00e1da, obsah kakaa 77%, 200g.<\/p>\n","protected":false},"featured_media":5758,"template":"","meta":{"jetpack_post_was_ever_published":false,"jetpack_publicize_message":"","jetpack_publicize_feature_enabled":true,"jetpack_social_post_already_shared":true,"jetpack_social_options":{"image_generator_settings":{"template":"highway","default_image_id":0,"font":"","enabled":false},"version":2}},"product_brand":[],"product_cat":[40],"product_tag":[],"class_list":{"0":"post-5757","1":"product","2":"type-product","3":"status-publish","4":"has-post-thumbnail","6":"product_cat-rucne-robene-cukrovinky-z-belgicka","8":"first","9":"instock","10":"shipping-taxable","11":"purchasable","12":"product-type-simple"},"jetpack_publicize_connections":[],"jetpack_sharing_enabled":true,"_links":{"self":[{"href":"https:\/\/www.positivitee.sk\/index.php\/wp-json\/wp\/v2\/product\/5757","targetHints":{"allow":["GET"]}}],"collection":[{"href":"https:\/\/www.positivitee.sk\/index.php\/wp-json\/wp\/v2\/product"}],"about":[{"href":"https:\/\/www.positivitee.sk\/index.php\/wp-json\/wp\/v2\/types\/product"}],"wp:featuredmedia":[{"embeddable":true,"href":"https:\/\/www.positivitee.sk\/index.php\/wp-json\/wp\/v2\/media\/5758"}],"wp:attachment":[{"href":"https:\/\/www.positivitee.sk\/index.php\/wp-json\/wp\/v2\/media?parent=5757"}],"wp:term":[{"taxonomy":"product_brand","embeddable":true,"href":"https:\/\/www.positivitee.sk\/index.php\/wp-json\/wp\/v2\/product_brand?post=5757"},{"taxonomy":"product_cat","embeddable":true,"href":"https:\/\/www.positivitee.sk\/index.php\/wp-json\/wp\/v2\/product_cat?post=5757"},{"taxonomy":"product_tag","embeddable":true,"href":"https:\/\/www.positivitee.sk\/index.php\/wp-json\/wp\/v2\/product_tag?post=5757"}],"curies":[{"name":"wp","href":"https:\/\/api.w.org\/{rel}","templated":true}]}}