{"id":5761,"date":"2023-10-31T14:08:17","date_gmt":"2023-10-31T14:08:17","guid":{"rendered":"https:\/\/www.positivitee.sk\/?post_type=product&#038;p=5761"},"modified":"2025-10-23T19:00:35","modified_gmt":"2025-10-23T19:00:35","slug":"dolfin-cokoladove-lupienky-horuca-cokolada-biela-a-tmava-200g","status":"publish","type":"product","link":"https:\/\/www.positivitee.sk\/index.php\/product\/dolfin-cokoladove-lupienky-horuca-cokolada-biela-a-tmava-200g\/","title":{"rendered":"Dolfin &#8211; \u010cokol\u00e1dov\u00e9 lupienky\/ hor\u00faca \u010dokol\u00e1da Biela a Tmav\u00e1, 200g"},"content":{"rendered":"<p><code>DO1152<\/code>\u010cokol\u00e1dov\u00e9 lupienky\/ hor\u00faca \u010dokol\u00e1da, Biela a Tmav\u00e1, 200g.<\/p>\n<p><img decoding=\"async\" src=\"https:\/\/www.positivitee.sk\/wp-content\/uploads\/2023\/10\/DO1152_face-324x324.jpg\" \/><\/p>\n<p><strong>Ingredients\u00a0<\/strong>: Sugar, cocoa mass, whole\u00a0<strong>milk\u00a0<\/strong>powder, cocoa butter, emulsifier:\u00a0<strong>soy\u00a0<\/strong>lecithin, natural vanilla flavouring. Cocoa: 44% minimum. May contain traces of tree nuts, wheat, egg and sesame<\/p>\n<p>Ide\u00e1lne na pr\u00edpravu hor\u00facej \u010dokol\u00e1dy, \u010dokol\u00e1dovej peny a ob\u013e\u00faben\u00fdch \u010dokol\u00e1dov\u00fd z\u00e1kuskov.<\/p>\n<p>Zlo\u017eenie: cukor, kakaov\u00e1 hmota, plnotu\u010dn\u00e9 pr\u00e1\u0161kov\u00e9 mlieko, kakaov\u00e9 maslo, pr\u00edrodn\u00e1 vanilka,\u00a0 emulg\u00e1tor: s\u00f3jov\u00fd lecit\u00edn. Min obsah kakaa: 44%.<\/p>\n<p>Alerg\u00e9ny: M\u00f4\u017ee obsahova\u0165 stopy <strong>orechov<\/strong>, <strong>p\u0161enice<\/strong>, <strong>mlieka, s\u00f3je<\/strong>\u00a0a <strong>vaj\u00ed\u010dok<\/strong>.<\/p>\n<p>Krajina p\u00f4vodu: Belgicko.<\/p>\n<p><a href=\"http:\/\/www.dolfin.be\/\" target=\"_blank\" rel=\"noopener noreferrer\"><br \/>\n<img decoding=\"async\" src=\"https:\/\/www.positivitee.sk\/img\/Dolfin\/dolfin_logo_7.jpg\" alt=\"Dolfin - The Art of Blending\" \/><br \/>\n<\/a><\/p>\n","protected":false},"excerpt":{"rendered":"<p><code>DO1152<\/code>\u010cokol\u00e1dov\u00e9 lupienky\/ hor\u00faca \u010dokol\u00e1da, Biela a Tmav\u00e1, 200g.<\/p>\n","protected":false},"featured_media":5762,"template":"","meta":{"jetpack_post_was_ever_published":false,"jetpack_publicize_message":"","jetpack_publicize_feature_enabled":true,"jetpack_social_post_already_shared":true,"jetpack_social_options":{"image_generator_settings":{"template":"highway","default_image_id":0,"font":"","enabled":false},"version":2}},"product_brand":[],"product_cat":[40],"product_tag":[],"class_list":{"0":"post-5761","1":"product","2":"type-product","3":"status-publish","4":"has-post-thumbnail","6":"product_cat-rucne-robene-cukrovinky-z-belgicka","8":"first","9":"instock","10":"shipping-taxable","11":"purchasable","12":"product-type-simple"},"jetpack_publicize_connections":[],"jetpack_sharing_enabled":true,"_links":{"self":[{"href":"https:\/\/www.positivitee.sk\/index.php\/wp-json\/wp\/v2\/product\/5761","targetHints":{"allow":["GET"]}}],"collection":[{"href":"https:\/\/www.positivitee.sk\/index.php\/wp-json\/wp\/v2\/product"}],"about":[{"href":"https:\/\/www.positivitee.sk\/index.php\/wp-json\/wp\/v2\/types\/product"}],"wp:featuredmedia":[{"embeddable":true,"href":"https:\/\/www.positivitee.sk\/index.php\/wp-json\/wp\/v2\/media\/5762"}],"wp:attachment":[{"href":"https:\/\/www.positivitee.sk\/index.php\/wp-json\/wp\/v2\/media?parent=5761"}],"wp:term":[{"taxonomy":"product_brand","embeddable":true,"href":"https:\/\/www.positivitee.sk\/index.php\/wp-json\/wp\/v2\/product_brand?post=5761"},{"taxonomy":"product_cat","embeddable":true,"href":"https:\/\/www.positivitee.sk\/index.php\/wp-json\/wp\/v2\/product_cat?post=5761"},{"taxonomy":"product_tag","embeddable":true,"href":"https:\/\/www.positivitee.sk\/index.php\/wp-json\/wp\/v2\/product_tag?post=5761"}],"curies":[{"name":"wp","href":"https:\/\/api.w.org\/{rel}","templated":true}]}}