{"id":5800,"date":"2023-11-22T21:29:09","date_gmt":"2023-11-22T21:29:09","guid":{"rendered":"https:\/\/www.positivitee.sk\/?post_type=product&#038;p=5800"},"modified":"2025-10-24T20:44:37","modified_gmt":"2025-10-24T20:44:37","slug":"caje-positivitee-mandarinkove-pohladenie","status":"publish","type":"product","link":"https:\/\/www.positivitee.sk\/index.php\/product\/caje-positivitee-mandarinkove-pohladenie\/","title":{"rendered":"\u010caje Positivitee &#8211; MANDAR\u00cdNKOV\u00c9 POHLADENIE, 100g"},"content":{"rendered":"<p><code>21337<\/code>MANDAR\u00cdNKOV\u00c9 POHLADENIE, 100g.<br \/>\n<em>ovocn\u00fd \u010daj, zmes<\/em><\/p>\n<p><img decoding=\"async\" src=\"https:\/\/www.positivitee.sk\/wp-content\/uploads\/2023\/11\/21337-324x324.jpg\" \/><\/p>\n<p>Esencia letn\u00e9ho relaxu a pohody v \u0161\u00e1lke. Zmes zrel\u00fdch \u0161tavnat\u00fdch mandariniek a svie\u017eeho bergamotu.<\/p>\n<p>Zlo\u017eenie: k\u00fasky jab\u013ak, lupienky karotky, pr\u00edrodn\u00e1 ar\u00f3ma, \u0161\u00edpky, pomaran\u010dov\u00e1 k\u00f4ra, dieliky mandariniek, \u010dernicov\u00e9 listy, citr\u00f3nov\u00e1 tr\u00e1va, svetlica farbiarska, lupienky ru\u017ee.<\/p>\n<p>D\u00f4le\u017eit\u00e9: na pr\u00edpravu pou\u017e\u00edvajte v\u017edy vriacu vodu.<\/p>\n<p>Pr\u00edprava: 1 \u010dajov\u00fa ly\u017ei\u010dku (2g) \u010daju zalejeme 2,5dl vriacej vody. L\u00fahujte 5 a\u017e 8 min\u00fat.<\/p>\n","protected":false},"excerpt":{"rendered":"<p><code><\/code><code>21337<\/code>MANDAR\u00cdNKOV\u00c9 POHLADENIE, 100g.<\/p>\n","protected":false},"featured_media":5801,"template":"","meta":{"jetpack_post_was_ever_published":false,"jetpack_publicize_message":"","jetpack_publicize_feature_enabled":true,"jetpack_social_post_already_shared":true,"jetpack_social_options":{"image_generator_settings":{"template":"highway","default_image_id":0,"font":"","enabled":false},"version":2}},"product_brand":[],"product_cat":[122],"product_tag":[],"class_list":{"0":"post-5800","1":"product","2":"type-product","3":"status-publish","4":"has-post-thumbnail","6":"product_cat-caje-positivitee","8":"first","9":"instock","10":"shipping-taxable","11":"purchasable","12":"product-type-simple"},"jetpack_publicize_connections":[],"jetpack_sharing_enabled":true,"_links":{"self":[{"href":"https:\/\/www.positivitee.sk\/index.php\/wp-json\/wp\/v2\/product\/5800","targetHints":{"allow":["GET"]}}],"collection":[{"href":"https:\/\/www.positivitee.sk\/index.php\/wp-json\/wp\/v2\/product"}],"about":[{"href":"https:\/\/www.positivitee.sk\/index.php\/wp-json\/wp\/v2\/types\/product"}],"wp:featuredmedia":[{"embeddable":true,"href":"https:\/\/www.positivitee.sk\/index.php\/wp-json\/wp\/v2\/media\/5801"}],"wp:attachment":[{"href":"https:\/\/www.positivitee.sk\/index.php\/wp-json\/wp\/v2\/media?parent=5800"}],"wp:term":[{"taxonomy":"product_brand","embeddable":true,"href":"https:\/\/www.positivitee.sk\/index.php\/wp-json\/wp\/v2\/product_brand?post=5800"},{"taxonomy":"product_cat","embeddable":true,"href":"https:\/\/www.positivitee.sk\/index.php\/wp-json\/wp\/v2\/product_cat?post=5800"},{"taxonomy":"product_tag","embeddable":true,"href":"https:\/\/www.positivitee.sk\/index.php\/wp-json\/wp\/v2\/product_tag?post=5800"}],"curies":[{"name":"wp","href":"https:\/\/api.w.org\/{rel}","templated":true}]}}