{"id":5803,"date":"2023-11-22T21:35:32","date_gmt":"2023-11-22T21:35:32","guid":{"rendered":"https:\/\/www.positivitee.sk\/?post_type=product&#038;p=5803"},"modified":"2025-11-13T10:03:56","modified_gmt":"2025-11-13T10:03:56","slug":"caje-positivitee-lesne-bobule","status":"publish","type":"product","link":"https:\/\/www.positivitee.sk\/index.php\/product\/caje-positivitee-lesne-bobule\/","title":{"rendered":"\u010caje Positivitee &#8211; LESN\u00c9 BOBULE, 100g"},"content":{"rendered":"<p><code>22651<\/code>LESN\u00c9 BOBULE, 100g.<br \/>\n<em>ovocn\u00fd \u010daj, zmes<\/em><\/p>\n<p><img decoding=\"async\" src=\"https:\/\/www.positivitee.sk\/wp-content\/uploads\/2023\/11\/22651-324x324.gif\" \/><\/p>\n<p>Bohat\u00e1 selekcia zrel\u00e9ho, sladu\u010dk\u00e9ho \u0161\u0165avnat\u00e9ho bobu\u013eov\u00e9ho ovocia z letn\u00fdch l\u00fak, str\u00e1n\u00ed a lesov, pln\u00e9 chuti ar\u00f3my a slnka.<\/p>\n<p>Zlo\u017eenie: baza, ibi\u0161tek, k\u00fasky jab\u013ak, \u0161\u00edpky, ar\u00f3ma, mrazom su\u0161en\u00e9 cel\u00e9 \u010dernice, maliny, listy lesn\u00fdch jah\u00f4d, mrazom su\u0161en\u00e9 k\u00fasky jah\u00f4d.<\/p>\n<p>D\u00f4le\u017eit\u00e9: na pr\u00edpravu pou\u017e\u00edvajte v\u017edy vriacu vodu.<\/p>\n<p>Pr\u00edprava: 1 \u010dajov\u00fa ly\u017ei\u010dku (2g) \u010daju zalejeme 2,5dl vriacej vody. L\u00fahujte 5 a\u017e 8 min\u00fat.<\/p>\n","protected":false},"excerpt":{"rendered":"<p><code><\/code><code>22651<\/code>LESN\u00c9 BOBULE, 100g.<\/p>\n","protected":false},"featured_media":5804,"template":"","meta":{"jetpack_post_was_ever_published":false,"jetpack_publicize_message":"","jetpack_publicize_feature_enabled":true,"jetpack_social_post_already_shared":true,"jetpack_social_options":{"image_generator_settings":{"template":"highway","default_image_id":0,"font":"","enabled":false},"version":2}},"product_brand":[],"product_cat":[122],"product_tag":[],"class_list":{"0":"post-5803","1":"product","2":"type-product","3":"status-publish","4":"has-post-thumbnail","6":"product_cat-caje-positivitee","8":"first","9":"instock","10":"shipping-taxable","11":"purchasable","12":"product-type-simple"},"jetpack_publicize_connections":[],"jetpack_sharing_enabled":true,"_links":{"self":[{"href":"https:\/\/www.positivitee.sk\/index.php\/wp-json\/wp\/v2\/product\/5803","targetHints":{"allow":["GET"]}}],"collection":[{"href":"https:\/\/www.positivitee.sk\/index.php\/wp-json\/wp\/v2\/product"}],"about":[{"href":"https:\/\/www.positivitee.sk\/index.php\/wp-json\/wp\/v2\/types\/product"}],"wp:featuredmedia":[{"embeddable":true,"href":"https:\/\/www.positivitee.sk\/index.php\/wp-json\/wp\/v2\/media\/5804"}],"wp:attachment":[{"href":"https:\/\/www.positivitee.sk\/index.php\/wp-json\/wp\/v2\/media?parent=5803"}],"wp:term":[{"taxonomy":"product_brand","embeddable":true,"href":"https:\/\/www.positivitee.sk\/index.php\/wp-json\/wp\/v2\/product_brand?post=5803"},{"taxonomy":"product_cat","embeddable":true,"href":"https:\/\/www.positivitee.sk\/index.php\/wp-json\/wp\/v2\/product_cat?post=5803"},{"taxonomy":"product_tag","embeddable":true,"href":"https:\/\/www.positivitee.sk\/index.php\/wp-json\/wp\/v2\/product_tag?post=5803"}],"curies":[{"name":"wp","href":"https:\/\/api.w.org\/{rel}","templated":true}]}}