{"id":5817,"date":"2023-11-22T22:04:58","date_gmt":"2023-11-22T22:04:58","guid":{"rendered":"https:\/\/www.positivitee.sk\/?post_type=product&#038;p=5817"},"modified":"2025-10-24T20:41:00","modified_gmt":"2025-10-24T20:41:00","slug":"caje-positivitee-stastna-sviatocna-brusnica","status":"publish","type":"product","link":"https:\/\/www.positivitee.sk\/index.php\/product\/caje-positivitee-stastna-sviatocna-brusnica\/","title":{"rendered":"\u010caje Positivitee &#8211; \u0160TASTN\u00c1 SVIATO\u010cN\u00c1 BRUSNICA, 100g"},"content":{"rendered":"<p><code>22981<\/code>\u0160TASTN\u00c1 SVIATO\u010cN\u00c1 BRUSNICA, 100g.<br \/>\n<em>OVOCN\u00dd \u010cAJ, ZMES, AROMATIZOVAN\u00dd<\/em><\/p>\n<p><img decoding=\"async\" src=\"https:\/\/www.positivitee.sk\/wp-content\/uploads\/2023\/11\/22981-324x324.jpg\" \/><\/p>\n<p>Tanec zrelej brusnice a vaje\u010dn\u00e9ho lik\u00e9ru, o\u010daruj\u00faca kombin\u00e1cia sladk\u00e9ho a \u0161\u0165avnat\u00e9ho.<\/p>\n<p>Zlo\u017eenie: pl\u00e1tky brusn\u00edc (brusnice, cukor, raslinn\u00fd olej), kocky jab\u013ak, imelo, an\u00edz, k\u00fasky \u0161korice, ar\u00f3ma, \u010dernicov\u00e9 listy, mrazom su\u0161en\u00e9 brusnice.<\/p>\n<p>D\u00f4le\u017eit\u00e9: na pr\u00edpravu pou\u017e\u00edvajte v\u017edy vriacu vodu.<\/p>\n<p>Pr\u00edprava: 1 \u010dajov\u00fa ly\u017ei\u010dku (2g) \u010daju zalejeme 2,5dl vriacej vody. L\u00fahujte 5 a\u017e 8 min\u00fat.<\/p>\n","protected":false},"excerpt":{"rendered":"<p><code><\/code><code>22981<\/code>\u0160TASTN\u00c1 SVIATO\u010cN\u00c1 BRUSNICA, 100g.<\/p>\n","protected":false},"featured_media":5818,"template":"","meta":{"jetpack_post_was_ever_published":false,"jetpack_publicize_message":"","jetpack_publicize_feature_enabled":true,"jetpack_social_post_already_shared":true,"jetpack_social_options":{"image_generator_settings":{"template":"highway","default_image_id":0,"font":"","enabled":false},"version":2}},"product_brand":[],"product_cat":[122],"product_tag":[],"class_list":{"0":"post-5817","1":"product","2":"type-product","3":"status-publish","4":"has-post-thumbnail","6":"product_cat-caje-positivitee","8":"first","9":"instock","10":"featured","11":"shipping-taxable","12":"purchasable","13":"product-type-simple"},"jetpack_publicize_connections":[],"jetpack_sharing_enabled":true,"_links":{"self":[{"href":"https:\/\/www.positivitee.sk\/index.php\/wp-json\/wp\/v2\/product\/5817","targetHints":{"allow":["GET"]}}],"collection":[{"href":"https:\/\/www.positivitee.sk\/index.php\/wp-json\/wp\/v2\/product"}],"about":[{"href":"https:\/\/www.positivitee.sk\/index.php\/wp-json\/wp\/v2\/types\/product"}],"wp:featuredmedia":[{"embeddable":true,"href":"https:\/\/www.positivitee.sk\/index.php\/wp-json\/wp\/v2\/media\/5818"}],"wp:attachment":[{"href":"https:\/\/www.positivitee.sk\/index.php\/wp-json\/wp\/v2\/media?parent=5817"}],"wp:term":[{"taxonomy":"product_brand","embeddable":true,"href":"https:\/\/www.positivitee.sk\/index.php\/wp-json\/wp\/v2\/product_brand?post=5817"},{"taxonomy":"product_cat","embeddable":true,"href":"https:\/\/www.positivitee.sk\/index.php\/wp-json\/wp\/v2\/product_cat?post=5817"},{"taxonomy":"product_tag","embeddable":true,"href":"https:\/\/www.positivitee.sk\/index.php\/wp-json\/wp\/v2\/product_tag?post=5817"}],"curies":[{"name":"wp","href":"https:\/\/api.w.org\/{rel}","templated":true}]}}