{"id":5892,"date":"2024-06-11T11:12:10","date_gmt":"2024-06-11T11:12:10","guid":{"rendered":"https:\/\/www.positivitee.sk\/?post_type=product&#038;p=5892"},"modified":"2026-04-08T07:16:49","modified_gmt":"2026-04-08T07:16:49","slug":"rocca-pate-z-articokov","status":"publish","type":"product","link":"https:\/\/www.positivitee.sk\/index.php\/product\/rocca-pate-z-articokov\/","title":{"rendered":"Rocca &#8211; PAT\u00c9 Z ARTI\u010cOKOV"},"content":{"rendered":"<p><code>S804<\/code>Lahodn\u00e9, kr\u00e9mov\u00e9 pat\u00e9 z arti\u010dokov, 110 g<\/p>\n<p><img decoding=\"async\" src=\"https:\/\/www.positivitee.sk\/wp-content\/uploads\/2024\/06\/S804-Pate-di-carciofi.png\" \/><\/p>\n<p>\u010cist\u00e1 hmotnost 110g.<br \/>\nZlo\u017eenie: talianske arti\u010doky 90 %, olivov\u00fd olej, biele v\u00edno, buj\u00f3n s glutam\u00e1nom s\u00f3dnym (obsahuje zeler), cukor, so\u013e, cesnak, patr\u017elen, regul\u00e1tor kyslosti: kyselina citr\u00f3nov\u00e1<br \/>\nNutri\u010dn\u00e9 hodnoty na 100g produktu: energia 1039 kJ\/252 kcal, tuk 25g z toho nas\u00fdten\u00e9 3,6g, uh\u013eohydr\u00e1ty 4g z toho cukor 3,9g , bielkoviny 2,7g, so\u013e 1,5g.<\/p>\n<p><a href=\"https:\/\/rocca1870.it\/\" target=\"_blank\" rel=\"noopener noreferrer\"><br \/>\n<img decoding=\"async\" src=\"https:\/\/www.positivitee.sk\/img\/Rocca\/rocca-nuovo_300x300.png\" alt=\"Rocca Luigi &amp; Figlio srl\" \/><br \/>\n<\/a><\/p>\n","protected":false},"excerpt":{"rendered":"<p><code>S804<\/code>Lahodn\u00e9, kr\u00e9mov\u00e9 pat\u00e9 z arti\u010dokov, 110 g<\/p>\n","protected":false},"featured_media":5900,"template":"","meta":{"jetpack_post_was_ever_published":false,"jetpack_publicize_message":"","jetpack_publicize_feature_enabled":true,"jetpack_social_post_already_shared":true,"jetpack_social_options":{"image_generator_settings":{"template":"highway","default_image_id":0,"font":"","enabled":false},"version":2}},"product_brand":[],"product_cat":[46],"product_tag":[],"class_list":{"0":"post-5892","1":"product","2":"type-product","3":"status-publish","4":"has-post-thumbnail","6":"product_cat-talianske-pochutky","8":"first","9":"instock","10":"shipping-taxable","11":"purchasable","12":"product-type-simple"},"jetpack_publicize_connections":[],"jetpack_sharing_enabled":true,"_links":{"self":[{"href":"https:\/\/www.positivitee.sk\/index.php\/wp-json\/wp\/v2\/product\/5892","targetHints":{"allow":["GET"]}}],"collection":[{"href":"https:\/\/www.positivitee.sk\/index.php\/wp-json\/wp\/v2\/product"}],"about":[{"href":"https:\/\/www.positivitee.sk\/index.php\/wp-json\/wp\/v2\/types\/product"}],"wp:featuredmedia":[{"embeddable":true,"href":"https:\/\/www.positivitee.sk\/index.php\/wp-json\/wp\/v2\/media\/5900"}],"wp:attachment":[{"href":"https:\/\/www.positivitee.sk\/index.php\/wp-json\/wp\/v2\/media?parent=5892"}],"wp:term":[{"taxonomy":"product_brand","embeddable":true,"href":"https:\/\/www.positivitee.sk\/index.php\/wp-json\/wp\/v2\/product_brand?post=5892"},{"taxonomy":"product_cat","embeddable":true,"href":"https:\/\/www.positivitee.sk\/index.php\/wp-json\/wp\/v2\/product_cat?post=5892"},{"taxonomy":"product_tag","embeddable":true,"href":"https:\/\/www.positivitee.sk\/index.php\/wp-json\/wp\/v2\/product_tag?post=5892"}],"curies":[{"name":"wp","href":"https:\/\/api.w.org\/{rel}","templated":true}]}}