{"id":590,"date":"2019-05-01T16:31:30","date_gmt":"2019-05-01T16:31:30","guid":{"rendered":"http:\/\/www.positivitee.sk\/?post_type=product&#038;p=590"},"modified":"2023-10-07T11:30:20","modified_gmt":"2023-10-07T11:30:20","slug":"premium-caje-puciky-ruze-100g","status":"publish","type":"product","link":"https:\/\/www.positivitee.sk\/index.php\/product\/premium-caje-puciky-ruze-100g\/","title":{"rendered":"Premium Tea &#8211; P\u00da\u010cIKY RU\u017dE, 80g"},"content":{"rendered":"<p><code>6651<\/code>P\u00da\u010cIKY RU\u017dE, 80g.<img decoding=\"async\" src=\"https:\/\/www.positivitee.sk\/img\/Premium\/00-06659_stamm_1.jpg\" alt=\"P\u00da\u010cIKY RU\u017dE\" \/><\/p>\n<p>N\u00e1poj sladkej kvetinovej chute. Nezamenite\u013en\u00e1 jemnos\u0165, kvetinovos\u0165 a svetl\u00e1 farbu.<br \/>\n<a href=\"https:\/\/www.positivitee.sk\/index.php\/2019\/05\/01\/puciky-ruze\/\">Blog<\/a><\/p>\n<p>Zlo\u017eenie: p\u00fa\u010diky ru\u017ee<\/p>\n<p>Pr\u00edprava: 5-6 p\u00fa\u010dikov zalejeme 2,5dl vriacej vody. L\u00fahujte 5 a\u017e 8 min\u00fat.<\/p>\n","protected":false},"excerpt":{"rendered":"<p>6651 P\u00da\u010cIKY RU\u017dE, 80g.<\/p>\n","protected":false},"featured_media":591,"template":"","meta":{"jetpack_post_was_ever_published":false,"jetpack_publicize_message":"","jetpack_publicize_feature_enabled":true,"jetpack_social_post_already_shared":true,"jetpack_social_options":{"image_generator_settings":{"template":"highway","default_image_id":0,"font":"","enabled":false},"version":2}},"product_brand":[],"product_cat":[74,50],"product_tag":[],"class_list":{"0":"post-590","1":"product","2":"type-product","3":"status-publish","4":"has-post-thumbnail","6":"product_cat-bylinkove","7":"product_cat-premium-caje","9":"first","10":"instock","11":"shipping-taxable","12":"purchasable","13":"product-type-simple"},"jetpack_publicize_connections":[],"jetpack_sharing_enabled":true,"_links":{"self":[{"href":"https:\/\/www.positivitee.sk\/index.php\/wp-json\/wp\/v2\/product\/590","targetHints":{"allow":["GET"]}}],"collection":[{"href":"https:\/\/www.positivitee.sk\/index.php\/wp-json\/wp\/v2\/product"}],"about":[{"href":"https:\/\/www.positivitee.sk\/index.php\/wp-json\/wp\/v2\/types\/product"}],"wp:featuredmedia":[{"embeddable":true,"href":"https:\/\/www.positivitee.sk\/index.php\/wp-json\/wp\/v2\/media\/591"}],"wp:attachment":[{"href":"https:\/\/www.positivitee.sk\/index.php\/wp-json\/wp\/v2\/media?parent=590"}],"wp:term":[{"taxonomy":"product_brand","embeddable":true,"href":"https:\/\/www.positivitee.sk\/index.php\/wp-json\/wp\/v2\/product_brand?post=590"},{"taxonomy":"product_cat","embeddable":true,"href":"https:\/\/www.positivitee.sk\/index.php\/wp-json\/wp\/v2\/product_cat?post=590"},{"taxonomy":"product_tag","embeddable":true,"href":"https:\/\/www.positivitee.sk\/index.php\/wp-json\/wp\/v2\/product_tag?post=590"}],"curies":[{"name":"wp","href":"https:\/\/api.w.org\/{rel}","templated":true}]}}