{"id":5957,"date":"2024-10-05T10:30:15","date_gmt":"2024-10-05T10:30:15","guid":{"rendered":"https:\/\/www.positivitee.sk\/?post_type=product&#038;p=5957"},"modified":"2025-05-15T08:06:52","modified_gmt":"2025-05-15T08:06:52","slug":"dolfin-box-vyber-tmavych-a-mliecnych-10-ks-tabuliek-o-hmotnosti-10g-5-prichuti-100-g","status":"publish","type":"product","link":"https:\/\/www.positivitee.sk\/index.php\/product\/dolfin-box-vyber-tmavych-a-mliecnych-10-ks-tabuliek-o-hmotnosti-10g-5-prichuti-100-g\/","title":{"rendered":"Dolfin &#8211; BOX V\u00fdber tmav\u00fdch a mlie\u010dnych 10 ks tabuliek o hmotnosti 10g, 5 pr\u00edchut\u00ed, 100 g"},"content":{"rendered":"<p><code>DO3541<\/code> BOX V\u00fdber tmav\u00fdch a mlie\u010dnych 10 ks tabuliek o hmotnosti 10g, 5 pr\u00edchut\u00ed, 100 g<\/p>\n<p>&nbsp;<\/p>\n<p><img decoding=\"async\" src=\"https:\/\/www.positivitee.sk\/wp-content\/uploads\/2024\/10\/boite-10x10g-mix-face-600x750-1-324x324.jpg\" \/><\/p>\n<p lang=\"sk-SK\" align=\"left\"><span style=\"color: #111212;\"><span style=\"font-family: arial, sans-serif;\"><b>Mlie\u010dna s <\/b><\/span><\/span><span style=\"color: #111212;\"><span style=\"font-family: arial, sans-serif;\"><b>lieskovcami, Speculoos, 37% \u010dist\u00e1, s karamelom, s k\u00e1vou, tmav\u00e1 so slan\u00fdmi mand\u013eami, pomaran\u010dom, 70% so so\u013eou z Guerande, citr\u00f3nom a z\u00e1zvorom, 88 % \u010dist\u00e1s lieskovcami, so su\u0161ienkami Speculoos, \u010dist\u00e1 37%, s karamelom, s k\u00e1vou<\/b><\/span><\/span><\/p>\n<p lang=\"en-US\" align=\"left\"><span style=\"font-family: arial, sans-serif;\"><span lang=\"sk-SK\">Zlo\u017eenie: kakaov\u00e1 hmota, cukor, plnotu\u010dn\u00e9 pr\u00e1\u0161kov\u00e9 mlieko, kakaov\u00e9 maslo, odtu\u010dnen\u00e9 kakao, emulg\u00e1tor: <\/span><span lang=\"sk-SK\"><b>s\u00f3jov\u00fd<\/b><\/span><span lang=\"sk-SK\"> lecit\u00edn, <\/span><span lang=\"sk-SK\"><b>lieskovce<\/b><\/span><span lang=\"sk-SK\"> 4%, <\/span><span lang=\"sk-SK\"><b>mandle<\/b><\/span><span lang=\"sk-SK\"> 4%, karamel 4% (cukor, gluk\u00f3zov\u00fd sirup, plnotu\u010dn\u00e9 pr\u00e1\u0161kov\u00e9 <\/span><span lang=\"sk-SK\"><b>mliek<\/b><\/span><span lang=\"sk-SK\"><b>o<\/b><\/span><span lang=\"sk-SK\">, <\/span><span lang=\"sk-SK\"><b>smotana<\/b><\/span><span lang=\"sk-SK\">, slan\u00e9 <\/span><span lang=\"sk-SK\"><b>maslo<\/b><\/span><span lang=\"sk-SK\">, so\u013e z Guerande), emulg\u00e1tor: repkov\u00fd lecit\u00edn), <\/span><span lang=\"sk-SK\">Speculoos<\/span><span lang=\"sk-SK\"> 3% (<\/span><span lang=\"sk-SK\"><b>p\u0161eni<\/b><\/span><span lang=\"sk-SK\"><b>\u010dn\u00e1<\/b><\/span><span lang=\"sk-SK\"> m\u00faka, repn\u00fd cukor, rastlinn\u00fd tuk (kokosov\u00fd, slne\u010dnicov\u00fd), repn\u00fd sirup, cel\u00e9 <\/span><span lang=\"sk-SK\"><b>vaj\u00ed\u010dk<\/b><\/span><span lang=\"sk-SK\"><b>o<\/b><\/span><span lang=\"sk-SK\">, <\/span><span lang=\"sk-SK\">C<\/span><span lang=\"sk-SK\">ejl\u00f3nska \u0161korica, koreniny, s\u00f3da bikarb\u00f3na), pomaran\u010d 3%, citr\u00f3n 2.5%, k\u00e1va 2%, z\u00e1zvor 1%, so\u013e Guerande 0.2 %, pr\u00edrodn\u00e9 ar\u00f3my, pr\u00edrodn\u00e1 vanilkov\u00e1 a pomaran\u010dov\u00e1 pr\u00edchu\u0165, vanilka,Minim\u00e1lny obsah mlieka 17,5%, kakaa v \u010dokol\u00e1de: 37, 60, 70 a 88%\u00a0<\/span><\/span><\/p>\n<p lang=\"sk-SK\" align=\"left\">Krajina p\u00f4vodu: Belgicko.<\/p>\n<p><a href=\"http:\/\/www.dolfin.be\/\" target=\"_blank\" rel=\"noopener noreferrer\"><br \/>\n<img decoding=\"async\" src=\"https:\/\/www.positivitee.sk\/img\/Dolfin\/dolfin_logo_7.jpg\" alt=\"Dolfin - The Art of Blending\" \/><br \/>\n<\/a><\/p>\n","protected":false},"excerpt":{"rendered":"<p><code>DO3541<\/code> BOX V\u00fdber tmav\u00fdch a mlie\u010dnych 10 ks tabuliek o hmotnosti 10g, 5 pr\u00edchut\u00ed, 100 g<\/p>\n","protected":false},"featured_media":5959,"template":"","meta":{"jetpack_post_was_ever_published":false,"jetpack_publicize_message":"","jetpack_publicize_feature_enabled":true,"jetpack_social_post_already_shared":true,"jetpack_social_options":{"image_generator_settings":{"template":"highway","default_image_id":0,"font":"","enabled":false},"version":2}},"product_brand":[],"product_cat":[40],"product_tag":[],"class_list":{"0":"post-5957","1":"product","2":"type-product","3":"status-publish","4":"has-post-thumbnail","6":"product_cat-rucne-robene-cukrovinky-z-belgicka","8":"first","9":"instock","10":"shipping-taxable","11":"purchasable","12":"product-type-simple"},"jetpack_publicize_connections":[],"jetpack_sharing_enabled":true,"_links":{"self":[{"href":"https:\/\/www.positivitee.sk\/index.php\/wp-json\/wp\/v2\/product\/5957","targetHints":{"allow":["GET"]}}],"collection":[{"href":"https:\/\/www.positivitee.sk\/index.php\/wp-json\/wp\/v2\/product"}],"about":[{"href":"https:\/\/www.positivitee.sk\/index.php\/wp-json\/wp\/v2\/types\/product"}],"wp:featuredmedia":[{"embeddable":true,"href":"https:\/\/www.positivitee.sk\/index.php\/wp-json\/wp\/v2\/media\/5959"}],"wp:attachment":[{"href":"https:\/\/www.positivitee.sk\/index.php\/wp-json\/wp\/v2\/media?parent=5957"}],"wp:term":[{"taxonomy":"product_brand","embeddable":true,"href":"https:\/\/www.positivitee.sk\/index.php\/wp-json\/wp\/v2\/product_brand?post=5957"},{"taxonomy":"product_cat","embeddable":true,"href":"https:\/\/www.positivitee.sk\/index.php\/wp-json\/wp\/v2\/product_cat?post=5957"},{"taxonomy":"product_tag","embeddable":true,"href":"https:\/\/www.positivitee.sk\/index.php\/wp-json\/wp\/v2\/product_tag?post=5957"}],"curies":[{"name":"wp","href":"https:\/\/api.w.org\/{rel}","templated":true}]}}