{"id":5975,"date":"2024-11-06T09:03:43","date_gmt":"2024-11-06T09:03:43","guid":{"rendered":"https:\/\/www.positivitee.sk\/?post_type=product&#038;p=5975"},"modified":"2025-11-12T11:04:24","modified_gmt":"2025-11-12T11:04:24","slug":"torrone-elit-torroncini-misti-zmes-vlacneho-nugatu-v-poleve-ceder-vanilka-pomaranc-a-kakao-bez-gmo-200g","status":"publish","type":"product","link":"https:\/\/www.positivitee.sk\/index.php\/product\/torrone-elit-torroncini-misti-zmes-vlacneho-nugatu-v-poleve-ceder-vanilka-pomaranc-a-kakao-bez-gmo-200g\/","title":{"rendered":"Torrone &#8211; ELIT &#8211; TORRONCINI MISTI  ZMES VL\u00c1\u010cN\u00c9HO NUG\u00c1TU V POLEVE  &#8211; C\u00c9DER, VANILKA, POMARAN\u010c a KAKAO, BEZ GMO, 200 g"},"content":{"rendered":"<p><code>T0603902000<\/code>ELIT &#8211; TORRONCINI MISTI ZMES VL\u00c1\u010cN\u00c9HO NUG\u00c1TU V POLEVE &#8211; C\u00c9DER, VANILKA, POMARAN\u010c a KAKAO, BEZ GMO, 200 g<\/p>\n<p><img decoding=\"async\" src=\"https:\/\/www.positivitee.sk\/wp-content\/uploads\/2024\/11\/X9IMx0cHMeBwlUTb-324x324.png\" \/><\/p>\n<p>Zlo\u017eenie nug\u00e1t 70 %: cukor, piedmontsk\u00e9 <strong>LIESKOVCE<\/strong> a <strong>MANDLE<\/strong> v nie st\u00e1lom pomere 15 %, gluk\u00f3zov\u00fd sirup, MED, pap\u00e1ja, zemiakov\u00fd \u0161krob, <strong>PIST\u00c1CIE<\/strong>, <strong>VAJE\u010cN\u00dd<\/strong> bielok, maltodextr\u00edn, opl\u00e1tka (zemiakov\u00fd \u0161krob, voda, olivov\u00fd olej), ar\u00f3ma, citr\u00f3nov\u00e1 poleva 30 % &#8211; zlo\u017eenie: cukor, rastlinn\u00fd olej (z palmov\u00e9ho jadra, palmov\u00fd), odtu\u010dnen\u00e9 pr\u00e1\u0161kov\u00e9 <strong>MLIEKO<\/strong>, emulg\u00e1tor: <strong>S\u00d3JOV\u00dd<\/strong> lecit\u00edn, pr\u00edrodn\u00e1 pr\u00edchu\u0165 (citr\u00f3n 0,3%), farbivo: chlorofyl, vanilkov\u00e1 poleva 30 % &#8211; zlo\u017eenie: cukor, rastlinn\u00fd olej (z palmov\u00e9ho jadra, palmov\u00fd), odtu\u010dnen\u00e9 pr\u00e1\u0161kov\u00e9 <strong>MLIEKO<\/strong>, emulg\u00e1tor: <strong>S\u00d3JOV\u00dd<\/strong> lecit\u00edn, pr\u00edrodn\u00e1 pr\u00edchu\u0165 (vanilka 0,05%),<br \/>\npomaran\u010dov\u00e1 poleva 30 % &#8211; zlo\u017eenie: cukor, rastlinn\u00fd olej (z palmov\u00e9ho jadra, palmov\u00fd), odtu\u010dnen\u00e9 pr\u00e1\u0161kov\u00e9 <strong>MLIEKO<\/strong>, emulg\u00e1tor: <strong>S\u00d3JOV\u00dd<\/strong> lecit\u00edn, farbivo: paprika, pr\u00edrodn\u00e1 pr\u00edchu\u0165 (pomaran\u010d 0,6%),\u010dokol\u00e1dov\u00e1 poleva 30 % &#8211; zlo\u017eenie: cukor, kakaov\u00e1 hmota, kakaov\u00e9 maslo, emulg\u00e1tor: <strong>S\u00d3JOV\u00dd<\/strong> lecit\u00edn, pr\u00edrodn\u00e1 vanilkov\u00e1 pr\u00edchu\u0165. Minim\u00e1lny obsak kakaa 52 %. M\u00f4\u017ee obsahova\u0165 <strong>MLIEKO<\/strong>. Ingrediencie z E\u00da aj mimo E\u00da.<\/p>\n<p>Nutri\u010dn\u00e9 hodnoty na 100 g produktu: energia 2315 kj\/556 kcal, tuk 36 g z toho nas\u00fdten\u00e9 5,1 g, uh\u013eohydr\u00e1ty 51 g z toho cukor 49 g, bielkoviny 6,1 g, so\u013e 0,13, vl\u00e1knina 2,3 g<\/p>\n<p>Vyroben\u00e9 v Taliansku<\/p>\n<p><img loading=\"lazy\" decoding=\"async\" class=\"alignnone size-medium wp-image-5055\" src=\"https:\/\/www.positivitee.sk\/wp-content\/uploads\/2021\/11\/antica_logo_square-300x300.png\" alt=\"\" width=\"300\" height=\"300\" srcset=\"https:\/\/www.positivitee.sk\/wp-content\/uploads\/2021\/11\/antica_logo_square-300x300.png 300w, https:\/\/www.positivitee.sk\/wp-content\/uploads\/2021\/11\/antica_logo_square-150x150.png 150w, https:\/\/www.positivitee.sk\/wp-content\/uploads\/2021\/11\/antica_logo_square-324x324.png 324w, https:\/\/www.positivitee.sk\/wp-content\/uploads\/2021\/11\/antica_logo_square-416x416.png 416w, https:\/\/www.positivitee.sk\/wp-content\/uploads\/2021\/11\/antica_logo_square-100x100.png 100w, https:\/\/www.positivitee.sk\/wp-content\/uploads\/2021\/11\/antica_logo_square.png 554w\" sizes=\"auto, (max-width: 300px) 100vw, 300px\" \/><\/p>\n","protected":false},"excerpt":{"rendered":"<p><code>T0603902000<\/code>ELIT &#8211; TORRONCINI MISTI ZMES VL\u00c1\u010cN\u00c9HO NUG\u00c1TU V POLEVE &#8211; C\u00c9DER, VANILKA, POMARAN\u010c a KAKAO, BEZ GMO, 200 g<\/p>\n","protected":false},"featured_media":5976,"template":"","meta":{"jetpack_post_was_ever_published":false,"jetpack_publicize_message":"","jetpack_publicize_feature_enabled":true,"jetpack_social_post_already_shared":true,"jetpack_social_options":{"image_generator_settings":{"template":"highway","default_image_id":0,"font":"","enabled":false},"version":2}},"product_brand":[],"product_cat":[119],"product_tag":[],"class_list":{"0":"post-5975","1":"product","2":"type-product","3":"status-publish","4":"has-post-thumbnail","6":"product_cat-antica-torroneria-piemontese-cukrovinky-z-talianska","8":"first","9":"instock","10":"shipping-taxable","11":"purchasable","12":"product-type-simple"},"jetpack_publicize_connections":[],"jetpack_sharing_enabled":true,"_links":{"self":[{"href":"https:\/\/www.positivitee.sk\/index.php\/wp-json\/wp\/v2\/product\/5975","targetHints":{"allow":["GET"]}}],"collection":[{"href":"https:\/\/www.positivitee.sk\/index.php\/wp-json\/wp\/v2\/product"}],"about":[{"href":"https:\/\/www.positivitee.sk\/index.php\/wp-json\/wp\/v2\/types\/product"}],"wp:featuredmedia":[{"embeddable":true,"href":"https:\/\/www.positivitee.sk\/index.php\/wp-json\/wp\/v2\/media\/5976"}],"wp:attachment":[{"href":"https:\/\/www.positivitee.sk\/index.php\/wp-json\/wp\/v2\/media?parent=5975"}],"wp:term":[{"taxonomy":"product_brand","embeddable":true,"href":"https:\/\/www.positivitee.sk\/index.php\/wp-json\/wp\/v2\/product_brand?post=5975"},{"taxonomy":"product_cat","embeddable":true,"href":"https:\/\/www.positivitee.sk\/index.php\/wp-json\/wp\/v2\/product_cat?post=5975"},{"taxonomy":"product_tag","embeddable":true,"href":"https:\/\/www.positivitee.sk\/index.php\/wp-json\/wp\/v2\/product_tag?post=5975"}],"curies":[{"name":"wp","href":"https:\/\/api.w.org\/{rel}","templated":true}]}}