{"id":5985,"date":"2024-11-06T15:38:53","date_gmt":"2024-11-06T15:38:53","guid":{"rendered":"https:\/\/www.positivitee.sk\/?post_type=product&#038;p=5985"},"modified":"2025-01-21T15:51:45","modified_gmt":"2025-01-21T15:51:45","slug":"torrone-vlacny-nugat-s-mandlami-a-pistaciami-bez-gmo-bez-lepku-80g","status":"publish","type":"product","link":"https:\/\/www.positivitee.sk\/index.php\/product\/torrone-vlacny-nugat-s-mandlami-a-pistaciami-bez-gmo-bez-lepku-80g\/","title":{"rendered":"Torrone &#8211; VL\u00c1\u010cNY NUG\u00c1T S MAND\u013dAMI a PIST\u00c1CIAMI, BEZ GMO, BEZ LEPKU, 80 g"},"content":{"rendered":"<p><code>T1606900810<\/code>VL\u00c1\u010cNY NUG\u00c1T S MAND\u013dAMI a PIST\u00c1CIAMI, BEZ GMO, BEZ LEPKU,80 g<\/p>\n<p><img decoding=\"async\" src=\"https:\/\/www.positivitee.sk\/wp-content\/uploads\/2024\/11\/462539801_2415717068768010_4460196553623708482_n-1.png\" \/><\/p>\n<p>Zlo\u017eenie: MANDLE 27%, cukor, MED, PIST\u00c1CIE 16%, gluk\u00f3zov\u00fd sirup, VAJE\u010cN\u00dd bielok, zemiakov\u00fd \u0161krob, opl\u00e1tka (zemiakov\u00fd \u0161krob, voda, olivov\u00fd olej). M\u00f4\u017ee obsahova\u0165 stopy \u010fal\u0161\u00edch ORECHOV.<\/p>\n<p>Nutri\u010dn\u00e9 hodnoty na 100g produktu: ,energia 1910 kj\/456 kcal, tuk 19,4g z toho nas\u00fdten\u00e9 2,1g, ,uh\u013eohydr\u00e1ty 54,71g z toho cukor 48,2g, bielkoviny 13,31g, ,so\u013e 0,083g, vl\u00e1knina 4,5g. Uskladnite v chlade a suchu.<\/p>\n<p>Vyroben\u00e9 v Taliansku.<\/p>\n<p><img loading=\"lazy\" decoding=\"async\" class=\"alignnone size-medium wp-image-5055\" src=\"https:\/\/www.positivitee.sk\/wp-content\/uploads\/2021\/11\/antica_logo_square-300x300.png\" alt=\"\" width=\"300\" height=\"300\" srcset=\"https:\/\/www.positivitee.sk\/wp-content\/uploads\/2021\/11\/antica_logo_square-300x300.png 300w, https:\/\/www.positivitee.sk\/wp-content\/uploads\/2021\/11\/antica_logo_square-150x150.png 150w, https:\/\/www.positivitee.sk\/wp-content\/uploads\/2021\/11\/antica_logo_square-324x324.png 324w, https:\/\/www.positivitee.sk\/wp-content\/uploads\/2021\/11\/antica_logo_square-416x416.png 416w, https:\/\/www.positivitee.sk\/wp-content\/uploads\/2021\/11\/antica_logo_square-100x100.png 100w, https:\/\/www.positivitee.sk\/wp-content\/uploads\/2021\/11\/antica_logo_square.png 554w\" sizes=\"auto, (max-width: 300px) 100vw, 300px\" \/><\/p>\n","protected":false},"excerpt":{"rendered":"<p><code>T1606900810<\/code>VL\u00c1\u010cNY NUG\u00c1T S MAND\u013dAMI a PIST\u00c1CIAMI, BEZ GMO, BEZ LEPKU,80 g<\/p>\n","protected":false},"featured_media":5986,"template":"","meta":{"jetpack_post_was_ever_published":false,"jetpack_publicize_message":"","jetpack_publicize_feature_enabled":true,"jetpack_social_post_already_shared":true,"jetpack_social_options":{"image_generator_settings":{"template":"highway","default_image_id":0,"font":"","enabled":false},"version":2}},"product_brand":[],"product_cat":[119],"product_tag":[],"class_list":{"0":"post-5985","1":"product","2":"type-product","3":"status-publish","4":"has-post-thumbnail","6":"product_cat-antica-torroneria-piemontese-cukrovinky-z-talianska","8":"first","9":"instock","10":"shipping-taxable","11":"purchasable","12":"product-type-simple"},"jetpack_publicize_connections":[],"jetpack_sharing_enabled":true,"_links":{"self":[{"href":"https:\/\/www.positivitee.sk\/index.php\/wp-json\/wp\/v2\/product\/5985","targetHints":{"allow":["GET"]}}],"collection":[{"href":"https:\/\/www.positivitee.sk\/index.php\/wp-json\/wp\/v2\/product"}],"about":[{"href":"https:\/\/www.positivitee.sk\/index.php\/wp-json\/wp\/v2\/types\/product"}],"wp:featuredmedia":[{"embeddable":true,"href":"https:\/\/www.positivitee.sk\/index.php\/wp-json\/wp\/v2\/media\/5986"}],"wp:attachment":[{"href":"https:\/\/www.positivitee.sk\/index.php\/wp-json\/wp\/v2\/media?parent=5985"}],"wp:term":[{"taxonomy":"product_brand","embeddable":true,"href":"https:\/\/www.positivitee.sk\/index.php\/wp-json\/wp\/v2\/product_brand?post=5985"},{"taxonomy":"product_cat","embeddable":true,"href":"https:\/\/www.positivitee.sk\/index.php\/wp-json\/wp\/v2\/product_cat?post=5985"},{"taxonomy":"product_tag","embeddable":true,"href":"https:\/\/www.positivitee.sk\/index.php\/wp-json\/wp\/v2\/product_tag?post=5985"}],"curies":[{"name":"wp","href":"https:\/\/api.w.org\/{rel}","templated":true}]}}