{"id":6046,"date":"2025-01-26T18:35:58","date_gmt":"2025-01-26T18:35:58","guid":{"rendered":"https:\/\/www.positivitee.sk\/?post_type=product&#038;p=6046"},"modified":"2025-11-12T11:03:08","modified_gmt":"2025-11-12T11:03:08","slug":"torrone-cokoladove-pralinky-tartufo-s-pistaciami-bez-gmo-bez-lepku-200-g","status":"publish","type":"product","link":"https:\/\/www.positivitee.sk\/index.php\/product\/torrone-cokoladove-pralinky-tartufo-s-pistaciami-bez-gmo-bez-lepku-200-g\/","title":{"rendered":"Torrone &#8211; \u010cOKOL\u00c1DOV\u00c9 PRALINKY TARTUFO S PIST\u00c1CIAMI, BEZ GMO, BEZ LEPKU, 200g"},"content":{"rendered":"<p><code>T0616502000<\/code>\u010cOKOL\u00c1DOV\u00c9 PRALINKY TARTUFO S PIST\u00c1CIAMI, BEZ GMO, BEZ LEPKU, 200g<\/p>\n<p>&nbsp;<\/p>\n<p><img decoding=\"async\" src=\"https:\/\/www.positivitee.sk\/wp-content\/uploads\/2025\/01\/471908950_615803807764043_1169499992929907935_n-324x324.png\" \/><\/p>\n<p>Zlo\u017eenie: biela \u010dokol\u00e1da (cukor, plnotu\u010dn\u00e9 pr\u00e1\u0161kov\u00e9 <strong>MLIEKO<\/strong>, kakaov\u00e9 maslo. emulg\u00e1tor: <strong>S\u00d3JOV\u00dd<\/strong> lecit\u00edn, pr\u00edrodn\u00e1 vanilka), <strong>PIST\u00c1CIE<\/strong> 32% (cel\u00e9 a pasta), cukor. M\u00f4\u017ee obsahova\u0165 stopy \u010fal\u0161\u00edch <strong>ORECHOV<\/strong>.<\/p>\n<p>M\u00f4\u017ee obsahova\u0165 stopy \u010fal\u0161\u00edch ORECHOV. P\u00f4vod surov\u00edn v E\u00da a mimo E\u00da. M\u00f4\u017ee obsahova\u0165 stopy \u010fal\u0161\u00edch ORECHOV a MLIEKA.<\/p>\n<p>Nutri\u010dn\u00e9 hodnoty na 100g produktu: energia 2243 kj\/538 kcal, tuk 32,11g z toho nas\u00fdten\u00e9 15,1g, uh\u013eohydr\u00e1ty 49,27g z toho cukor 42,11g, bielkoviny 10,56g, so\u013e 0,157g, vl\u00e1knina 4,76g.<\/p>\n<p>Vyroben\u00e9 v Taliansku.<\/p>\n<p><img loading=\"lazy\" decoding=\"async\" class=\"alignnone size-medium wp-image-5055\" src=\"https:\/\/www.positivitee.sk\/wp-content\/uploads\/2021\/11\/antica_logo_square-300x300.png\" alt=\"\" width=\"300\" height=\"300\" srcset=\"https:\/\/www.positivitee.sk\/wp-content\/uploads\/2021\/11\/antica_logo_square-300x300.png 300w, https:\/\/www.positivitee.sk\/wp-content\/uploads\/2021\/11\/antica_logo_square-150x150.png 150w, https:\/\/www.positivitee.sk\/wp-content\/uploads\/2021\/11\/antica_logo_square-324x324.png 324w, https:\/\/www.positivitee.sk\/wp-content\/uploads\/2021\/11\/antica_logo_square-416x416.png 416w, https:\/\/www.positivitee.sk\/wp-content\/uploads\/2021\/11\/antica_logo_square-100x100.png 100w, https:\/\/www.positivitee.sk\/wp-content\/uploads\/2021\/11\/antica_logo_square.png 554w\" sizes=\"auto, (max-width: 300px) 100vw, 300px\" \/><\/p>\n","protected":false},"excerpt":{"rendered":"<p><code>T0616502000<\/code>\u010cOKOL\u00c1DOV\u00c9 PRALINKY TARTUFO S PIST\u00c1CIAMI, BEZ GMO, BEZ LEPKU, 200g<\/p>\n","protected":false},"featured_media":6047,"template":"","meta":{"jetpack_post_was_ever_published":false,"jetpack_publicize_message":"","jetpack_publicize_feature_enabled":true,"jetpack_social_post_already_shared":true,"jetpack_social_options":{"image_generator_settings":{"template":"highway","default_image_id":0,"font":"","enabled":false},"version":2}},"product_brand":[],"product_cat":[119],"product_tag":[],"class_list":{"0":"post-6046","1":"product","2":"type-product","3":"status-publish","4":"has-post-thumbnail","6":"product_cat-antica-torroneria-piemontese-cukrovinky-z-talianska","8":"first","9":"instock","10":"shipping-taxable","11":"purchasable","12":"product-type-simple"},"jetpack_publicize_connections":[],"jetpack_sharing_enabled":true,"_links":{"self":[{"href":"https:\/\/www.positivitee.sk\/index.php\/wp-json\/wp\/v2\/product\/6046","targetHints":{"allow":["GET"]}}],"collection":[{"href":"https:\/\/www.positivitee.sk\/index.php\/wp-json\/wp\/v2\/product"}],"about":[{"href":"https:\/\/www.positivitee.sk\/index.php\/wp-json\/wp\/v2\/types\/product"}],"wp:featuredmedia":[{"embeddable":true,"href":"https:\/\/www.positivitee.sk\/index.php\/wp-json\/wp\/v2\/media\/6047"}],"wp:attachment":[{"href":"https:\/\/www.positivitee.sk\/index.php\/wp-json\/wp\/v2\/media?parent=6046"}],"wp:term":[{"taxonomy":"product_brand","embeddable":true,"href":"https:\/\/www.positivitee.sk\/index.php\/wp-json\/wp\/v2\/product_brand?post=6046"},{"taxonomy":"product_cat","embeddable":true,"href":"https:\/\/www.positivitee.sk\/index.php\/wp-json\/wp\/v2\/product_cat?post=6046"},{"taxonomy":"product_tag","embeddable":true,"href":"https:\/\/www.positivitee.sk\/index.php\/wp-json\/wp\/v2\/product_tag?post=6046"}],"curies":[{"name":"wp","href":"https:\/\/api.w.org\/{rel}","templated":true}]}}