{"id":6053,"date":"2025-01-31T19:32:50","date_gmt":"2025-01-31T19:32:50","guid":{"rendered":"https:\/\/www.positivitee.sk\/?post_type=product&#038;p=6053"},"modified":"2025-03-05T09:20:59","modified_gmt":"2025-03-05T09:20:59","slug":"torrone-perfetto-h-pralinky-z-extra-tmavej-cokolady-s-celymi-lieskovcami-bez-lepku-150-g","status":"publish","type":"product","link":"https:\/\/www.positivitee.sk\/index.php\/product\/torrone-perfetto-h-pralinky-z-extra-tmavej-cokolady-s-celymi-lieskovcami-bez-lepku-150-g\/","title":{"rendered":"Torrone &#8211;  PERFETTO H, PRALINKY Z EXTRA TMAVEJ \u010cOKOL\u00c1DY S CEL\u00ddMI LIESKOVCAMI, BEZ LEPKU, 150 g"},"content":{"rendered":"<p><code>T0602601510<\/code> PERFETTO H, PRALINKY Z EXTRA TMAVEJ \u010cOKOL\u00c1DY S CEL\u00ddMI LIESKOVCAMI, BEZ LEPKU, 150 g<\/p>\n<p><img decoding=\"async\" src=\"https:\/\/www.positivitee.sk\/wp-content\/uploads\/2025\/01\/475125983_1132711401577503_5355998024721667390_n-324x324.png\" \/><\/p>\n<p lang=\"en-US\" align=\"left\"><span style=\"font-family: Arial, sans-serif;\"><span lang=\"sk-SK\">Zlo\u017eenie: extra tmav\u00e1 \u010dokol\u00e1da 62% (cukor, kakov\u00e1 pasta, kakaov\u00e9 maslo, emulg\u00e1tor: <\/span><\/span><span style=\"font-family: Arial, sans-serif;\"><span lang=\"sk-SK\"><b>S\u00d3JOV\u00dd<\/b><\/span><\/span><span style=\"font-family: Arial, sans-serif;\"><span lang=\"sk-SK\"> lecit\u00edn, pr\u00edrodn\u00e1 vanilka, obsah kakaa min. 52%), <\/span><\/span><span style=\"font-family: Arial, sans-serif;\"><span lang=\"sk-SK\"><b>LIESKOVCE<\/b><\/span><\/span><span style=\"font-family: Arial, sans-serif;\"><span lang=\"sk-SK\"> 38%. M\u00f4\u017ee obsahova\u0165 stopy <\/span><\/span><span style=\"font-family: Arial, sans-serif;\"><span lang=\"sk-SK\"><b>MANDL\u00cd<\/b><\/span><\/span><span style=\"font-family: Arial, sans-serif;\"><span lang=\"sk-SK\">, <\/span><\/span><span style=\"font-family: Arial, sans-serif;\"><span lang=\"sk-SK\"><b>PIST\u00c1CII<\/b><\/span><\/span><span style=\"font-family: Arial, sans-serif;\"><span lang=\"sk-SK\"> a <\/span><\/span><span style=\"font-family: Arial, sans-serif;\"><span lang=\"sk-SK\"><b>MLIEKA<\/b><\/span><\/span><span style=\"font-family: Arial, sans-serif;\"><span lang=\"sk-SK\">.<\/span><\/span><\/p>\n<p lang=\"en-US\" align=\"left\"><span style=\"font-family: Arial, sans-serif;\"><span lang=\"sk-SK\"> Nutri\u010dn\u00e9 hodnoty na <\/span><\/span><span style=\"font-family: Arial, sans-serif;\"><span lang=\"sk-SK\">100g produktu: energia <\/span><\/span><span style=\"font-family: Arial, sans-serif;\"><span lang=\"sk-SK\">2<\/span><\/span><span style=\"font-family: Arial, sans-serif;\"><span lang=\"sk-SK\">628<\/span><\/span><span style=\"font-family: Arial, sans-serif;\"><span lang=\"sk-SK\"> k<\/span><\/span><span style=\"font-family: Arial, sans-serif;\"><span lang=\"sk-SK\">J<\/span><\/span><span style=\"font-family: Arial, sans-serif;\"><span lang=\"sk-SK\"> \/<\/span><\/span><span style=\"font-family: Arial, sans-serif;\"><span lang=\"sk-SK\">663 <\/span><\/span><span style=\"font-family: Arial, sans-serif;\"><span lang=\"sk-SK\">kcal, tuk <\/span><\/span><span style=\"font-family: Arial, sans-serif;\"><span lang=\"sk-SK\">49<\/span><\/span><span style=\"font-family: Arial, sans-serif;\"><span lang=\"sk-SK\">g z toho <\/span><\/span><span style=\"font-family: Arial, sans-serif;\"><span lang=\"sk-SK\">nas\u00fdten\u00e9 <\/span><\/span><span style=\"font-family: Arial, sans-serif;\"><span lang=\"sk-SK\">20<\/span><\/span><span style=\"font-family: Arial, sans-serif;\"><span lang=\"sk-SK\">g, uh\u013eohydr\u00e1ty <\/span><\/span><span style=\"font-family: Arial, sans-serif;\"><span lang=\"sk-SK\">36<\/span><\/span><span style=\"font-family: Arial, sans-serif;\"><span lang=\"sk-SK\">g z toho cukor <\/span><\/span><span style=\"font-family: Arial, sans-serif;\"><span lang=\"sk-SK\">31<\/span><\/span><span style=\"font-family: Arial, sans-serif;\"><span lang=\"sk-SK\">g, bielkoviny <\/span><\/span><span style=\"font-family: Arial, sans-serif;\"><span lang=\"sk-SK\">1<\/span><\/span><span style=\"font-family: Arial, sans-serif;\"><span lang=\"sk-SK\">1<\/span><\/span><span style=\"font-family: Arial, sans-serif;\"><span lang=\"sk-SK\">g, so\u013e 0,<\/span><\/span><span style=\"font-family: Arial, sans-serif;\"><span lang=\"sk-SK\">04<\/span><\/span><span style=\"font-family: Arial, sans-serif;\"><span lang=\"sk-SK\">g, vl\u00e1knina <\/span><\/span><span style=\"font-family: Arial, sans-serif;\"><span lang=\"sk-SK\">2<\/span><\/span><span style=\"font-family: Arial, sans-serif;\"><span lang=\"sk-SK\">,<\/span><\/span><span style=\"font-family: Arial, sans-serif;\"><span lang=\"sk-SK\">0<\/span><\/span><span style=\"font-family: Arial, sans-serif;\"><span lang=\"sk-SK\">g.<\/span><\/span><\/p>\n<p>Vyroben\u00e9 v Taliansku<\/p>\n<p><img loading=\"lazy\" decoding=\"async\" class=\"alignnone size-medium wp-image-5055\" src=\"https:\/\/www.positivitee.sk\/wp-content\/uploads\/2021\/11\/antica_logo_square-300x300.png\" alt=\"\" width=\"300\" height=\"300\" srcset=\"https:\/\/www.positivitee.sk\/wp-content\/uploads\/2021\/11\/antica_logo_square-300x300.png 300w, https:\/\/www.positivitee.sk\/wp-content\/uploads\/2021\/11\/antica_logo_square-150x150.png 150w, https:\/\/www.positivitee.sk\/wp-content\/uploads\/2021\/11\/antica_logo_square-324x324.png 324w, https:\/\/www.positivitee.sk\/wp-content\/uploads\/2021\/11\/antica_logo_square-416x416.png 416w, https:\/\/www.positivitee.sk\/wp-content\/uploads\/2021\/11\/antica_logo_square-100x100.png 100w, https:\/\/www.positivitee.sk\/wp-content\/uploads\/2021\/11\/antica_logo_square.png 554w\" sizes=\"auto, (max-width: 300px) 100vw, 300px\" \/><\/p>\n","protected":false},"excerpt":{"rendered":"<p><code>T0602601510<\/code> PERFETTO H, PRALINKY Z EXTRA TMAVEJ \u010cOKOL\u00c1DY S CEL\u00ddMI LIESKOVCAMI, BEZ LEPKU, 150 g<\/p>\n","protected":false},"featured_media":6054,"template":"","meta":{"jetpack_post_was_ever_published":false,"jetpack_publicize_message":"","jetpack_publicize_feature_enabled":true,"jetpack_social_post_already_shared":true,"jetpack_social_options":{"image_generator_settings":{"template":"highway","default_image_id":0,"font":"","enabled":false},"version":2}},"product_brand":[],"product_cat":[119],"product_tag":[],"class_list":{"0":"post-6053","1":"product","2":"type-product","3":"status-publish","4":"has-post-thumbnail","6":"product_cat-antica-torroneria-piemontese-cukrovinky-z-talianska","8":"first","9":"instock","10":"shipping-taxable","11":"purchasable","12":"product-type-simple"},"jetpack_publicize_connections":[],"jetpack_sharing_enabled":true,"_links":{"self":[{"href":"https:\/\/www.positivitee.sk\/index.php\/wp-json\/wp\/v2\/product\/6053","targetHints":{"allow":["GET"]}}],"collection":[{"href":"https:\/\/www.positivitee.sk\/index.php\/wp-json\/wp\/v2\/product"}],"about":[{"href":"https:\/\/www.positivitee.sk\/index.php\/wp-json\/wp\/v2\/types\/product"}],"wp:featuredmedia":[{"embeddable":true,"href":"https:\/\/www.positivitee.sk\/index.php\/wp-json\/wp\/v2\/media\/6054"}],"wp:attachment":[{"href":"https:\/\/www.positivitee.sk\/index.php\/wp-json\/wp\/v2\/media?parent=6053"}],"wp:term":[{"taxonomy":"product_brand","embeddable":true,"href":"https:\/\/www.positivitee.sk\/index.php\/wp-json\/wp\/v2\/product_brand?post=6053"},{"taxonomy":"product_cat","embeddable":true,"href":"https:\/\/www.positivitee.sk\/index.php\/wp-json\/wp\/v2\/product_cat?post=6053"},{"taxonomy":"product_tag","embeddable":true,"href":"https:\/\/www.positivitee.sk\/index.php\/wp-json\/wp\/v2\/product_tag?post=6053"}],"curies":[{"name":"wp","href":"https:\/\/api.w.org\/{rel}","templated":true}]}}