{"id":6056,"date":"2025-01-31T19:42:19","date_gmt":"2025-01-31T19:42:19","guid":{"rendered":"https:\/\/www.positivitee.sk\/?post_type=product&#038;p=6056"},"modified":"2025-11-12T11:02:06","modified_gmt":"2025-11-12T11:02:06","slug":"torrone-perfetto-m-karamelove-pralinky-z-bielej-cokolady-s-lieskovcamia-solou-bez-lepku-150-g","status":"publish","type":"product","link":"https:\/\/www.positivitee.sk\/index.php\/product\/torrone-perfetto-m-karamelove-pralinky-z-bielej-cokolady-s-lieskovcamia-solou-bez-lepku-150-g\/","title":{"rendered":"Torrone &#8211;  PERFETTO M, KARAMELOV\u00c9 PRALINKY Z BIELEJ \u010cOKOL\u00c1DY S LIESKOVCAMI A SO\u013dOU, BEZ LEPKU, 150 g"},"content":{"rendered":"<p><code>T0616901510<\/code> PERFETTO M, KARAMELOV\u00c9 PRALINKY Z BIELEJ \u010cOKOL\u00c1DY S LIESKOVCAMI A SO\u013dOU, BEZ LEPKU<br \/>\n<img decoding=\"async\" src=\"https:\/\/www.positivitee.sk\/wp-content\/uploads\/2025\/01\/475813762_1186605842815609_3388011333482450052_n-324x324.png\" \/><\/p>\n<p lang=\"sk-SK\" align=\"left\"><span style=\"font-family: Arial, sans-serif;\">Zlo\u017eenie: biela karamelov\u00e1 \u010dokol\u00e1da 66% (cukor, kakaov\u00e9 maslo, <\/span><span style=\"font-family: Arial, sans-serif;\"><span lang=\"sk-SK\">plnotu\u010dn\u00e9 pr\u00e1\u0161kov\u00e9 <\/span><\/span><span style=\"font-family: Arial, sans-serif;\"><span lang=\"sk-SK\"><b>MLIEKO<\/b><\/span><\/span><span style=\"font-family: Arial, sans-serif;\"><span lang=\"sk-SK\">, karamelov\u00fd pr\u00e1\u0161ok s MLIE\u010cNYM tukom <\/span><\/span><\/p>\n<p lang=\"sk-SK\" align=\"left\"><span style=\"font-family: Arial, sans-serif;\">10,5% (odtu\u010dnen\u00e9 pr\u00e1\u0161kov\u00e9 MLIEKO, pr\u00e1\u0161kov\u00e1 SRV\u00c1TKA, cukor, <\/span><span style=\"font-family: Arial, sans-serif;\">MLIE\u010cNY tuk, pr\u00edrodn\u00e1 vanilkov\u00e1 ar\u00f3ma), odtu\u010dnen\u00e9 pr\u00e1\u0161kov\u00e9 MLIEKO, karamelizovan\u00fd cukor 1.5%, kakov\u00e1 hmota, emulg\u00e1tor: slne\u010dnicov\u00fd <\/span><span style=\"font-family: Arial, sans-serif;\"><span lang=\"sk-SK\">ecit\u00edn, so\u013e), <\/span><\/span><span style=\"font-family: Arial, sans-serif;\"><span lang=\"sk-SK\"><b>LIESKOVCE<\/b><\/span><\/span><span style=\"font-family: Arial, sans-serif;\"><span lang=\"sk-SK\"> 33%, pr\u00edrodn\u00e1 ar\u00f3ma, so\u013e. Obsah soli 2,4%.<\/span><\/span><\/p>\n<p lang=\"en-US\" align=\"left\"><span style=\"font-family: Arial, sans-serif;\"><span lang=\"sk-SK\">M\u00f4\u017ee obsahova\u0165 stopy <\/span><\/span><span style=\"font-family: Arial, sans-serif;\"><span lang=\"sk-SK\"><b>MANDL\u00cd<\/b><\/span><\/span><span style=\"font-family: Arial, sans-serif;\"><span lang=\"sk-SK\">, <\/span><\/span><span style=\"font-family: Arial, sans-serif;\"><span lang=\"sk-SK\"><b>PIST\u00c1CII<\/b><\/span><\/span><span style=\"font-family: Arial, sans-serif;\"><span lang=\"sk-SK\"> a <\/span><\/span><span style=\"font-family: Arial, sans-serif;\"><span lang=\"sk-SK\"><b>S\u00d3JE<\/b><\/span><\/span><span style=\"font-family: Arial, sans-serif;\"><span lang=\"sk-SK\">.<\/span><\/span><\/p>\n<p lang=\"en-US\" align=\"left\"><span style=\"font-family: Arial, sans-serif;\"><span lang=\"sk-SK\"> Nutri\u010dn\u00e9 hodnoty <\/span><\/span><span style=\"font-family: Arial, sans-serif;\"><span lang=\"sk-SK\">na 100g produktu: energia 2<\/span><\/span><span style=\"font-family: Arial, sans-serif;\"><span lang=\"sk-SK\">410<\/span><\/span><span style=\"font-family: Arial, sans-serif;\"><span lang=\"sk-SK\"> k<\/span><\/span><span style=\"font-family: Arial, sans-serif;\"><span lang=\"sk-SK\">J<\/span><\/span><span style=\"font-family: Arial, sans-serif;\"><span lang=\"sk-SK\">\/5<\/span><\/span><span style=\"font-family: Arial, sans-serif;\"><span lang=\"sk-SK\">80 <\/span><\/span><span style=\"font-family: Arial, sans-serif;\"><span lang=\"sk-SK\">kcal, tuk <\/span><\/span><span style=\"font-family: Arial, sans-serif;\"><span lang=\"sk-SK\">41<\/span><\/span><span style=\"font-family: Arial, sans-serif;\"><span lang=\"sk-SK\">g z toho nas\u00fdten\u00e9 1<\/span><\/span><span style=\"font-family: Arial, sans-serif;\"><span lang=\"sk-SK\">4<\/span><\/span><span style=\"font-family: Arial, sans-serif;\"><span lang=\"sk-SK\">g, uh\u013eohydr\u00e1ty 4<\/span><\/span><span style=\"font-family: Arial, sans-serif;\"><span lang=\"sk-SK\">2<\/span><\/span><span style=\"font-family: Arial, sans-serif;\"><span lang=\"sk-SK\">g z toho cukor <\/span><\/span><span style=\"font-family: Arial, sans-serif;\"><span lang=\"sk-SK\">40<\/span><\/span><span style=\"font-family: Arial, sans-serif;\"><span lang=\"sk-SK\">g, bielkoviny <\/span><\/span><span style=\"font-family: Arial, sans-serif;\"><span lang=\"sk-SK\">8<\/span><\/span><span style=\"font-family: Arial, sans-serif;\"><span lang=\"sk-SK\">.<\/span><\/span><span style=\"font-family: Arial, sans-serif;\"><span lang=\"sk-SK\">9<\/span><\/span><span style=\"font-family: Arial, sans-serif;\"><span lang=\"sk-SK\">g, so\u013e <\/span><\/span><span style=\"font-family: Arial, sans-serif;\"><span lang=\"sk-SK\">2<\/span><\/span><span style=\"font-family: Arial, sans-serif;\"><span lang=\"sk-SK\">,<\/span><\/span><span style=\"font-family: Arial, sans-serif;\"><span lang=\"sk-SK\">4<\/span><\/span><span style=\"font-family: Arial, sans-serif;\"><span lang=\"sk-SK\">g, vl\u00e1knina <\/span><\/span><span style=\"font-family: Arial, sans-serif;\"><span lang=\"sk-SK\">3<\/span><\/span><span style=\"font-family: Arial, sans-serif;\"><span lang=\"sk-SK\">,<\/span><\/span><span style=\"font-family: Arial, sans-serif;\"><span lang=\"sk-SK\">9<\/span><\/span><span style=\"font-family: Arial, sans-serif;\"><span lang=\"sk-SK\">g.<\/span><\/span><\/p>\n<p>Vyroben\u00e9 v Taliansku<\/p>\n<p><img loading=\"lazy\" decoding=\"async\" class=\"alignnone size-medium wp-image-5055\" src=\"https:\/\/www.positivitee.sk\/wp-content\/uploads\/2021\/11\/antica_logo_square-300x300.png\" alt=\"\" width=\"300\" height=\"300\" srcset=\"https:\/\/www.positivitee.sk\/wp-content\/uploads\/2021\/11\/antica_logo_square-300x300.png 300w, https:\/\/www.positivitee.sk\/wp-content\/uploads\/2021\/11\/antica_logo_square-150x150.png 150w, https:\/\/www.positivitee.sk\/wp-content\/uploads\/2021\/11\/antica_logo_square-324x324.png 324w, https:\/\/www.positivitee.sk\/wp-content\/uploads\/2021\/11\/antica_logo_square-416x416.png 416w, https:\/\/www.positivitee.sk\/wp-content\/uploads\/2021\/11\/antica_logo_square-100x100.png 100w, https:\/\/www.positivitee.sk\/wp-content\/uploads\/2021\/11\/antica_logo_square.png 554w\" sizes=\"auto, (max-width: 300px) 100vw, 300px\" \/><\/p>\n","protected":false},"excerpt":{"rendered":"<p><code>T0616901510<\/code> PERFETTO M, KARAMELOV\u00c9 PRALINKY Z BIELEJ \u010cOKOL\u00c1DY S LIESKOVCAMI A SO\u013dOU, BEZ LEPKU<\/p>\n","protected":false},"featured_media":6057,"template":"","meta":{"jetpack_post_was_ever_published":false,"jetpack_publicize_message":"","jetpack_publicize_feature_enabled":true,"jetpack_social_post_already_shared":true,"jetpack_social_options":{"image_generator_settings":{"template":"highway","default_image_id":0,"font":"","enabled":false},"version":2}},"product_brand":[],"product_cat":[119],"product_tag":[],"class_list":{"0":"post-6056","1":"product","2":"type-product","3":"status-publish","4":"has-post-thumbnail","6":"product_cat-antica-torroneria-piemontese-cukrovinky-z-talianska","8":"first","9":"instock","10":"shipping-taxable","11":"purchasable","12":"product-type-simple"},"jetpack_publicize_connections":[],"jetpack_sharing_enabled":true,"_links":{"self":[{"href":"https:\/\/www.positivitee.sk\/index.php\/wp-json\/wp\/v2\/product\/6056","targetHints":{"allow":["GET"]}}],"collection":[{"href":"https:\/\/www.positivitee.sk\/index.php\/wp-json\/wp\/v2\/product"}],"about":[{"href":"https:\/\/www.positivitee.sk\/index.php\/wp-json\/wp\/v2\/types\/product"}],"wp:featuredmedia":[{"embeddable":true,"href":"https:\/\/www.positivitee.sk\/index.php\/wp-json\/wp\/v2\/media\/6057"}],"wp:attachment":[{"href":"https:\/\/www.positivitee.sk\/index.php\/wp-json\/wp\/v2\/media?parent=6056"}],"wp:term":[{"taxonomy":"product_brand","embeddable":true,"href":"https:\/\/www.positivitee.sk\/index.php\/wp-json\/wp\/v2\/product_brand?post=6056"},{"taxonomy":"product_cat","embeddable":true,"href":"https:\/\/www.positivitee.sk\/index.php\/wp-json\/wp\/v2\/product_cat?post=6056"},{"taxonomy":"product_tag","embeddable":true,"href":"https:\/\/www.positivitee.sk\/index.php\/wp-json\/wp\/v2\/product_tag?post=6056"}],"curies":[{"name":"wp","href":"https:\/\/api.w.org\/{rel}","templated":true}]}}