{"id":6074,"date":"2025-03-05T10:12:43","date_gmt":"2025-03-05T10:12:43","guid":{"rendered":"https:\/\/www.positivitee.sk\/?post_type=product&#038;p=6074"},"modified":"2025-03-11T14:31:30","modified_gmt":"2025-03-11T14:31:30","slug":"torrone-susienky-baci-di-dama-plnene-extra-tmavou-cokoladovou-naplnou-33-200-g","status":"publish","type":"product","link":"https:\/\/www.positivitee.sk\/index.php\/product\/torrone-susienky-baci-di-dama-plnene-extra-tmavou-cokoladovou-naplnou-33-200-g\/","title":{"rendered":"Torrone &#8211;  Su\u0161ienky BACI DI DAMA plnen\u00e9 extra tmavou \u010dokol\u00e1dovou n\u00e1pl\u0148ou (33%), 200 g"},"content":{"rendered":"<p><code>T0612902020<\/code>\u00a0 Su\u0161ienky BACI DI DAMA plnen\u00e9 extra tmavou \u010dokol\u00e1dovou n\u00e1pl\u0148ou (33%), 200 g<\/p>\n<p><img decoding=\"async\" src=\"https:\/\/www.positivitee.sk\/wp-content\/uploads\/2025\/03\/482312043_992521975627704_6335677940869745664_n.png\" \/><\/p>\n<p lang=\"en-US\" align=\"left\"><span style=\"font-family: Arial, sans-serif;\"><span lang=\"sk-SK\">Pi\u0161k\u00f3ta zlo\u017eenie 67%: <\/span><\/span><span style=\"font-family: Arial, sans-serif;\"><span lang=\"sk-SK\"><b>P\u0160ENI\u010cN\u00c1<\/b><\/span><\/span><span style=\"font-family: Arial, sans-serif;\"><span lang=\"sk-SK\"> m\u00faka, cukor, m\u00faka z piedmontsk\u00fdch <\/span><\/span><span style=\"font-family: Arial, sans-serif;\"><span lang=\"sk-SK\"><b>LIESKOVCOV<\/b><\/span><\/span><span style=\"font-family: Arial, sans-serif;\"><span lang=\"sk-SK\"> 20%, <\/span><\/span><span style=\"font-family: Arial, sans-serif;\"><span lang=\"sk-SK\"><b>MASLO<\/b><\/span><\/span><span style=\"font-family: Arial, sans-serif;\"><span lang=\"sk-SK\">, slne\u010dnicov\u00fd olej. N\u00e1pl\u0148 zlo\u017eenie: 33%: extra tmav\u00e1 \u010dokol\u00e1da (cukor, kakaov\u00e1 pasta, kakaov\u00e9 maslo, <\/span><\/span><span style=\"font-family: Arial, sans-serif;\"><span lang=\"sk-SK\">emulg\u00e1tor: <\/span><\/span><span style=\"font-family: Arial, sans-serif;\"><span lang=\"sk-SK\"><b>S\u00d3JOV\u00dd<\/b><\/span><\/span><span style=\"font-family: Arial, sans-serif;\"><span lang=\"sk-SK\"> lecit\u00edn, pr\u00edrodn\u00e1 vanilka, minimum kakaa 52%). Obsahuje <\/span><\/span><span style=\"font-family: Arial, sans-serif;\"><span lang=\"sk-SK\"><b>LEPOK<\/b><\/span><\/span><span style=\"font-family: Arial, sans-serif;\"><span lang=\"sk-SK\"> a <\/span><\/span><span style=\"font-family: Arial, sans-serif;\"><span lang=\"sk-SK\"><b>MLIEKO<\/b><\/span><\/span><span style=\"font-family: Arial, sans-serif;\"><span lang=\"sk-SK\">. M\u00f4\u017ee obsahova\u0165 in\u00fdch <\/span><\/span><span style=\"font-family: Arial, sans-serif;\"><span lang=\"sk-SK\"><b>ORECHOV<\/b><\/span><\/span><span style=\"font-family: Arial, sans-serif;\"><span lang=\"sk-SK\">, <\/span><\/span><span style=\"font-family: Arial, sans-serif;\"><span lang=\"sk-SK\"><b>VAJ\u00cd\u010cOK<\/b><\/span><\/span><span style=\"font-family: Arial, sans-serif;\"><span lang=\"sk-SK\"> a <\/span><\/span><span style=\"font-family: Arial, sans-serif;\"><span lang=\"sk-SK\"><b>HOR\u010cICE<\/b><\/span><\/span><\/p>\n<p lang=\"en-US\" align=\"left\"><span style=\"font-family: Arial, sans-serif;\"><span lang=\"sk-SK\">Nutri\u010dn\u00e9 hodnoty na 100g produktu: energia <\/span><\/span><span style=\"font-family: Arial, sans-serif;\"><span lang=\"sk-SK\">20<\/span><\/span><span style=\"font-family: Arial, sans-serif;\"><span lang=\"sk-SK\">16<\/span><\/span><span style=\"font-family: Arial, sans-serif;\"><span lang=\"sk-SK\"> k<\/span><\/span><span style=\"font-family: Arial, sans-serif;\"><span lang=\"sk-SK\">J<\/span><\/span><span style=\"font-family: Arial, sans-serif;\"><span lang=\"sk-SK\">\/<\/span><\/span><span style=\"font-family: Arial, sans-serif;\"><span lang=\"sk-SK\">48<\/span><\/span><span style=\"font-family: Arial, sans-serif;\"><span lang=\"sk-SK\">1<\/span><\/span><span style=\"font-family: Arial, sans-serif;\"><span lang=\"sk-SK\"> kcal, tuk <\/span><\/span><span style=\"font-family: Arial, sans-serif;\"><span lang=\"sk-SK\">2<\/span><\/span><span style=\"font-family: Arial, sans-serif;\"><span lang=\"sk-SK\">1<\/span><\/span><span style=\"font-family: Arial, sans-serif;\"><span lang=\"sk-SK\">g z toho nas\u00fdten\u00e9 1<\/span><\/span><span style=\"font-family: Arial, sans-serif;\"><span lang=\"sk-SK\">2<\/span><\/span><span style=\"font-family: Arial, sans-serif;\"><span lang=\"sk-SK\">g, uh\u013eohydr\u00e1ty <\/span><\/span><span style=\"font-family: Arial, sans-serif;\"><span lang=\"sk-SK\">6<\/span><\/span><span style=\"font-family: Arial, sans-serif;\"><span lang=\"sk-SK\">6<\/span><\/span><span style=\"font-family: Arial, sans-serif;\"><span lang=\"sk-SK\">g z toho cukor <\/span><\/span><span style=\"font-family: Arial, sans-serif;\"><span lang=\"sk-SK\">3<\/span><\/span><span style=\"font-family: Arial, sans-serif;\"><span lang=\"sk-SK\">5<\/span><\/span><span style=\"font-family: Arial, sans-serif;\"><span lang=\"sk-SK\">g, bielkoviny <\/span><\/span><span style=\"font-family: Arial, sans-serif;\"><span lang=\"sk-SK\">3<\/span><\/span><span style=\"font-family: Arial, sans-serif;\"><span lang=\"sk-SK\">.<\/span><\/span><span style=\"font-family: Arial, sans-serif;\"><span lang=\"sk-SK\">7<\/span><\/span><span style=\"font-family: Arial, sans-serif;\"><span lang=\"sk-SK\">g, so\u013e 0,<\/span><\/span><span style=\"font-family: Arial, sans-serif;\"><span lang=\"sk-SK\">49<\/span><\/span><span style=\"font-family: Arial, sans-serif;\"><span lang=\"sk-SK\">g, vl\u00e1knina <\/span><\/span><span style=\"font-family: Arial, sans-serif;\"><span lang=\"sk-SK\">5<\/span><\/span><span style=\"font-family: Arial, sans-serif;\"><span lang=\"sk-SK\">,<\/span><\/span><span style=\"font-family: Arial, sans-serif;\"><span lang=\"sk-SK\">9<\/span><\/span><span style=\"font-family: Arial, sans-serif;\"><span lang=\"sk-SK\">g.<\/span><\/span> <span style=\"font-family: Arial, sans-serif;\"><span lang=\"sk-SK\">Uskladnite v <\/span><\/span><\/p>\n<p>Vyroben\u00e9 v Taliansku<\/p>\n<p><img loading=\"lazy\" decoding=\"async\" class=\"alignnone size-medium wp-image-5055\" src=\"https:\/\/www.positivitee.sk\/wp-content\/uploads\/2021\/11\/antica_logo_square-300x300.png\" alt=\"\" width=\"300\" height=\"300\" srcset=\"https:\/\/www.positivitee.sk\/wp-content\/uploads\/2021\/11\/antica_logo_square-300x300.png 300w, https:\/\/www.positivitee.sk\/wp-content\/uploads\/2021\/11\/antica_logo_square-150x150.png 150w, https:\/\/www.positivitee.sk\/wp-content\/uploads\/2021\/11\/antica_logo_square-324x324.png 324w, https:\/\/www.positivitee.sk\/wp-content\/uploads\/2021\/11\/antica_logo_square-416x416.png 416w, https:\/\/www.positivitee.sk\/wp-content\/uploads\/2021\/11\/antica_logo_square-100x100.png 100w, https:\/\/www.positivitee.sk\/wp-content\/uploads\/2021\/11\/antica_logo_square.png 554w\" sizes=\"auto, (max-width: 300px) 100vw, 300px\" \/><\/p>\n","protected":false},"excerpt":{"rendered":"<p><code>T0612902020<\/code>\u00a0 Su\u0161ienky BACI DI DAMA plnen\u00e9 extra tmavou \u010dokol\u00e1dovou n\u00e1pl\u0148ou (33%), 200 g<\/p>\n","protected":false},"featured_media":6075,"template":"","meta":{"jetpack_post_was_ever_published":false,"jetpack_publicize_message":"","jetpack_publicize_feature_enabled":true,"jetpack_social_post_already_shared":true,"jetpack_social_options":{"image_generator_settings":{"template":"highway","default_image_id":0,"font":"","enabled":false},"version":2}},"product_brand":[],"product_cat":[119],"product_tag":[],"class_list":{"0":"post-6074","1":"product","2":"type-product","3":"status-publish","4":"has-post-thumbnail","6":"product_cat-antica-torroneria-piemontese-cukrovinky-z-talianska","8":"first","9":"instock","10":"shipping-taxable","11":"purchasable","12":"product-type-simple"},"jetpack_publicize_connections":[],"jetpack_sharing_enabled":true,"_links":{"self":[{"href":"https:\/\/www.positivitee.sk\/index.php\/wp-json\/wp\/v2\/product\/6074","targetHints":{"allow":["GET"]}}],"collection":[{"href":"https:\/\/www.positivitee.sk\/index.php\/wp-json\/wp\/v2\/product"}],"about":[{"href":"https:\/\/www.positivitee.sk\/index.php\/wp-json\/wp\/v2\/types\/product"}],"wp:featuredmedia":[{"embeddable":true,"href":"https:\/\/www.positivitee.sk\/index.php\/wp-json\/wp\/v2\/media\/6075"}],"wp:attachment":[{"href":"https:\/\/www.positivitee.sk\/index.php\/wp-json\/wp\/v2\/media?parent=6074"}],"wp:term":[{"taxonomy":"product_brand","embeddable":true,"href":"https:\/\/www.positivitee.sk\/index.php\/wp-json\/wp\/v2\/product_brand?post=6074"},{"taxonomy":"product_cat","embeddable":true,"href":"https:\/\/www.positivitee.sk\/index.php\/wp-json\/wp\/v2\/product_cat?post=6074"},{"taxonomy":"product_tag","embeddable":true,"href":"https:\/\/www.positivitee.sk\/index.php\/wp-json\/wp\/v2\/product_tag?post=6074"}],"curies":[{"name":"wp","href":"https:\/\/api.w.org\/{rel}","templated":true}]}}