{"id":6077,"date":"2025-03-07T09:05:35","date_gmt":"2025-03-07T09:05:35","guid":{"rendered":"https:\/\/www.positivitee.sk\/?post_type=product&#038;p=6077"},"modified":"2025-03-13T14:07:58","modified_gmt":"2025-03-13T14:07:58","slug":"torrone-cokoladove-pralinky-tartufo-so-susienkami-amaretti","status":"publish","type":"product","link":"https:\/\/www.positivitee.sk\/index.php\/product\/torrone-cokoladove-pralinky-tartufo-so-susienkami-amaretti\/","title":{"rendered":"Torrone \u2013 \u010cOKOL\u00c1DOV\u00c9 PRALINKY TARTUFO SO SU\u0160IENKAMI AMARETTI, BEZ GMO, BEZ LEPKU, 200 g"},"content":{"rendered":"<p><code>T0616702000<\/code> \u010cOKOL\u00c1DOV\u00c9 PRALINKY TARTUFO SO SU\u0160IENKAMI AMARETTI, BEZ GMO, BEZ LEPKU, 200 g<\/p>\n<p><img decoding=\"async\" src=\"https:\/\/www.positivitee.sk\/wp-content\/uploads\/2025\/03\/amaretto-324x324.png\" \/><\/p>\n<p>&nbsp;<\/p>\n<p><span lang=\"sk-SK\">Zlo\u017eenie: mlie\u010dna \u010dokol\u00e1da <\/span><span lang=\"sk-SK\">(cukor<\/span><span lang=\"sk-SK\">, kakaov\u00e9 maslo, <\/span><span lang=\"sk-SK\">plnotu\u010dn\u00e9 pr\u00e1\u0161kov\u00e9\u00a0<\/span><span lang=\"sk-SK\"><b>MLIEKO, <\/b>kakaov\u00e1 hmota<\/span><span lang=\"sk-SK\">, emulg\u00e1tor:\u00a0<\/span><span lang=\"sk-SK\"><b>S\u00d3JOV\u00dd<\/b><\/span><span lang=\"sk-SK\"> lecit\u00edn, pr\u00edrodn\u00e1 ar\u00f3ma: vanilka, min.kakaa 32 %), chrumkav\u00e9 k\u00fasky su\u0161ienok Amaretti 20% <\/span><span lang=\"sk-SK\">(cukor, jadr\u00e1 <strong>MARH\u00da\u013d<\/strong> 21 %, <strong>VAJ\u00cd\u010cKOV\u00dd<\/strong> bielok<\/span><span lang=\"sk-SK\">), <strong>MANDLE, LIESKOVCOV\u00c1<\/strong> pasta, kakaov\u00fd pr\u00e1\u0161ok, cukor, pr\u00edrodn\u00e1 ar\u00f3ma. M\u00f4\u017ee obsahova\u0165 : <strong>PIST\u00c1CIE<\/strong> a<strong> VLA\u0160SK\u00c9 ORECHY.<\/strong><\/span><\/p>\n<p><span lang=\"sk-SK\">Nutri\u010dn\u00e9 hodnoty na 100g produktu: energia 2246<\/span><span lang=\"sk-SK\"> k<\/span><span lang=\"sk-SK\">J<\/span><span lang=\"sk-SK\">\u00a0\/539<\/span> <span lang=\"sk-SK\">kcal, tuk 33g<\/span><span lang=\"sk-SK\"> z toho nas\u00fdten\u00e9 17g<\/span><span lang=\"sk-SK\">, uh\u013eohydr\u00e1ty 45g<\/span><span lang=\"sk-SK\"> z toho cukor 36g<\/span><span lang=\"sk-SK\">, bielkoviny 12g<\/span><span lang=\"sk-SK\">, so\u013e 0,<\/span><span lang=\"sk-SK\">1<\/span>03<span lang=\"sk-SK\">g, vl\u00e1knina <\/span>6,1<span lang=\"sk-SK\">g.<\/span><\/p>\n<p>Vyroben\u00e9 v Taliansku.<\/p>\n<p><img loading=\"lazy\" decoding=\"async\" class=\"alignnone size-medium wp-image-5055\" src=\"https:\/\/www.positivitee.sk\/wp-content\/uploads\/2021\/11\/antica_logo_square-300x300.png\" alt=\"\" width=\"300\" height=\"300\" srcset=\"https:\/\/www.positivitee.sk\/wp-content\/uploads\/2021\/11\/antica_logo_square-300x300.png 300w, https:\/\/www.positivitee.sk\/wp-content\/uploads\/2021\/11\/antica_logo_square-150x150.png 150w, https:\/\/www.positivitee.sk\/wp-content\/uploads\/2021\/11\/antica_logo_square-324x324.png 324w, https:\/\/www.positivitee.sk\/wp-content\/uploads\/2021\/11\/antica_logo_square-416x416.png 416w, https:\/\/www.positivitee.sk\/wp-content\/uploads\/2021\/11\/antica_logo_square-100x100.png 100w, https:\/\/www.positivitee.sk\/wp-content\/uploads\/2021\/11\/antica_logo_square.png 554w\" sizes=\"auto, (max-width: 300px) 100vw, 300px\" \/><\/p>\n","protected":false},"excerpt":{"rendered":"<p><code>T0616702000<\/code> \u010cOKOL\u00c1DOV\u00c9 PRALINKY TARTUFO SO SU\u0160IENKAMI AMARETTI, BEZ GMO, BEZ LEPKU, 200 g<\/p>\n","protected":false},"featured_media":6078,"template":"","meta":{"jetpack_post_was_ever_published":false,"jetpack_publicize_message":"","jetpack_publicize_feature_enabled":true,"jetpack_social_post_already_shared":true,"jetpack_social_options":{"image_generator_settings":{"template":"highway","default_image_id":0,"font":"","enabled":false},"version":2}},"product_brand":[],"product_cat":[119],"product_tag":[],"class_list":{"0":"post-6077","1":"product","2":"type-product","3":"status-publish","4":"has-post-thumbnail","6":"product_cat-antica-torroneria-piemontese-cukrovinky-z-talianska","8":"first","9":"instock","10":"shipping-taxable","11":"purchasable","12":"product-type-simple"},"jetpack_publicize_connections":[],"jetpack_sharing_enabled":true,"_links":{"self":[{"href":"https:\/\/www.positivitee.sk\/index.php\/wp-json\/wp\/v2\/product\/6077","targetHints":{"allow":["GET"]}}],"collection":[{"href":"https:\/\/www.positivitee.sk\/index.php\/wp-json\/wp\/v2\/product"}],"about":[{"href":"https:\/\/www.positivitee.sk\/index.php\/wp-json\/wp\/v2\/types\/product"}],"wp:featuredmedia":[{"embeddable":true,"href":"https:\/\/www.positivitee.sk\/index.php\/wp-json\/wp\/v2\/media\/6078"}],"wp:attachment":[{"href":"https:\/\/www.positivitee.sk\/index.php\/wp-json\/wp\/v2\/media?parent=6077"}],"wp:term":[{"taxonomy":"product_brand","embeddable":true,"href":"https:\/\/www.positivitee.sk\/index.php\/wp-json\/wp\/v2\/product_brand?post=6077"},{"taxonomy":"product_cat","embeddable":true,"href":"https:\/\/www.positivitee.sk\/index.php\/wp-json\/wp\/v2\/product_cat?post=6077"},{"taxonomy":"product_tag","embeddable":true,"href":"https:\/\/www.positivitee.sk\/index.php\/wp-json\/wp\/v2\/product_tag?post=6077"}],"curies":[{"name":"wp","href":"https:\/\/api.w.org\/{rel}","templated":true}]}}