{"id":6082,"date":"2025-03-12T11:03:33","date_gmt":"2025-03-12T11:03:33","guid":{"rendered":"https:\/\/www.positivitee.sk\/?post_type=product&#038;p=6082"},"modified":"2025-03-13T13:56:24","modified_gmt":"2025-03-13T13:56:24","slug":"torrone-cokoladove-pralinky-tartufo-s-pistaciami-a-malinami-bez-gmo-bez-lepku-100-g","status":"publish","type":"product","link":"https:\/\/www.positivitee.sk\/index.php\/product\/torrone-cokoladove-pralinky-tartufo-s-pistaciami-a-malinami-bez-gmo-bez-lepku-100-g\/","title":{"rendered":"Torrone &#8211; \u010cOKOL\u00c1DOV\u00c9 PRALINKY TARTUFO S  PIST\u00c1CIAMI A MALINAMI, BEZ GMO BEZ LEPKU, 100g"},"content":{"rendered":"<p><code>T1614101000<\/code> \u010cOKOL\u00c1DOV\u00c9 PRALINKY TARTUFO S PIST\u00c1CIAMI A MALINAMI, BEZ GMO BEZ LEPKU, 100g<\/p>\n<p><img decoding=\"async\" src=\"https:\/\/www.positivitee.sk\/wp-content\/uploads\/2025\/03\/482698808_862467449307617_5441524896264637139_n.png\" \/><\/p>\n<p><span style=\"font-family: Arial, sans-serif; font-size: large;\"><span lang=\"sk-SK\">Zlo\u017eenie: biela \u010dokol\u00e1da (cukor, plnotu\u010dn\u00e9 pr\u00e1\u0161kov\u00e9 <\/span><\/span><span style=\"font-family: Arial, sans-serif; font-size: large;\"><span lang=\"sk-SK\"><b>MLIEKO<\/b><\/span><\/span><span style=\"font-family: Arial, sans-serif; font-size: large;\"><span lang=\"sk-SK\">, kakaov\u00e9 maslo, emulg\u00e1tor: <\/span><\/span><span style=\"font-family: Arial, sans-serif; font-size: large;\"><span lang=\"sk-SK\"><b>S\u00d3JOV\u00dd<\/b><\/span><\/span><span style=\"font-family: Arial, sans-serif; font-size: large;\"><span lang=\"sk-SK\"> lecit\u00edn, pr\u00edrodn\u00e1 vanilka), <\/span><\/span><span style=\"font-family: Arial, sans-serif; font-size: large;\"><span lang=\"sk-SK\"><b>PIST\u00c1CIE<\/b><\/span><\/span><span style=\"font-family: Arial, sans-serif; font-size: large;\"><span lang=\"sk-SK\"> 31,5% (cel\u00e9 PIST\u00c1CIE,PIST\u00c1CIOV\u00c1 pasta), malin-<\/span><\/span><span style=\"font-family: Arial, sans-serif; font-size: large;\"><span lang=\"sk-SK\">ov\u00fd pr\u00e1\u0161ok 3% (malinov\u00e9 pyr\u00e9 91%, jablkov\u00e1 vl\u00e1knina, pr\u00edrodn\u00e1 malinov\u00e1 ar\u00f3ma, (redkvi\u010dka, mrkva)), kak<\/span><\/span><span style=\"font-family: Arial, sans-serif; font-size: large;\"><span lang=\"sk-SK\">a<\/span><\/span><span style=\"font-family: Arial, sans-serif; font-size: large;\"><span lang=\"sk-SK\">ov\u00fd pr\u00e1\u0161ok, mo\u017ee obsahova\u0165 <\/span><\/span><span style=\"font-family: Arial, sans-serif; font-size: large;\"><span lang=\"sk-SK\"><b>LIESKOVCE<\/b><\/span><\/span><span style=\"font-family: Arial, sans-serif; font-size: large;\"><span lang=\"sk-SK\"> a <\/span><\/span><span style=\"font-family: Arial, sans-serif; font-size: large;\"><span lang=\"sk-SK\"><b>MANDLE<\/b><\/span><\/span><span style=\"font-family: Arial, sans-serif; font-size: large;\"><span lang=\"sk-SK\">. <\/span><\/span><\/p>\n<p><span style=\"font-family: Arial, sans-serif; font-size: large;\"><span lang=\"sk-SK\">Nutri\u010dn\u00e9 hodnoty na 100g produktu: energia <\/span><\/span><span style=\"font-family: Arial, sans-serif; font-size: large;\"><span lang=\"sk-SK\">2337<\/span><\/span><span style=\"font-family: Arial, sans-serif; font-size: large;\"><span lang=\"sk-SK\"> k<\/span><\/span><span style=\"font-family: Arial, sans-serif; font-size: large;\"><span lang=\"sk-SK\">J<\/span><\/span><span style=\"font-family: Arial, sans-serif; font-size: large;\"><span lang=\"sk-SK\"> \/<\/span><\/span><span style=\"font-family: Arial, sans-serif; font-size: large;\"><span lang=\"sk-SK\">5<\/span><\/span><span style=\"font-family: Arial, sans-serif; font-size: large;\"><span lang=\"sk-SK\">61<\/span><\/span> <span style=\"font-family: Arial, sans-serif; font-size: large;\"><span lang=\"sk-SK\">kcal, tuk <\/span><\/span><span style=\"font-family: Arial, sans-serif; font-size: large;\"><span lang=\"sk-SK\">3<\/span><\/span><span style=\"font-family: Arial, sans-serif; font-size: large;\"><span lang=\"sk-SK\">6<\/span><\/span><span style=\"font-family: Arial, sans-serif; font-size: large;\"><span lang=\"sk-SK\">g z toho nas\u00fdten\u00e9 <\/span><\/span><span style=\"font-family: Arial, sans-serif; font-size: large;\"><span lang=\"sk-SK\">2<\/span><\/span><span style=\"font-family: Arial, sans-serif; font-size: large;\"><span lang=\"sk-SK\">3<\/span><\/span><span style=\"font-family: Arial, sans-serif; font-size: large;\"><span lang=\"sk-SK\">g, uh\u013eohydr\u00e1ty <\/span><\/span><span style=\"font-family: Arial, sans-serif; font-size: large;\"><span lang=\"sk-SK\">48<\/span><\/span><span style=\"font-family: Arial, sans-serif; font-size: large;\"><span lang=\"sk-SK\">g z toho cukor <\/span><\/span><span style=\"font-family: Arial, sans-serif; font-size: large;\"><span lang=\"sk-SK\">4<\/span><\/span><span style=\"font-family: Arial, sans-serif; font-size: large;\"><span lang=\"sk-SK\">2<\/span><\/span><span style=\"font-family: Arial, sans-serif; font-size: large;\"><span lang=\"sk-SK\">g, bielkoviny <\/span><\/span><span style=\"font-family: Arial, sans-serif; font-size: large;\"><span lang=\"sk-SK\">10<\/span><\/span><span style=\"font-family: Arial, sans-serif; font-size: large;\"><span lang=\"sk-SK\">g, so\u013e 0,<\/span><\/span><span style=\"font-family: Arial, sans-serif; font-size: large;\"><span lang=\"sk-SK\">1<\/span><\/span><span style=\"font-family: Arial, sans-serif; font-size: large;\"><span lang=\"sk-SK\">8<\/span><\/span><span style=\"font-family: Arial, sans-serif; font-size: large;\"><span lang=\"sk-SK\">g, vl\u00e1knina <\/span><\/span><span style=\"font-family: Arial, sans-serif; font-size: large;\"><span lang=\"sk-SK\">3<\/span><\/span><span style=\"font-family: Arial, sans-serif; font-size: large;\"><span lang=\"sk-SK\">,<\/span><\/span><span style=\"font-family: Arial, sans-serif; font-size: large;\"><span lang=\"sk-SK\">6<\/span><\/span><span style=\"font-family: Arial, sans-serif; font-size: large;\"><span lang=\"sk-SK\">g.<\/span><\/span><\/p>\n<p>Vyroben\u00e9 v Taliansku.<\/p>\n<p><img loading=\"lazy\" decoding=\"async\" class=\"alignnone size-medium wp-image-5055\" src=\"https:\/\/www.positivitee.sk\/wp-content\/uploads\/2021\/11\/antica_logo_square-300x300.png\" alt=\"\" width=\"300\" height=\"300\" srcset=\"https:\/\/www.positivitee.sk\/wp-content\/uploads\/2021\/11\/antica_logo_square-300x300.png 300w, https:\/\/www.positivitee.sk\/wp-content\/uploads\/2021\/11\/antica_logo_square-150x150.png 150w, https:\/\/www.positivitee.sk\/wp-content\/uploads\/2021\/11\/antica_logo_square-324x324.png 324w, https:\/\/www.positivitee.sk\/wp-content\/uploads\/2021\/11\/antica_logo_square-416x416.png 416w, https:\/\/www.positivitee.sk\/wp-content\/uploads\/2021\/11\/antica_logo_square-100x100.png 100w, https:\/\/www.positivitee.sk\/wp-content\/uploads\/2021\/11\/antica_logo_square.png 554w\" sizes=\"auto, (max-width: 300px) 100vw, 300px\" \/><\/p>\n","protected":false},"excerpt":{"rendered":"<p><code>T1614101000<\/code> \u010cOKOL\u00c1DOV\u00c9 PRALINKY TARTUFO S PIST\u00c1CIAMI A MALINAMI, BEZ GMO BEZ LEPKU, 100g<\/p>\n","protected":false},"featured_media":6083,"template":"","meta":{"jetpack_post_was_ever_published":false,"jetpack_publicize_message":"","jetpack_publicize_feature_enabled":true,"jetpack_social_post_already_shared":true,"jetpack_social_options":{"image_generator_settings":{"template":"highway","default_image_id":0,"font":"","enabled":false},"version":2}},"product_brand":[],"product_cat":[119],"product_tag":[],"class_list":{"0":"post-6082","1":"product","2":"type-product","3":"status-publish","4":"has-post-thumbnail","6":"product_cat-antica-torroneria-piemontese-cukrovinky-z-talianska","8":"first","9":"instock","10":"shipping-taxable","11":"purchasable","12":"product-type-simple"},"jetpack_publicize_connections":[],"jetpack_sharing_enabled":true,"_links":{"self":[{"href":"https:\/\/www.positivitee.sk\/index.php\/wp-json\/wp\/v2\/product\/6082","targetHints":{"allow":["GET"]}}],"collection":[{"href":"https:\/\/www.positivitee.sk\/index.php\/wp-json\/wp\/v2\/product"}],"about":[{"href":"https:\/\/www.positivitee.sk\/index.php\/wp-json\/wp\/v2\/types\/product"}],"wp:featuredmedia":[{"embeddable":true,"href":"https:\/\/www.positivitee.sk\/index.php\/wp-json\/wp\/v2\/media\/6083"}],"wp:attachment":[{"href":"https:\/\/www.positivitee.sk\/index.php\/wp-json\/wp\/v2\/media?parent=6082"}],"wp:term":[{"taxonomy":"product_brand","embeddable":true,"href":"https:\/\/www.positivitee.sk\/index.php\/wp-json\/wp\/v2\/product_brand?post=6082"},{"taxonomy":"product_cat","embeddable":true,"href":"https:\/\/www.positivitee.sk\/index.php\/wp-json\/wp\/v2\/product_cat?post=6082"},{"taxonomy":"product_tag","embeddable":true,"href":"https:\/\/www.positivitee.sk\/index.php\/wp-json\/wp\/v2\/product_tag?post=6082"}],"curies":[{"name":"wp","href":"https:\/\/api.w.org\/{rel}","templated":true}]}}