{"id":6107,"date":"2025-04-09T15:27:14","date_gmt":"2025-04-09T15:27:14","guid":{"rendered":"https:\/\/www.positivitee.sk\/?post_type=product&#038;p=6107"},"modified":"2025-11-06T12:13:12","modified_gmt":"2025-11-06T12:13:12","slug":"torrone-cokoladove-pralinky-tartufo-cremino-bez-gmo-bez-lepku","status":"publish","type":"product","link":"https:\/\/www.positivitee.sk\/index.php\/product\/torrone-cokoladove-pralinky-tartufo-cremino-bez-gmo-bez-lepku\/","title":{"rendered":"Torrone \u2013 \u010cOKOL\u00c1DOV\u00c9 PRALINKY TARTUFO CREMINO, BEZ GMO, BEZ LEPKU"},"content":{"rendered":"<p><code>T0606402000<\/code> \u010cOKOL\u00c1DOV\u00c9 PRALINKY TARTUFO CREMINO, BEZ GMO, BEZ <img decoding=\"async\" src=\"https:\/\/www.positivitee.sk\/wp-content\/uploads\/2025\/04\/488549940_671425208634766_4652578947496972033_n-324x324.png\" \/><\/p>\n<p>&nbsp;<\/p>\n<p lang=\"en-US\" align=\"left\"><span style=\"font-family: Arial, sans-serif;\"><span lang=\"sk-SK\">Zlo\u017eenie:<\/span><\/span> <span style=\"font-family: Arial, sans-serif;\"><span lang=\"sk-SK\">MLIE\u010cNA \u010dokol\u00e1da gianduja LIESKOV<\/span><\/span><span style=\"font-family: Arial, sans-serif;\"><span lang=\"sk-SK\">COV\u00c1 45%<\/span><\/span> <span style=\"font-family: Arial, sans-serif;\"><span lang=\"sk-SK\">(cukor, <\/span><\/span><span style=\"font-family: Arial, sans-serif;\"><span lang=\"sk-SK\"><b>LIESKOVCE<\/b><\/span><\/span><span style=\"font-family: Arial, sans-serif;\"><span lang=\"sk-SK\"> 25%, kakaov\u00e9 maslo, plnotu\u010dn\u00e9 pr\u00e1\u0161kov\u00e9 <\/span><\/span><span style=\"font-family: Arial, sans-serif;\"><span lang=\"sk-SK\"><b>MLIEKO<\/b><\/span><\/span><span style=\"font-family: Arial, sans-serif;\"><span lang=\"sk-SK\">, kakaov\u00e1 hmota. Emilg\u00e1tor: <\/span><\/span><span style=\"font-family: Arial, sans-serif;\"><span lang=\"sk-SK\"><b>S\u00d3JOV\u00dd<\/b><\/span><\/span><span style=\"font-family: Arial, sans-serif;\"><span lang=\"sk-SK\"> lecit\u00edn. <\/span><\/span><\/p>\n<p lang=\"en-US\" align=\"left\"><span style=\"font-family: Arial, sans-serif;\"><span lang=\"sk-SK\">Minimum 26,6% kakaa),<\/span><\/span> <span style=\"font-family: Arial, sans-serif;\"><span lang=\"sk-SK\">biela \u010dokol\u00e1da 43% (cukor, plnotu\u010dn\u00e9 <\/span><\/span><span style=\"font-family: Arial, sans-serif;\"><span lang=\"sk-SK\">pr\u00e1skov\u00e9 MLIEKO, kakaov\u00e9 maslo, emulg\u00e1tor: S\u00d3JOV\u00dd lecit\u00edn, ar\u00f3ma pr\u00edrodnej vanilky, LIESKOVCOV\u00c1 pasta, kakao, ar\u00f3ma. M\u00f4\u017ee obsahova\u0165 <\/span><\/span><span style=\"font-family: Arial, sans-serif;\"><span lang=\"sk-SK\"><b>MANDLE<\/b><\/span><\/span><span style=\"font-family: Arial, sans-serif;\"><span lang=\"sk-SK\"> a <\/span><\/span><span style=\"font-family: Arial, sans-serif;\"><span lang=\"sk-SK\"><b>PIST\u00c1CIE<\/b><\/span><\/span><span style=\"font-family: Arial, sans-serif;\"><span lang=\"sk-SK\">. Nutri\u010dn\u00e9 hodnoty na 100g produktu: energia <\/span><\/span><span style=\"font-family: Arial, sans-serif;\"><span lang=\"sk-SK\">2349 kj\/564 kcal, tuk 38g z toho nas\u00fdten\u00e9 16g, uh\u013eohydr\u00e1ty 43g z toho cukor 41g, bielkoviny 9g, so\u013e 0,097g vl\u00e1knina 3<\/span><\/span><span style=\"font-family: Arial, sans-serif;\"><span lang=\"sk-SK\">.<\/span><\/span> <span style=\"font-family: Arial, sans-serif;\"><span lang=\"sk-SK\">Uskladnite v chlade <\/span><\/span> <span style=\"font-family: Arial, sans-serif;\"><span lang=\"sk-SK\">a suchu.<\/span><\/span><\/p>\n<p>Vyroben\u00e9 v Taliansku.<\/p>\n<p><img loading=\"lazy\" decoding=\"async\" class=\"alignnone size-medium wp-image-5055\" src=\"https:\/\/www.positivitee.sk\/wp-content\/uploads\/2021\/11\/antica_logo_square-300x300.png\" alt=\"\" width=\"300\" height=\"300\" srcset=\"https:\/\/www.positivitee.sk\/wp-content\/uploads\/2021\/11\/antica_logo_square-300x300.png 300w, https:\/\/www.positivitee.sk\/wp-content\/uploads\/2021\/11\/antica_logo_square-150x150.png 150w, https:\/\/www.positivitee.sk\/wp-content\/uploads\/2021\/11\/antica_logo_square-324x324.png 324w, https:\/\/www.positivitee.sk\/wp-content\/uploads\/2021\/11\/antica_logo_square-416x416.png 416w, https:\/\/www.positivitee.sk\/wp-content\/uploads\/2021\/11\/antica_logo_square-100x100.png 100w, https:\/\/www.positivitee.sk\/wp-content\/uploads\/2021\/11\/antica_logo_square.png 554w\" sizes=\"auto, (max-width: 300px) 100vw, 300px\" \/><\/p>\n","protected":false},"excerpt":{"rendered":"<p><code>T0606402000<\/code> \u010cOKOL\u00c1DOV\u00c9 PRALINKY TARTUFO CREMINO, BEZ GMO, BEZ LEPKU<\/p>\n","protected":false},"featured_media":6108,"template":"","meta":{"jetpack_post_was_ever_published":false,"jetpack_publicize_message":"","jetpack_publicize_feature_enabled":true,"jetpack_social_post_already_shared":true,"jetpack_social_options":{"image_generator_settings":{"template":"highway","default_image_id":0,"font":"","enabled":false},"version":2}},"product_brand":[],"product_cat":[119],"product_tag":[],"class_list":{"0":"post-6107","1":"product","2":"type-product","3":"status-publish","4":"has-post-thumbnail","6":"product_cat-antica-torroneria-piemontese-cukrovinky-z-talianska","8":"first","9":"instock","10":"featured","11":"shipping-taxable","12":"purchasable","13":"product-type-simple"},"jetpack_publicize_connections":[],"jetpack_sharing_enabled":true,"_links":{"self":[{"href":"https:\/\/www.positivitee.sk\/index.php\/wp-json\/wp\/v2\/product\/6107","targetHints":{"allow":["GET"]}}],"collection":[{"href":"https:\/\/www.positivitee.sk\/index.php\/wp-json\/wp\/v2\/product"}],"about":[{"href":"https:\/\/www.positivitee.sk\/index.php\/wp-json\/wp\/v2\/types\/product"}],"wp:featuredmedia":[{"embeddable":true,"href":"https:\/\/www.positivitee.sk\/index.php\/wp-json\/wp\/v2\/media\/6108"}],"wp:attachment":[{"href":"https:\/\/www.positivitee.sk\/index.php\/wp-json\/wp\/v2\/media?parent=6107"}],"wp:term":[{"taxonomy":"product_brand","embeddable":true,"href":"https:\/\/www.positivitee.sk\/index.php\/wp-json\/wp\/v2\/product_brand?post=6107"},{"taxonomy":"product_cat","embeddable":true,"href":"https:\/\/www.positivitee.sk\/index.php\/wp-json\/wp\/v2\/product_cat?post=6107"},{"taxonomy":"product_tag","embeddable":true,"href":"https:\/\/www.positivitee.sk\/index.php\/wp-json\/wp\/v2\/product_tag?post=6107"}],"curies":[{"name":"wp","href":"https:\/\/api.w.org\/{rel}","templated":true}]}}