{"id":6110,"date":"2025-04-09T16:53:58","date_gmt":"2025-04-09T16:53:58","guid":{"rendered":"https:\/\/www.positivitee.sk\/?post_type=product&#038;p=6110"},"modified":"2025-04-09T16:55:38","modified_gmt":"2025-04-09T16:55:38","slug":"torrone-cokoladove-pralinky-tartufo-s-cappuccinom-bez-gmo-bez-lepku-200-g","status":"publish","type":"product","link":"https:\/\/www.positivitee.sk\/index.php\/product\/torrone-cokoladove-pralinky-tartufo-s-cappuccinom-bez-gmo-bez-lepku-200-g\/","title":{"rendered":"Torrone &#8211; \u010cOKOL\u00c1DOV\u00c9 PRALINKY TARTUFO S CAPPUCCINOM BEZ GMO, BEZ LEPKU, 200 g"},"content":{"rendered":"<p><code>T0605202010<\/code> \u00a0\u010cOKOL\u00c1DOV\u00c9 PRALINKY TARTUFO S CAPPUCCINOM BEZ GMO, BEZ LEPKU, 200 g<\/p>\n<p><img decoding=\"async\" src=\"https:\/\/www.positivitee.sk\/wp-content\/uploads\/2025\/04\/487925348_633794179456252_2708503195728014383_n-324x324.png\" \/><\/p>\n<p lang=\"en-US\" align=\"left\"><span style=\"font-family: Arial, sans-serif;\"><span lang=\"sv-SE\">Zlo\u017eenie:biela \u010dokol\u00e1da (cukor, plnotu\u010dn\u00e9 pr\u00e1\u0161kov\u00e9 MLIEKO 16.9%, kakaov\u00e9 maslo, emulg\u00e1tor : s\u00f3jov\u00fd lecit\u00edn, pr\u00edrodn\u00e1 vanilka), LIESKOVCE, mlet\u00e1 k\u00e1va ARABICA 3%, cukor, cappuccino pr\u00edchu\u0165 0.05 %. M\u00f4\u017ee obsahova\u0165 MANDLE a PIST\u00c1CIE. <\/span><\/span><\/p>\n<p lang=\"en-US\" align=\"left\"><span style=\"font-family: Arial, sans-serif;\"><span lang=\"sk-SK\">Nutri\u010dn\u00e9 hodnoty na 100g produktu: energia <\/span><\/span><span style=\"font-family: Arial, sans-serif;\"><span lang=\"sk-SK\">2452<\/span><\/span><span style=\"font-family: Arial, sans-serif;\"><span lang=\"sk-SK\"> k<\/span><\/span><span style=\"font-family: Arial, sans-serif;\"><span lang=\"sk-SK\">J<\/span><\/span><span style=\"font-family: Arial, sans-serif;\"><span lang=\"sk-SK\">\/<\/span><\/span><span style=\"font-family: Arial, sans-serif;\"><span lang=\"sk-SK\">590<\/span><\/span><span style=\"font-family: Arial, sans-serif;\"><span lang=\"sk-SK\"> kcal, tuk 4<\/span><\/span><span style=\"font-family: Arial, sans-serif;\"><span lang=\"sk-SK\">2<\/span><\/span><span style=\"font-family: Arial, sans-serif;\"><span lang=\"sk-SK\">g z tohonas\u00fdten\u00e9 <\/span><\/span><span style=\"font-family: Arial, sans-serif;\"><span lang=\"sk-SK\">19<\/span><\/span><span style=\"font-family: Arial, sans-serif;\"><span lang=\"sk-SK\">g, uh\u013eohydr\u00e1ty <\/span><\/span><span style=\"font-family: Arial, sans-serif;\"><span lang=\"sk-SK\">41<\/span><\/span><span style=\"font-family: Arial, sans-serif;\"><span lang=\"sk-SK\">g z toho cukor <\/span><\/span><span style=\"font-family: Arial, sans-serif;\"><span lang=\"sk-SK\">3<\/span><\/span><span style=\"font-family: Arial, sans-serif;\"><span lang=\"sk-SK\">4g, bielkoviny <\/span><\/span><span style=\"font-family: Arial, sans-serif;\"><span lang=\"sk-SK\">9<\/span><\/span><span style=\"font-family: Arial, sans-serif;\"><span lang=\"sk-SK\">,8g, so\u013e 0,<\/span><\/span><span style=\"font-family: Arial, sans-serif;\"><span lang=\"sk-SK\">16<\/span><\/span><span style=\"font-family: Arial, sans-serif;\"><span lang=\"sk-SK\">g, vl\u00e1knina <\/span><\/span><span style=\"font-family: Arial, sans-serif;\"><span lang=\"sk-SK\">4<\/span><\/span><span style=\"font-family: Arial, sans-serif;\"><span lang=\"sk-SK\">,7g.<\/span><\/span><\/p>\n<p>Vyroben\u00e9 v Taliansku.<\/p>\n<p><img loading=\"lazy\" decoding=\"async\" class=\"alignnone size-medium wp-image-5055\" src=\"https:\/\/www.positivitee.sk\/wp-content\/uploads\/2021\/11\/antica_logo_square-300x300.png\" alt=\"\" width=\"300\" height=\"300\" srcset=\"https:\/\/www.positivitee.sk\/wp-content\/uploads\/2021\/11\/antica_logo_square-300x300.png 300w, https:\/\/www.positivitee.sk\/wp-content\/uploads\/2021\/11\/antica_logo_square-150x150.png 150w, https:\/\/www.positivitee.sk\/wp-content\/uploads\/2021\/11\/antica_logo_square-324x324.png 324w, https:\/\/www.positivitee.sk\/wp-content\/uploads\/2021\/11\/antica_logo_square-416x416.png 416w, https:\/\/www.positivitee.sk\/wp-content\/uploads\/2021\/11\/antica_logo_square-100x100.png 100w, https:\/\/www.positivitee.sk\/wp-content\/uploads\/2021\/11\/antica_logo_square.png 554w\" sizes=\"auto, (max-width: 300px) 100vw, 300px\" \/><\/p>\n","protected":false},"excerpt":{"rendered":"<p><code>T0605202010<\/code> \u00a0\u010cOKOL\u00c1DOV\u00c9 PRALINKY TARTUFO S CAPPUCCINOM BEZ GMO, BEZ LEPKU, 200 g<\/p>\n","protected":false},"featured_media":6111,"template":"","meta":{"jetpack_post_was_ever_published":false,"jetpack_publicize_message":"","jetpack_publicize_feature_enabled":true,"jetpack_social_post_already_shared":true,"jetpack_social_options":{"image_generator_settings":{"template":"highway","default_image_id":0,"font":"","enabled":false},"version":2}},"product_brand":[],"product_cat":[119],"product_tag":[],"class_list":{"0":"post-6110","1":"product","2":"type-product","3":"status-publish","4":"has-post-thumbnail","6":"product_cat-antica-torroneria-piemontese-cukrovinky-z-talianska","8":"first","9":"instock","10":"shipping-taxable","11":"purchasable","12":"product-type-simple"},"jetpack_publicize_connections":[],"jetpack_sharing_enabled":true,"_links":{"self":[{"href":"https:\/\/www.positivitee.sk\/index.php\/wp-json\/wp\/v2\/product\/6110","targetHints":{"allow":["GET"]}}],"collection":[{"href":"https:\/\/www.positivitee.sk\/index.php\/wp-json\/wp\/v2\/product"}],"about":[{"href":"https:\/\/www.positivitee.sk\/index.php\/wp-json\/wp\/v2\/types\/product"}],"wp:featuredmedia":[{"embeddable":true,"href":"https:\/\/www.positivitee.sk\/index.php\/wp-json\/wp\/v2\/media\/6111"}],"wp:attachment":[{"href":"https:\/\/www.positivitee.sk\/index.php\/wp-json\/wp\/v2\/media?parent=6110"}],"wp:term":[{"taxonomy":"product_brand","embeddable":true,"href":"https:\/\/www.positivitee.sk\/index.php\/wp-json\/wp\/v2\/product_brand?post=6110"},{"taxonomy":"product_cat","embeddable":true,"href":"https:\/\/www.positivitee.sk\/index.php\/wp-json\/wp\/v2\/product_cat?post=6110"},{"taxonomy":"product_tag","embeddable":true,"href":"https:\/\/www.positivitee.sk\/index.php\/wp-json\/wp\/v2\/product_tag?post=6110"}],"curies":[{"name":"wp","href":"https:\/\/api.w.org\/{rel}","templated":true}]}}