{"id":6135,"date":"2025-05-26T13:28:36","date_gmt":"2025-05-26T13:28:36","guid":{"rendered":"https:\/\/www.positivitee.sk\/?post_type=product&#038;p=6135"},"modified":"2025-10-22T11:23:25","modified_gmt":"2025-10-22T11:23:25","slug":"dolfin-mliecna-cokolada-so-slanym-karamelom-70-g","status":"publish","type":"product","link":"https:\/\/www.positivitee.sk\/index.php\/product\/dolfin-mliecna-cokolada-so-slanym-karamelom-70-g\/","title":{"rendered":"Dolfin &#8211;  Mlie\u010dna \u010dokol\u00e1da so slan\u00fdm karamelom, 70g"},"content":{"rendered":"<p><code>DO1335<\/code> <strong><span style=\"color: #111212;\"><span style=\"font-family: Arial, sans-serif;\">Mlie\u010dna \u010dokol\u00e1da so <\/span><\/span><span style=\"color: #111212;\"><span style=\"font-family: Arial, sans-serif;\">slan\u00fdm karamelom<\/span><\/span>, 70g.<\/strong><\/p>\n<p><img decoding=\"async\" src=\"https:\/\/www.positivitee.sk\/wp-content\/uploads\/2025\/05\/f540658b-9af1-4841-8432-ad4265b7f7a7-324x324.jpeg\" \/><\/p>\n<p lang=\"sv-SE\" align=\"left\"><span style=\"font-family: Arial, sans-serif;\">Min. obsah kakaa v su\u0161ine 37%, mlieka min. 17,5%. <\/span><\/p>\n<p lang=\"sv-SE\" align=\"left\"><span style=\"font-family: Arial, sans-serif;\">Zlo\u017eenie: cukor, kakaov\u00e1 hmota, kakav\u00e9 maslo, su\u0161en\u00e9 plnotu\u010dn\u00e9 <\/span><span style=\"font-family: Arial, sans-serif;\"><span lang=\"sv-SE\"><b>MLIEKO<\/b><\/span><\/span><span style=\"font-family: Arial, sans-serif;\"><span lang=\"sv-SE\">, slan\u00fd karamel <\/span><\/span><span style=\"font-family: Arial, sans-serif;\"><span lang=\"sv-SE\">10<\/span><\/span><span style=\"font-family: Arial, sans-serif;\"><span lang=\"sv-SE\">% (cukor, gluk\u00f3zov\u00fd sirup, plnotu\u010dn\u00e9 pr\u00e1\u015bkov\u00e9 MLIEKO, \u010der<\/span><\/span><span style=\"font-family: Arial, sans-serif;\"><span lang=\"sv-SE\">s<\/span><\/span><span style=\"font-family: Arial, sans-serif;\"><span lang=\"sv-SE\">tv\u00e1 smotana, slan\u00e9 <\/span><\/span><span style=\"font-family: Arial, sans-serif;\"><span lang=\"sv-SE\"><b>MASLO<\/b><\/span><\/span><span style=\"font-family: Arial, sans-serif;\"><span lang=\"sv-SE\"> 3,6%, so\u013e z Guerande, emulg\u00e1tor: repkov\u00fd a <\/span><\/span><span style=\"font-family: Arial, sans-serif;\"><span lang=\"sv-SE\"><b>S\u00d3JOV\u00dd<\/b><\/span><\/span><span style=\"font-family: Arial, sans-serif;\"><span lang=\"sv-SE\"> lecit\u00edn, pr\u00edrodn\u00e1 vanilkov\u00e1 pr\u00edchu\u0165. M\u00f4\u017ee obsahova\u0165 stopy <\/span><\/span><span style=\"font-family: Arial, sans-serif;\"><span lang=\"sv-SE\"><b>ORECHOV<\/b><\/span><\/span><span style=\"font-family: Arial, sans-serif;\"><span lang=\"sv-SE\">, <\/span><\/span><span style=\"font-family: Arial, sans-serif;\"><span lang=\"sv-SE\"><b>P\u0160ENICE<\/b><\/span><\/span><span style=\"font-family: Arial, sans-serif;\"><span lang=\"sv-SE\">, <\/span><\/span><span style=\"font-family: Arial, sans-serif;\"><span lang=\"sv-SE\"><b>VAJEC<\/b><\/span><\/span> <span style=\"font-family: Arial, sans-serif;\"><span lang=\"sv-SE\">a <\/span><\/span><span style=\"font-family: Arial, sans-serif;\"><span lang=\"sv-SE\"><b>S\u00c9ZAMU<\/b><\/span><\/span><span style=\"font-family: Arial, sans-serif;\"><span lang=\"sv-SE\">.<\/span><\/span><\/p>\n<p>Krajina p\u00f4vodu: Belgicko.<\/p>\n<p><a href=\"http:\/\/www.dolfin.be\/\" target=\"_blank\" rel=\"noopener noreferrer\"><br \/>\n<img decoding=\"async\" src=\"https:\/\/www.positivitee.sk\/img\/Dolfin\/dolfin_logo_7.jpg\" alt=\"Dolfin - The Art of Blending\" \/><br \/>\n<\/a><\/p>\n","protected":false},"excerpt":{"rendered":"<p><code>DO1335<\/code> <strong><span style=\"color: #111212;\"><span style=\"font-family: Arial, sans-serif;\">Mlie\u010dna \u010dokol\u00e1da so <\/span><\/span><span style=\"color: #111212;\"><span style=\"font-family: Arial, sans-serif;\">slan\u00fdm karamelom<\/span><\/span>, 70g.<\/strong><\/p>\n","protected":false},"featured_media":6136,"template":"","meta":{"jetpack_post_was_ever_published":false,"jetpack_publicize_message":"","jetpack_publicize_feature_enabled":true,"jetpack_social_post_already_shared":true,"jetpack_social_options":{"image_generator_settings":{"template":"highway","default_image_id":0,"font":"","enabled":false},"version":2}},"product_brand":[],"product_cat":[40],"product_tag":[],"class_list":{"0":"post-6135","1":"product","2":"type-product","3":"status-publish","4":"has-post-thumbnail","6":"product_cat-rucne-robene-cukrovinky-z-belgicka","8":"first","9":"instock","10":"shipping-taxable","11":"purchasable","12":"product-type-simple"},"jetpack_publicize_connections":[],"jetpack_sharing_enabled":true,"_links":{"self":[{"href":"https:\/\/www.positivitee.sk\/index.php\/wp-json\/wp\/v2\/product\/6135","targetHints":{"allow":["GET"]}}],"collection":[{"href":"https:\/\/www.positivitee.sk\/index.php\/wp-json\/wp\/v2\/product"}],"about":[{"href":"https:\/\/www.positivitee.sk\/index.php\/wp-json\/wp\/v2\/types\/product"}],"wp:featuredmedia":[{"embeddable":true,"href":"https:\/\/www.positivitee.sk\/index.php\/wp-json\/wp\/v2\/media\/6136"}],"wp:attachment":[{"href":"https:\/\/www.positivitee.sk\/index.php\/wp-json\/wp\/v2\/media?parent=6135"}],"wp:term":[{"taxonomy":"product_brand","embeddable":true,"href":"https:\/\/www.positivitee.sk\/index.php\/wp-json\/wp\/v2\/product_brand?post=6135"},{"taxonomy":"product_cat","embeddable":true,"href":"https:\/\/www.positivitee.sk\/index.php\/wp-json\/wp\/v2\/product_cat?post=6135"},{"taxonomy":"product_tag","embeddable":true,"href":"https:\/\/www.positivitee.sk\/index.php\/wp-json\/wp\/v2\/product_tag?post=6135"}],"curies":[{"name":"wp","href":"https:\/\/api.w.org\/{rel}","templated":true}]}}