{"id":6184,"date":"2025-10-22T14:11:40","date_gmt":"2025-10-22T14:11:40","guid":{"rendered":"https:\/\/www.positivitee.sk\/?post_type=product&#038;p=6184"},"modified":"2025-11-21T14:51:33","modified_gmt":"2025-11-21T14:51:33","slug":"dolfin-tmava-cokolada-s-kokosm-70g","status":"publish","type":"product","link":"https:\/\/www.positivitee.sk\/index.php\/product\/dolfin-tmava-cokolada-s-kokosm-70g\/","title":{"rendered":"Dolfin &#8211; Tmav\u00e1  \u010dokol\u00e1da s kokosm, 70g"},"content":{"rendered":"<p><code>DO3004<\/code>Tmav\u00e1\u00a0 \u010dokol\u00e1da s kokosom, 70g<\/p>\n<p><span style=\"font-size: medium;\"><span lang=\"sk-SK\"><img decoding=\"async\" src=\"https:\/\/www.positivitee.sk\/wp-content\/uploads\/2025\/10\/DO3004_EU_Face-324x324.webp\" \/><\/span><\/span><\/p>\n<p>Min. obsah kakaa: tmav\u00e1 60%.<\/p>\n<p lang=\"en-US\" align=\"left\"><span style=\"font-family: Arial, sans-serif;\"><span lang=\"sv-SE\">Zlo\u017eenie: kakaov\u00e1 hmota, cukor, kokos 10% (kokos 85%, cukor) kakaov\u00e9 maslo, emulg\u00e1tor: <\/span><\/span><span style=\"font-family: Arial, sans-serif;\"><span lang=\"sv-SE\"><b>s\u00f3jov\u00fd<\/b><\/span><\/span><span style=\"font-family: Arial, sans-serif;\"><span lang=\"sv-SE\"> lecit\u00edn, pr\u00edrodn\u00e1 vanilkov\u00e1 ar\u00f3ma.<\/span><\/span><span style=\"font-family: Arial, sans-serif;\"><span lang=\"sk-SK\"> Obsah kakaa v \u010dokol\u00e1de: minim\u00e1lne 6<\/span><\/span><span style=\"font-family: Arial, sans-serif;\"><span lang=\"sk-SK\">0<\/span><\/span><span style=\"font-family: Arial, sans-serif;\"><span lang=\"sk-SK\">%.<\/span><\/span> <span style=\"font-family: Arial, sans-serif;\"><span lang=\"sk-SK\">Alerg\u00e9ny: obsahuje <\/span><\/span><span style=\"font-family: Arial, sans-serif;\"><span lang=\"sk-SK\"><b>s\u00f3ju<\/b><\/span><\/span><span style=\"font-family: Arial, sans-serif;\"><span lang=\"sk-SK\">. <\/span><\/span><span style=\"font-family: Arial, sans-serif;\"><span lang=\"sk-SK\">M\u00f4\u017ee <\/span><\/span><span style=\"font-family: Arial, sans-serif;\"><span lang=\"sk-SK\">obsahova\u0165 stopy <\/span><\/span><span style=\"font-family: Arial, sans-serif;\"><span lang=\"sk-SK\"><b>orechov<\/b><\/span><\/span><span style=\"font-family: Arial, sans-serif;\"><span lang=\"sk-SK\">, <\/span><\/span><span style=\"font-family: Arial, sans-serif;\"><span lang=\"sk-SK\"><b>p\u0161eni<\/b><\/span><\/span><span style=\"font-family: Arial, sans-serif;\"><span lang=\"sk-SK\"><b>ce<\/b><\/span><\/span><span style=\"font-family: Arial, sans-serif;\"><span lang=\"sk-SK\">, <\/span><\/span><span style=\"font-family: Arial, sans-serif;\"><span lang=\"sk-SK\"><b>mlieka<\/b><\/span><\/span><span style=\"font-family: Arial, sans-serif;\"><span lang=\"sk-SK\">, <b>s\u00e9zamu<\/b> a <b>vajc.bielkov<\/b>.<\/span><\/span><\/p>\n<p class=\"western\">.<\/p>\n<p>Krajina p\u00f4vodu: Belgicko.<\/p>\n<p><a href=\"http:\/\/www.dolfin.be\/\" target=\"_blank\" rel=\"noopener noreferrer\"><br \/>\n<img decoding=\"async\" src=\"https:\/\/www.positivitee.sk\/img\/Dolfin\/dolfin_logo_7.jpg\" alt=\"Dolfin - The Art of Blending\" \/><br \/>\n<\/a><\/p>\n","protected":false},"excerpt":{"rendered":"<p><code>DO3004<\/code>Tmav\u00e1\u00a0 \u010dokol\u00e1da s kokosom, 70g<\/p>\n","protected":false},"featured_media":6187,"template":"","meta":{"jetpack_post_was_ever_published":false,"jetpack_publicize_message":"","jetpack_publicize_feature_enabled":true,"jetpack_social_post_already_shared":true,"jetpack_social_options":{"image_generator_settings":{"template":"highway","default_image_id":0,"font":"","enabled":false},"version":2}},"product_brand":[],"product_cat":[40],"product_tag":[],"class_list":{"0":"post-6184","1":"product","2":"type-product","3":"status-publish","4":"has-post-thumbnail","6":"product_cat-rucne-robene-cukrovinky-z-belgicka","8":"first","9":"instock","10":"shipping-taxable","11":"purchasable","12":"product-type-simple"},"jetpack_publicize_connections":[],"jetpack_sharing_enabled":true,"_links":{"self":[{"href":"https:\/\/www.positivitee.sk\/index.php\/wp-json\/wp\/v2\/product\/6184","targetHints":{"allow":["GET"]}}],"collection":[{"href":"https:\/\/www.positivitee.sk\/index.php\/wp-json\/wp\/v2\/product"}],"about":[{"href":"https:\/\/www.positivitee.sk\/index.php\/wp-json\/wp\/v2\/types\/product"}],"wp:featuredmedia":[{"embeddable":true,"href":"https:\/\/www.positivitee.sk\/index.php\/wp-json\/wp\/v2\/media\/6187"}],"wp:attachment":[{"href":"https:\/\/www.positivitee.sk\/index.php\/wp-json\/wp\/v2\/media?parent=6184"}],"wp:term":[{"taxonomy":"product_brand","embeddable":true,"href":"https:\/\/www.positivitee.sk\/index.php\/wp-json\/wp\/v2\/product_brand?post=6184"},{"taxonomy":"product_cat","embeddable":true,"href":"https:\/\/www.positivitee.sk\/index.php\/wp-json\/wp\/v2\/product_cat?post=6184"},{"taxonomy":"product_tag","embeddable":true,"href":"https:\/\/www.positivitee.sk\/index.php\/wp-json\/wp\/v2\/product_tag?post=6184"}],"curies":[{"name":"wp","href":"https:\/\/api.w.org\/{rel}","templated":true}]}}