{"id":6185,"date":"2025-10-22T14:14:54","date_gmt":"2025-10-22T14:14:54","guid":{"rendered":"https:\/\/www.positivitee.sk\/?post_type=product&#038;p=6185"},"modified":"2025-11-21T14:51:41","modified_gmt":"2025-11-21T14:51:41","slug":"dolfin-tmava-cokolada-s-espelette-paprickami-70g","status":"publish","type":"product","link":"https:\/\/www.positivitee.sk\/index.php\/product\/dolfin-tmava-cokolada-s-espelette-paprickami-70g\/","title":{"rendered":"Dolfin &#8211; Tmav\u00e1  \u010dokol\u00e1da s Espelette papri\u010dkami, 70g"},"content":{"rendered":"<p><code>DO1171<\/code>Tmav\u00e1\u00a0 \u010dokol\u00e1da s Espelette papri\u010dkami, 70g<\/p>\n<p><span style=\"font-size: medium;\"><span lang=\"sk-SK\"><img decoding=\"async\" src=\"https:\/\/www.positivitee.sk\/wp-content\/uploads\/2025\/10\/Piment-d-Espelette_front_lr-300x300.webp\" \/><\/span><\/span><\/p>\n<p>Min. obsah kakaa: tmav\u00e1 60%.<\/p>\n<p class=\"western\"><span style=\"font-family: Arial, sans-serif;\"><span lang=\"sv-SE\">Min. obsah kakaa <\/span><\/span><span style=\"font-family: Arial, sans-serif;\"><span lang=\"sv-SE\">6<\/span><\/span><span style=\"font-family: Arial, sans-serif;\"><span lang=\"sv-SE\">0%. Zlo\u017eenie: Kakov\u00e1 hmota, cukor, karamalizovan\u00e1 quinoa (quinoa 70%, cukor 30%), kakov\u00e9 maslo, Espelette papri\u010dky 1,2%, emulg\u00e1tor: <\/span><\/span><span style=\"font-family: Arial, sans-serif;\"><span lang=\"sv-SE\"><b>s\u00f3jov\u00fd<\/b><\/span><\/span><span style=\"font-family: Arial, sans-serif;\"><span lang=\"sv-SE\"> lecit\u00edn, pr\u00edrodn\u00e1 vanilkov\u00e1 ar\u00f3ma. Alerg\u00e9ny: obsahuje s\u00f3ju. M\u00f4\u017ee obsahova\u0165 stopy <\/span><\/span><span style=\"font-family: Arial, sans-serif;\"><span lang=\"sv-SE\"><b>s\u00e9zam<\/b><\/span><\/span><span style=\"font-family: Arial, sans-serif;\"><span lang=\"sv-SE\"><b>u<\/b><\/span><\/span><span style=\"font-family: Arial, sans-serif;\"><span lang=\"sv-SE\">, <\/span><\/span><span style=\"font-family: Arial, sans-serif;\"><span lang=\"sv-SE\"><b>mlieka<\/b><\/span><\/span><span style=\"font-family: Arial, sans-serif;\"><span lang=\"sv-SE\">, <\/span><\/span><span style=\"font-family: Arial, sans-serif;\"><span lang=\"sv-SE\"><b>orechov<\/b><\/span><\/span><span style=\"font-family: Arial, sans-serif;\"><span lang=\"sv-SE\">, <\/span><\/span><span style=\"font-family: Arial, sans-serif;\"><span lang=\"sv-SE\"><b>p\u0161enice<\/b><\/span><\/span><span style=\"font-family: Arial, sans-serif;\"><span lang=\"sv-SE\"> a <\/span><\/span><span style=\"font-family: Arial, sans-serif;\"><span lang=\"sv-SE\"><b>vaj\u00ed\u010dok<\/b><\/span><\/span><span style=\"font-family: Arial, sans-serif;\"><span lang=\"sv-SE\">.<\/span><\/span><\/p>\n<p class=\"western\">.<\/p>\n<p>Krajina p\u00f4vodu: Belgicko.<\/p>\n<p><a href=\"http:\/\/www.dolfin.be\/\" target=\"_blank\" rel=\"noopener noreferrer\"><br \/>\n<img decoding=\"async\" src=\"https:\/\/www.positivitee.sk\/img\/Dolfin\/dolfin_logo_7.jpg\" alt=\"Dolfin - The Art of Blending\" \/><br \/>\n<\/a><\/p>\n","protected":false},"excerpt":{"rendered":"<p><code>DO1171<\/code>Tmav\u00e1\u00a0 \u010dokol\u00e1da s Espelette papri\u010dkami, 70g<\/p>\n","protected":false},"featured_media":6186,"template":"","meta":{"jetpack_post_was_ever_published":false,"jetpack_publicize_message":"","jetpack_publicize_feature_enabled":true,"jetpack_social_post_already_shared":true,"jetpack_social_options":{"image_generator_settings":{"template":"highway","default_image_id":0,"font":"","enabled":false},"version":2}},"product_brand":[],"product_cat":[40],"product_tag":[],"class_list":{"0":"post-6185","1":"product","2":"type-product","3":"status-publish","4":"has-post-thumbnail","6":"product_cat-rucne-robene-cukrovinky-z-belgicka","8":"first","9":"instock","10":"shipping-taxable","11":"purchasable","12":"product-type-simple"},"jetpack_publicize_connections":[],"jetpack_sharing_enabled":true,"_links":{"self":[{"href":"https:\/\/www.positivitee.sk\/index.php\/wp-json\/wp\/v2\/product\/6185","targetHints":{"allow":["GET"]}}],"collection":[{"href":"https:\/\/www.positivitee.sk\/index.php\/wp-json\/wp\/v2\/product"}],"about":[{"href":"https:\/\/www.positivitee.sk\/index.php\/wp-json\/wp\/v2\/types\/product"}],"wp:featuredmedia":[{"embeddable":true,"href":"https:\/\/www.positivitee.sk\/index.php\/wp-json\/wp\/v2\/media\/6186"}],"wp:attachment":[{"href":"https:\/\/www.positivitee.sk\/index.php\/wp-json\/wp\/v2\/media?parent=6185"}],"wp:term":[{"taxonomy":"product_brand","embeddable":true,"href":"https:\/\/www.positivitee.sk\/index.php\/wp-json\/wp\/v2\/product_brand?post=6185"},{"taxonomy":"product_cat","embeddable":true,"href":"https:\/\/www.positivitee.sk\/index.php\/wp-json\/wp\/v2\/product_cat?post=6185"},{"taxonomy":"product_tag","embeddable":true,"href":"https:\/\/www.positivitee.sk\/index.php\/wp-json\/wp\/v2\/product_tag?post=6185"}],"curies":[{"name":"wp","href":"https:\/\/api.w.org\/{rel}","templated":true}]}}