{"id":6188,"date":"2025-10-28T15:17:50","date_gmt":"2025-10-28T15:17:50","guid":{"rendered":"https:\/\/www.positivitee.sk\/?post_type=product&#038;p=6188"},"modified":"2026-03-30T14:59:06","modified_gmt":"2026-03-30T14:59:06","slug":"dolfin-biscuits-vyber-24-tabuliek-o-hmotnosti-5g-4-prichute-240-g","status":"publish","type":"product","link":"https:\/\/www.positivitee.sk\/index.php\/product\/dolfin-biscuits-vyber-24-tabuliek-o-hmotnosti-5g-4-prichute-240-g\/","title":{"rendered":"Dolfin &#8211; Biscuits, V\u00fdber 24 tabuliek o hmotnosti 5g, 4\u00a0pr\u00edchute, 240 g"},"content":{"rendered":"<p><code>DO5067<\/code>Biscuits, V\u00fdber 24 tabuliek o hmotnosti 5g, 4 pr\u00edchute, 240 g<br \/>\n<img decoding=\"async\" src=\"https:\/\/www.positivitee.sk\/wp-content\/uploads\/2025\/10\/Boite48biscuit-2-e1730730250340-300x300.webp\" \/><\/p>\n<p lang=\"sk-SK\" align=\"left\"><span style=\"color: #111212;\"><span style=\"font-family: arial, sans-serif;\"><b> Mlie\u010dna maslov\u00fdmi su\u0161ienkami, so su\u0161ienkami Speculoos, <\/b><\/span><\/span><span style=\"color: #111212;\"><span style=\"font-family: arial, sans-serif;\"><b>s \u010dokol\u00e1dov\u00fdm Brownie a Tmav\u00e1 s maslov\u00fdmi su\u0161ienkami<\/b><\/span><\/span><\/p>\n<p lang=\"en-US\" align=\"left\"><span style=\"font-family: arial, sans-serif;\"><span lang=\"sk-SK\">Zlo\u017eenie: cukor, kakaov\u00e1 hmota, kakaov\u00e9 maslo, plnotu\u010dn\u00e9 pr\u00e1\u0161kov\u00e9 <\/span><span lang=\"sk-SK\"><b>mlieko<\/b><\/span><span lang=\"sk-SK\">, Maslov\u00e9 su\u0161ienky 3% (<\/span><span lang=\"sk-SK\"><b>p\u015beni\u010dn\u00fd<\/b><\/span><span lang=\"sk-SK\"> m\u00faka, cukor, maslo <\/span><span lang=\"sk-SK\">(<\/span><span lang=\"sk-SK\"><b>mlieko<\/b><\/span><span lang=\"sk-SK\">)<\/span><span lang=\"sk-SK\">, so\u013e<\/span><span lang=\"sk-SK\">), Brownie 3% (<\/span><span lang=\"sk-SK\"><b>p\u0161eni\u010dn\u00e1<\/b><\/span><span lang=\"sk-SK\"> m\u00faka, cukor, maslo (<\/span><span lang=\"sk-SK\"><b>mlieko<\/b><\/span><span lang=\"sk-SK\">), kakov\u00fd pr\u00e1\u015bok), karamelizovan\u00e9 belgick\u00e9 su\u0161ienky Speculoos 3% (<\/span><span lang=\"sk-SK\"><b>p\u0161eni\u010dn\u00e1<\/b><\/span><span lang=\"sk-SK\"> m\u00faka, repn\u00fd cukor, rastlinn\u00fd tuk (kokosov\u00fd, slne\u010dnicov\u00fd), repn\u00fd sirup, cel\u00e9 <\/span><span lang=\"sk-SK\"><b>vaj\u00ed\u010dko<\/b><\/span><span lang=\"sk-SK\">, Cejl\u00f3nska \u0161korica, <\/span><\/span><span style=\"font-family: arial, sans-serif;\"><span lang=\"sk-SK\">koreniny, s\u00f3da bikarb\u00f3na), Maslov\u00e9 su\u0161ienky 3% (<\/span><span lang=\"sk-SK\"><b>p\u015beni\u010dn\u00fd<\/b><\/span><span lang=\"sk-SK\"> m\u00faka, cukor, <\/span><\/span><span style=\"font-family: arial, sans-serif;\"><span lang=\"sk-SK\">maslo (<\/span><span lang=\"sk-SK\"><b>mlieko<\/b><\/span><span lang=\"sk-SK\">), odtu\u010dnen\u00e9 pr\u00e1\u015bkov\u00e9 <\/span><span lang=\"sk-SK\"><b>mlieko<\/b><\/span><span lang=\"sk-SK\">, so\u013e, s\u00f3da bikarb\u00f3na), <\/span><\/span><span style=\"font-family: arial, sans-serif;\"><span lang=\"sk-SK\">emulg\u00e1tor: <\/span><span lang=\"sk-SK\"><b>s\u00f3jov\u00fd<\/b><\/span><span lang=\"sk-SK\"> lecit\u00edn, Guerande, pr\u00edrodn\u00e9 ar\u00f3my, pr\u00edrodn\u00e1 vanilkov\u00e1 <\/span><\/span><span style=\"font-family: arial, sans-serif;\"><span lang=\"sk-SK\">ar\u00f3ma a speculoos ar\u00f3ma.<\/span><span lang=\"sk-SK\"> inim\u00e1lny obsah mlieka 17,5%, kakaa v \u010dokol\u00e1de: 37% a 60%. M\u00f4\u017ee obsahova\u0165 orechy a s\u00e9zam<\/span><\/span><\/p>\n<p>Krajina p\u00f4vodu: Belgicko.<\/p>\n<p>Cena 63,33 \u20ac\/kilo<\/p>\n<p><a href=\"http:\/\/www.dolfin.be\/\" target=\"_blank\" rel=\"noopener noreferrer\"><br \/>\n<img decoding=\"async\" src=\"https:\/\/www.positivitee.sk\/img\/Dolfin\/dolfin_logo_7.jpg\" alt=\"Dolfin - The Art of Blending\" \/><br \/>\n<\/a><\/p>\n","protected":false},"excerpt":{"rendered":"<p><code>DO5067<\/code>Biscuits, V\u00fdber 24 tabuliek o hmotnosti 5g, 4 pr\u00edchute, 240 g<\/p>\n","protected":false},"featured_media":6189,"template":"","meta":{"jetpack_post_was_ever_published":false,"jetpack_publicize_message":"","jetpack_publicize_feature_enabled":true,"jetpack_social_post_already_shared":true,"jetpack_social_options":{"image_generator_settings":{"template":"highway","default_image_id":0,"font":"","enabled":false},"version":2}},"product_brand":[],"product_cat":[40],"product_tag":[],"class_list":{"0":"post-6188","1":"product","2":"type-product","3":"status-publish","4":"has-post-thumbnail","6":"product_cat-rucne-robene-cukrovinky-z-belgicka","8":"first","9":"instock","10":"shipping-taxable","11":"purchasable","12":"product-type-simple"},"jetpack_publicize_connections":[],"jetpack_sharing_enabled":true,"_links":{"self":[{"href":"https:\/\/www.positivitee.sk\/index.php\/wp-json\/wp\/v2\/product\/6188","targetHints":{"allow":["GET"]}}],"collection":[{"href":"https:\/\/www.positivitee.sk\/index.php\/wp-json\/wp\/v2\/product"}],"about":[{"href":"https:\/\/www.positivitee.sk\/index.php\/wp-json\/wp\/v2\/types\/product"}],"wp:featuredmedia":[{"embeddable":true,"href":"https:\/\/www.positivitee.sk\/index.php\/wp-json\/wp\/v2\/media\/6189"}],"wp:attachment":[{"href":"https:\/\/www.positivitee.sk\/index.php\/wp-json\/wp\/v2\/media?parent=6188"}],"wp:term":[{"taxonomy":"product_brand","embeddable":true,"href":"https:\/\/www.positivitee.sk\/index.php\/wp-json\/wp\/v2\/product_brand?post=6188"},{"taxonomy":"product_cat","embeddable":true,"href":"https:\/\/www.positivitee.sk\/index.php\/wp-json\/wp\/v2\/product_cat?post=6188"},{"taxonomy":"product_tag","embeddable":true,"href":"https:\/\/www.positivitee.sk\/index.php\/wp-json\/wp\/v2\/product_tag?post=6188"}],"curies":[{"name":"wp","href":"https:\/\/api.w.org\/{rel}","templated":true}]}}