{"id":6201,"date":"2025-11-12T16:19:40","date_gmt":"2025-11-12T16:19:40","guid":{"rendered":"https:\/\/www.positivitee.sk\/?post_type=product&#038;p=6201"},"modified":"2025-11-12T16:22:04","modified_gmt":"2025-11-12T16:22:04","slug":"torrone-cokoladove-pralinky-tartufo-s-lieskovcami-slanym-karamelom-a-bielou-cokoladou-bez-gmo-bez-lepku-200-g","status":"publish","type":"product","link":"https:\/\/www.positivitee.sk\/index.php\/product\/torrone-cokoladove-pralinky-tartufo-s-lieskovcami-slanym-karamelom-a-bielou-cokoladou-bez-gmo-bez-lepku-200-g\/","title":{"rendered":"Torrone &#8211; \u010cOKOL\u00c1DOV\u00c9  PRALINKY TARTUFO  S LIESKOVCAMI, SLAN\u00ddM KARAMELOM A BIELOU \u010cOKOL\u00c1DOU, BEZ GMO, BEZ LEPKU, 200 g"},"content":{"rendered":"<p><code>T0609102000<\/code>\u00a0 \u010cOKOL\u00c1DOV\u00c9 PRALINKY TARTUFO S LIESKOVCAMI, SLAN\u00ddM KARAMELOM A BIELOU \u010cOKOL\u00c1DOU, BEZ GMO, BEZ LEPKU, 200 g<\/p>\n<p><img decoding=\"async\" src=\"https:\/\/www.positivitee.sk\/wp-content\/uploads\/2025\/11\/modre-324x324.jpeg\" \/><\/p>\n<p lang=\"en-US\" align=\"left\"><span style=\"font-family: Arial, sans-serif;\"><span lang=\"sk-SK\">Zlo\u017eenie: mlie\u010dna \u010dokol\u00e1da 6<\/span><\/span><span style=\"font-family: Arial, sans-serif;\"><span lang=\"sk-SK\">7<\/span><\/span><span style=\"font-family: Arial, sans-serif;\"><span lang=\"sk-SK\">% (cukor, kakaov\u00e9 maslo, plnotu\u010dn\u00e9 pr\u00e1\u0161kov\u00e9 <\/span><\/span><span style=\"font-family: Arial, sans-serif;\"><span lang=\"sk-SK\"><b>MLIEKO<\/b><\/span><\/span><span style=\"font-family: Arial, sans-serif;\"><span lang=\"sk-SK\">, kakaov\u00e1 pasta, emulg\u00e1tor: <\/span><\/span><span style=\"font-family: Arial, sans-serif;\"><span lang=\"sk-SK\"><b>S\u00d3JOV\u00dd<\/b><\/span><\/span><span style=\"font-family: Arial, sans-serif;\"><span lang=\"sk-SK\"> lecit\u00edn, pr\u00edrodn\u00e1 ar\u00f3ma: vanilka), <\/span><\/span><span style=\"font-family: Arial, sans-serif;\"><span lang=\"sk-SK\"><b>LIESKOVCOV\u00c1<\/b><\/span><\/span><span style=\"font-family: Arial, sans-serif;\"><span lang=\"sk-SK\"> pasta, karamelizovan\u00e9 jadr\u00e1 LIESKOVCOV 13% (LIESKOVCE 75%, cukor), kakaov\u00fd pr\u00e1\u0161ok, pr\u00edrodn\u00e1 r\u00f3ma. M\u00f4\u017ee obsahova\u0165 <\/span><\/span><span style=\"font-family: Arial, sans-serif;\"><span lang=\"sk-SK\"><b>MANDLE<\/b><\/span><\/span><span style=\"font-family: Arial, sans-serif;\"><span lang=\"sk-SK\"> a <\/span><\/span><span style=\"font-family: Arial, sans-serif;\"><span lang=\"sk-SK\"><b>PIST\u00c1CIE<\/b><\/span><\/span><span style=\"font-family: Arial, sans-serif;\"><span lang=\"sk-SK\">. <\/span><\/span><\/p>\n<p lang=\"en-US\" align=\"left\"><span style=\"font-family: Arial, sans-serif;\"><span lang=\"sk-SK\">Nutri\u010dn\u00e9 hodnoty na 100g produktu: energia 2135 kJ \/556 kcal, 37g <\/span><\/span><span style=\"font-family: Arial, sans-serif;\"><span lang=\"sk-SK\">z toho nas\u00fdten\u00e9 14g, uh\u013eohydr\u00e1ty 45g z toho cukor 40g, bielkoviny 9,4g, so\u013e 0,15g, vl\u00e1knina 5,0g.<\/span><\/span><\/p>\n<p>Vyroben\u00e9 v Taliansku.<\/p>\n<p><img loading=\"lazy\" decoding=\"async\" class=\"alignnone size-medium wp-image-5055\" src=\"https:\/\/www.positivitee.sk\/wp-content\/uploads\/2021\/11\/antica_logo_square-300x300.png\" alt=\"\" width=\"300\" height=\"300\" srcset=\"https:\/\/www.positivitee.sk\/wp-content\/uploads\/2021\/11\/antica_logo_square-300x300.png 300w, https:\/\/www.positivitee.sk\/wp-content\/uploads\/2021\/11\/antica_logo_square-150x150.png 150w, https:\/\/www.positivitee.sk\/wp-content\/uploads\/2021\/11\/antica_logo_square-324x324.png 324w, https:\/\/www.positivitee.sk\/wp-content\/uploads\/2021\/11\/antica_logo_square-416x416.png 416w, https:\/\/www.positivitee.sk\/wp-content\/uploads\/2021\/11\/antica_logo_square-100x100.png 100w, https:\/\/www.positivitee.sk\/wp-content\/uploads\/2021\/11\/antica_logo_square.png 554w\" sizes=\"auto, (max-width: 300px) 100vw, 300px\" \/><\/p>\n","protected":false},"excerpt":{"rendered":"<p><code>T0609102000<\/code>\u00a0 \u010cOKOL\u00c1DOV\u00c9 PRALINKY TARTUFO S LIESKOVCAMI, SLAN\u00ddM KARAMELOM A BIELOU \u010cOKOL\u00c1DOU, BEZ GMO, BEZ LEPKU, 200 g<\/p>\n","protected":false},"featured_media":6202,"template":"","meta":{"jetpack_post_was_ever_published":false,"jetpack_publicize_message":"","jetpack_publicize_feature_enabled":true,"jetpack_social_post_already_shared":true,"jetpack_social_options":{"image_generator_settings":{"template":"highway","default_image_id":0,"font":"","enabled":false},"version":2}},"product_brand":[],"product_cat":[119],"product_tag":[],"class_list":{"0":"post-6201","1":"product","2":"type-product","3":"status-publish","4":"has-post-thumbnail","6":"product_cat-antica-torroneria-piemontese-cukrovinky-z-talianska","8":"first","9":"instock","10":"shipping-taxable","11":"purchasable","12":"product-type-simple"},"jetpack_publicize_connections":[],"jetpack_sharing_enabled":true,"_links":{"self":[{"href":"https:\/\/www.positivitee.sk\/index.php\/wp-json\/wp\/v2\/product\/6201","targetHints":{"allow":["GET"]}}],"collection":[{"href":"https:\/\/www.positivitee.sk\/index.php\/wp-json\/wp\/v2\/product"}],"about":[{"href":"https:\/\/www.positivitee.sk\/index.php\/wp-json\/wp\/v2\/types\/product"}],"wp:featuredmedia":[{"embeddable":true,"href":"https:\/\/www.positivitee.sk\/index.php\/wp-json\/wp\/v2\/media\/6202"}],"wp:attachment":[{"href":"https:\/\/www.positivitee.sk\/index.php\/wp-json\/wp\/v2\/media?parent=6201"}],"wp:term":[{"taxonomy":"product_brand","embeddable":true,"href":"https:\/\/www.positivitee.sk\/index.php\/wp-json\/wp\/v2\/product_brand?post=6201"},{"taxonomy":"product_cat","embeddable":true,"href":"https:\/\/www.positivitee.sk\/index.php\/wp-json\/wp\/v2\/product_cat?post=6201"},{"taxonomy":"product_tag","embeddable":true,"href":"https:\/\/www.positivitee.sk\/index.php\/wp-json\/wp\/v2\/product_tag?post=6201"}],"curies":[{"name":"wp","href":"https:\/\/api.w.org\/{rel}","templated":true}]}}