{"id":6203,"date":"2025-11-12T17:30:00","date_gmt":"2025-11-12T17:30:00","guid":{"rendered":"https:\/\/www.positivitee.sk\/?post_type=product&#038;p=6203"},"modified":"2025-11-12T17:33:54","modified_gmt":"2025-11-12T17:33:54","slug":"torrone-cokoladove-pralinky-tartufo-tmave-s-mandlami-bez-gmo-bez-lepku-200g","status":"publish","type":"product","link":"https:\/\/www.positivitee.sk\/index.php\/product\/torrone-cokoladove-pralinky-tartufo-tmave-s-mandlami-bez-gmo-bez-lepku-200g\/","title":{"rendered":"Torrone &#8211;  \u010cOKOL\u00c1DOV\u00c9 PRALINKY TARTUFO\u00a0 TMAV\u00c9 S MAND\u013dAMI, BEZ GMO, BEZ LEPKU 200g"},"content":{"rendered":"<p><code>T0608202000<\/code><span style=\"color: #111212;\"><span style=\"font-family: arial, sans-serif;\"><b> \u010cOKOL\u00c1DOV\u00c9 PRALINKY TARTUFO\u00a0 TMAV\u00c9 S MAND\u013dAMI, BEZ GMO, BEZ LEPKU <img decoding=\"async\" src=\"https:\/\/www.positivitee.sk\/wp-content\/uploads\/2025\/11\/MANDLA-324x324.jpeg\" \/><\/b><\/span><\/span><\/p>\n<p>&nbsp;<\/p>\n<p lang=\"en-US\" align=\"left\"><span style=\"font-family: Arial, sans-serif;\"><span lang=\"sk-SK\">Zlo\u017eenie: tmav\u00e1 \u010dokol\u00e1da 53 % (cukor, kakaov\u00e1 hmota, kakaov\u00e9 maslo, emulg\u00e1tor: S\u00d3JOV\u00dd lecit\u00edn, pr\u00edrodn\u00e1 vanilkov\u00e1 ar\u00f3ma. Minim\u00e1lny obsah kakaa 52%), MAND\u013dOV\u00c1 pasta 20%, jadr\u00e1 MANDL\u00cd 17%, kakaov\u00fd pr\u00e1\u0161o, pr\u00edrodn\u00e1 ar\u00f3ma.<\/span><\/span><\/p>\n<p lang=\"en-US\" align=\"left\"><span style=\"font-family: Arial, sans-serif;\"><span lang=\"sk-SK\">M\u00f4\u017ee obsahova\u0165 stopy LIESKOVCOV, PIST\u00c1CII a MLIEKA. BEZ LEPKU.\u00a0<\/span><\/span><\/p>\n<p lang=\"en-US\" align=\"left\"><span style=\"font-family: Arial, sans-serif;\"><span lang=\"sk-SK\">Nutri\u010dn\u00e9 hodnoty na 100g produktu: energia 2409 kj\/579 kcal, tuk 38 g z toho nas\u00fdten\u00e9 18g, uh\u013eohydr\u00e1ty 48 g z toho cukor 42 g, bielkoviny 9,5g, so\u013e 0,01g, vl\u00e1knina 3.4g.<\/span><\/span> <span style=\"font-family: Arial, sans-serif;\"><span lang=\"sk-SK\">Uskladnite v chlade a suchu.<\/span><\/span><\/p>\n<p>Vyroben\u00e9 v Taliansku.<\/p>\n<p><img loading=\"lazy\" decoding=\"async\" class=\"alignnone size-medium wp-image-5055\" src=\"https:\/\/www.positivitee.sk\/wp-content\/uploads\/2021\/11\/antica_logo_square-300x300.png\" alt=\"\" width=\"300\" height=\"300\" srcset=\"https:\/\/www.positivitee.sk\/wp-content\/uploads\/2021\/11\/antica_logo_square-300x300.png 300w, https:\/\/www.positivitee.sk\/wp-content\/uploads\/2021\/11\/antica_logo_square-150x150.png 150w, https:\/\/www.positivitee.sk\/wp-content\/uploads\/2021\/11\/antica_logo_square-324x324.png 324w, https:\/\/www.positivitee.sk\/wp-content\/uploads\/2021\/11\/antica_logo_square-416x416.png 416w, https:\/\/www.positivitee.sk\/wp-content\/uploads\/2021\/11\/antica_logo_square-100x100.png 100w, https:\/\/www.positivitee.sk\/wp-content\/uploads\/2021\/11\/antica_logo_square.png 554w\" sizes=\"auto, (max-width: 300px) 100vw, 300px\" \/><\/p>\n","protected":false},"excerpt":{"rendered":"<p><code>T0608202000<\/code><span style=\"color: #111212;\"><span style=\"font-family: arial, sans-serif;\"><b>\u00a0\u010cOKOL\u00c1DOV\u00c9 PRALINKY TARTUFO\u00a0 TMAV\u00c9 S MAND\u013dAMI, BEZ GMO, BEZ LEPKU 200g <\/b><\/span><\/span><\/p>\n","protected":false},"featured_media":6204,"template":"","meta":{"jetpack_post_was_ever_published":false,"jetpack_publicize_message":"","jetpack_publicize_feature_enabled":true,"jetpack_social_post_already_shared":true,"jetpack_social_options":{"image_generator_settings":{"template":"highway","default_image_id":0,"font":"","enabled":false},"version":2}},"product_brand":[],"product_cat":[119],"product_tag":[],"class_list":{"0":"post-6203","1":"product","2":"type-product","3":"status-publish","4":"has-post-thumbnail","6":"product_cat-antica-torroneria-piemontese-cukrovinky-z-talianska","8":"first","9":"instock","10":"shipping-taxable","11":"purchasable","12":"product-type-simple"},"jetpack_publicize_connections":[],"jetpack_sharing_enabled":true,"_links":{"self":[{"href":"https:\/\/www.positivitee.sk\/index.php\/wp-json\/wp\/v2\/product\/6203","targetHints":{"allow":["GET"]}}],"collection":[{"href":"https:\/\/www.positivitee.sk\/index.php\/wp-json\/wp\/v2\/product"}],"about":[{"href":"https:\/\/www.positivitee.sk\/index.php\/wp-json\/wp\/v2\/types\/product"}],"wp:featuredmedia":[{"embeddable":true,"href":"https:\/\/www.positivitee.sk\/index.php\/wp-json\/wp\/v2\/media\/6204"}],"wp:attachment":[{"href":"https:\/\/www.positivitee.sk\/index.php\/wp-json\/wp\/v2\/media?parent=6203"}],"wp:term":[{"taxonomy":"product_brand","embeddable":true,"href":"https:\/\/www.positivitee.sk\/index.php\/wp-json\/wp\/v2\/product_brand?post=6203"},{"taxonomy":"product_cat","embeddable":true,"href":"https:\/\/www.positivitee.sk\/index.php\/wp-json\/wp\/v2\/product_cat?post=6203"},{"taxonomy":"product_tag","embeddable":true,"href":"https:\/\/www.positivitee.sk\/index.php\/wp-json\/wp\/v2\/product_tag?post=6203"}],"curies":[{"name":"wp","href":"https:\/\/api.w.org\/{rel}","templated":true}]}}