{"id":655,"date":"2019-05-06T14:23:47","date_gmt":"2019-05-06T14:23:47","guid":{"rendered":"http:\/\/www.positivitee.sk\/?post_type=product&#038;p=655"},"modified":"2025-10-22T11:30:04","modified_gmt":"2025-10-22T11:30:04","slug":"dolfin-tmava-cokolada-s-ruzovym-korenim-70g","status":"publish","type":"product","link":"https:\/\/www.positivitee.sk\/index.php\/product\/dolfin-tmava-cokolada-s-ruzovym-korenim-70g\/","title":{"rendered":"Dolfin &#8211; Tmav\u00e1 \u010dokol\u00e1da s\u00a0ru\u017eov\u00fdm koren\u00edm, 70g"},"content":{"rendered":"<p><code>DO1080<\/code>Tmav\u00e1 \u010dokol\u00e1da s ru\u017eov\u00fdm koren\u00edm, 70g.<\/p>\n<p><img decoding=\"async\" src=\"https:\/\/www.positivitee.sk\/wp-content\/uploads\/2019\/05\/DOLFIN-R-KORENIE-1.jpg\" \/><\/p>\n<p>Min. obsah kakaa v su\u0161ine 60%.<\/p>\n<p>Zlo\u017eenie: Kakov\u00e1 hmota, cukor, kakov\u00e9 maslo, ru\u017eov\u00e9 korenie (1%), emulg\u00e1tor: s\u00f3jov\u00fd lecit\u00edn. pr\u00edrodn\u00e1 vanilka<br \/>\nAlerg\u00e9ny: obsahuje <strong>s\u00f3ju<\/strong>. M\u00f4\u017ee obsahova\u0165 stopy <strong>mlieka<\/strong>, <strong>orechov<\/strong>, <strong>p\u0161enice<\/strong> a <strong>vaj\u00ed\u010dok<\/strong>.<\/p>\n<p>Krajina p\u00f4vodu: Belgicko.<\/p>\n<p>Cena 41,43 \u20ac\/kilo<\/p>\n<p><a href=\"http:\/\/www.dolfin.be\/\" target=\"_blank\" rel=\"noopener noreferrer\"><br \/>\n<img decoding=\"async\" src=\"https:\/\/www.positivitee.sk\/img\/Dolfin\/dolfin_logo_7.jpg\" alt=\"Dolfin - The Art of Blending\" \/><br \/>\n<\/a><\/p>\n","protected":false},"excerpt":{"rendered":"<p>DO1080 Tmav\u00e1 \u010dokol\u00e1da s\u00a0ru\u017eov\u00fdm koren\u00edm, 70g.<\/p>\n","protected":false},"featured_media":5684,"template":"","meta":{"jetpack_post_was_ever_published":false,"jetpack_publicize_message":"","jetpack_publicize_feature_enabled":true,"jetpack_social_post_already_shared":true,"jetpack_social_options":{"image_generator_settings":{"template":"highway","default_image_id":0,"font":"","enabled":false},"version":2}},"product_brand":[],"product_cat":[40],"product_tag":[],"class_list":{"0":"post-655","1":"product","2":"type-product","3":"status-publish","4":"has-post-thumbnail","6":"product_cat-rucne-robene-cukrovinky-z-belgicka","8":"first","9":"instock","10":"shipping-taxable","11":"purchasable","12":"product-type-simple"},"jetpack_publicize_connections":[],"jetpack_sharing_enabled":true,"_links":{"self":[{"href":"https:\/\/www.positivitee.sk\/index.php\/wp-json\/wp\/v2\/product\/655","targetHints":{"allow":["GET"]}}],"collection":[{"href":"https:\/\/www.positivitee.sk\/index.php\/wp-json\/wp\/v2\/product"}],"about":[{"href":"https:\/\/www.positivitee.sk\/index.php\/wp-json\/wp\/v2\/types\/product"}],"wp:featuredmedia":[{"embeddable":true,"href":"https:\/\/www.positivitee.sk\/index.php\/wp-json\/wp\/v2\/media\/5684"}],"wp:attachment":[{"href":"https:\/\/www.positivitee.sk\/index.php\/wp-json\/wp\/v2\/media?parent=655"}],"wp:term":[{"taxonomy":"product_brand","embeddable":true,"href":"https:\/\/www.positivitee.sk\/index.php\/wp-json\/wp\/v2\/product_brand?post=655"},{"taxonomy":"product_cat","embeddable":true,"href":"https:\/\/www.positivitee.sk\/index.php\/wp-json\/wp\/v2\/product_cat?post=655"},{"taxonomy":"product_tag","embeddable":true,"href":"https:\/\/www.positivitee.sk\/index.php\/wp-json\/wp\/v2\/product_tag?post=655"}],"curies":[{"name":"wp","href":"https:\/\/api.w.org\/{rel}","templated":true}]}}