{"id":668,"date":"2019-05-15T19:37:17","date_gmt":"2019-05-15T19:37:17","guid":{"rendered":"http:\/\/www.positivitee.sk\/?post_type=product&#038;p=668"},"modified":"2024-12-05T21:42:28","modified_gmt":"2024-12-05T21:42:28","slug":"premium-tea-dracie-perly-100g","status":"publish","type":"product","link":"https:\/\/www.positivitee.sk\/index.php\/product\/premium-tea-dracie-perly-100g\/","title":{"rendered":"Premium Tea &#8211; DRA\u010cIE PERLY, 100g"},"content":{"rendered":"<p><code>2151<\/code>DRA\u010cIE PERLY &#8211; China Jasmin Dragon Phoenix Pearl, 100g.<img decoding=\"async\" src=\"https:\/\/www.positivitee.sk\/img\/Premium\/00-02151_stamm_1.jpg\" alt=\"DRA\u010cIE PERLY\" \/><\/p>\n<p>Odpor\u00fa\u010dame 2 &#8211; 3 n\u00e1levy.<\/p>\n<p>Zlo\u017eenie: \u010d\u00ednsky zelen\u00fd a biely \u010daj<\/p>\n<p>DRA\u010cIE PERLY, absol\u00fatne skvostn\u00fd \u010d\u00ednsky zelen\u00fd a biely \u010daj s jasm\u00ednom. \u010cajov\u00e9 l\u00edstky si ru\u010dne citlivo zrolovan\u00e9 do tvaru mal\u00fdch per\u00e1l. N\u00e1poj hladkej zamatovej chute, jemn\u00e9ho ovocn\u00e9ho charakteru. Harmonicky dotvoren\u00fd jazm\u00ednov\u00fdm kvetom. Odpor\u00fa\u010dame nieko\u013eko n\u00e1levov.<\/p>\n<p>Jasm\u00ednov\u00fd kvet je v \u010d\u00ednskej kult\u00fare kvetom ve\u010dnej l\u00e1sky a tie\u017e posv\u00e4tn\u00fdm kvetom budhizmu.<br \/>\n\u010cajov\u00e9 l\u00edstky sa zberaj\u00fa skoro na jar a s\u00fa uskladnen\u00e9 do neskor\u00e9ho leta, kedy je jasm\u00edn v kvete.<br \/>\nKvety sa trhaj\u00fa skoro r\u00e1no, kedy s\u00fa okvetn\u00e9 l\u00edstky pevne zavret\u00e9. S\u00fa dr\u017ean\u00e9 v chlade a\u017e do ve\u010dera. V noci sa kvety otvoria a uvo\u013e\u0148uje sa omamn\u00e1 jasm\u00ednov\u00e1 ar\u00f3ma. To je \u010das kedy prebieha ochucovanie \u010daju. Bu\u010f to sa \u010daj a kvety premie\u0161aj\u00fa alebo druh\u00e1 met\u00f3da je ukladanie striedavo; vrstva \u010daju a vrstva kvetov. Uvo\u013e\u0148ovanie ar\u00f3my prebieha po dobu \u0161tyroch hod\u00edn a tento proces sa opakuje v niektor\u00fdch pr\u00edpadooch aj sedem kr\u00e1t. \u010caj obsorbuje vlhkos\u0165 kvetov a op\u00e4\u0165 sa mus\u00ed su\u0161i\u0165, aby nedo\u0161lo k jeho skaze.<br \/>\nNajd\u00f4le\u017eitej\u0161\u00edm mestom v produkcii DRA\u010c\u00cdCH PER\u00c1L je Fuzhou, hlavn\u00e9 mesto \u010d\u00ednskej provincie Fujian, kde sa \u010daj te\u0161i posv\u00e4tnej \u00facte.<\/p>\n","protected":false},"excerpt":{"rendered":"<p>2151 DRA\u010cIE PERLY, 100g.<\/p>\n","protected":false},"featured_media":669,"template":"","meta":{"jetpack_post_was_ever_published":false,"jetpack_publicize_message":"","jetpack_publicize_feature_enabled":true,"jetpack_social_post_already_shared":true,"jetpack_social_options":{"image_generator_settings":{"template":"highway","default_image_id":0,"font":"","enabled":false},"version":2}},"product_brand":[],"product_cat":[71,50,70],"product_tag":[],"class_list":{"0":"post-668","1":"product","2":"type-product","3":"status-publish","4":"has-post-thumbnail","6":"product_cat-biele","7":"product_cat-premium-caje","8":"product_cat-zelene","10":"first","11":"instock","12":"shipping-taxable","13":"purchasable","14":"product-type-simple"},"jetpack_publicize_connections":[],"jetpack_sharing_enabled":true,"_links":{"self":[{"href":"https:\/\/www.positivitee.sk\/index.php\/wp-json\/wp\/v2\/product\/668","targetHints":{"allow":["GET"]}}],"collection":[{"href":"https:\/\/www.positivitee.sk\/index.php\/wp-json\/wp\/v2\/product"}],"about":[{"href":"https:\/\/www.positivitee.sk\/index.php\/wp-json\/wp\/v2\/types\/product"}],"wp:featuredmedia":[{"embeddable":true,"href":"https:\/\/www.positivitee.sk\/index.php\/wp-json\/wp\/v2\/media\/669"}],"wp:attachment":[{"href":"https:\/\/www.positivitee.sk\/index.php\/wp-json\/wp\/v2\/media?parent=668"}],"wp:term":[{"taxonomy":"product_brand","embeddable":true,"href":"https:\/\/www.positivitee.sk\/index.php\/wp-json\/wp\/v2\/product_brand?post=668"},{"taxonomy":"product_cat","embeddable":true,"href":"https:\/\/www.positivitee.sk\/index.php\/wp-json\/wp\/v2\/product_cat?post=668"},{"taxonomy":"product_tag","embeddable":true,"href":"https:\/\/www.positivitee.sk\/index.php\/wp-json\/wp\/v2\/product_tag?post=668"}],"curies":[{"name":"wp","href":"https:\/\/api.w.org\/{rel}","templated":true}]}}