{"id":716,"date":"2019-06-25T08:15:56","date_gmt":"2019-06-25T08:15:56","guid":{"rendered":"http:\/\/www.positivitee.sk\/?post_type=product&#038;p=716"},"modified":"2023-04-17T11:05:07","modified_gmt":"2023-04-17T11:05:07","slug":"premium-tea-pina-colada-100g","status":"publish","type":"product","link":"https:\/\/www.positivitee.sk\/index.php\/product\/premium-tea-pina-colada-100g\/","title":{"rendered":"Premium Tea &#8211; PI\u0147A COLADA, 100g"},"content":{"rendered":"<p><code>5951<\/code>PI\u0147A COLADA, 100g.<img loading=\"lazy\" decoding=\"async\" class=\"attachment-266x266 size-266x266\" src=\"https:\/\/www.positivitee.sk\/wp-content\/uploads\/2019\/06\/00-05951_stamm_1-300x300.jpg\" sizes=\"auto, (max-width: 266px) 100vw, 266px\" srcset=\"https:\/\/www.positivitee.sk\/wp-content\/uploads\/2019\/06\/00-05951_stamm_1-300x300.jpg 300w, https:\/\/www.positivitee.sk\/wp-content\/uploads\/2019\/06\/00-05951_stamm_1-150x150.jpg 150w, https:\/\/www.positivitee.sk\/wp-content\/uploads\/2019\/06\/00-05951_stamm_1-324x324.jpg 324w, https:\/\/www.positivitee.sk\/wp-content\/uploads\/2019\/06\/00-05951_stamm_1-100x100.jpg 100w, https:\/\/www.positivitee.sk\/wp-content\/uploads\/2019\/06\/00-05951_stamm_1.jpg 340w\" alt=\"\" width=\"266\" height=\"266\" \/><br \/>\nKaribsk\u00fd koktail delik\u00e1tnzch kvet\u00edn ibi\u0161teka, \u0161\u00edpok, kandizovan\u00e9ho anan\u00e1su a k\u00faskov pomaran\u010da, zjemnen\u00e9 lupienkami kokosu a apr\u00edrodnou kokosovou ar\u00f3mou. Skvel\u00fd z\u00e1klad aj na pr\u00edpravu \u013eadov\u00e9ho \u010daju a pun\u010du.<\/p>\n<p>Zlo\u017eenie: ibi\u0161tek, k\u00fasky anan\u00e1su ( anan\u00e1s, cukor, kyselina citr\u00f3nov\u00e1), \u0161\u00edpky, lupienky kokosu, pomaran\u010dov\u00e1 k\u00f4ra, pr\u00edrodn\u00e1 ar\u00f3ma<\/p>\n<p>Pr\u00edprava: 1 \u010dajov\u00fa ly\u017ei\u010dku (2g) \u010daju zalejeme 2,5dl vriacej vody. L\u00fahujte 5 a\u017e 8 min\u00fat.<\/p>\n","protected":false},"excerpt":{"rendered":"<p>5951 PI\u0147A COLADA, 100g.<\/p>\n","protected":false},"featured_media":717,"template":"","meta":{"jetpack_post_was_ever_published":false,"jetpack_publicize_message":"","jetpack_publicize_feature_enabled":true,"jetpack_social_post_already_shared":true,"jetpack_social_options":{"image_generator_settings":{"template":"highway","default_image_id":0,"font":"","enabled":false},"version":2}},"product_brand":[],"product_cat":[50,72],"product_tag":[],"class_list":{"0":"post-716","1":"product","2":"type-product","3":"status-publish","4":"has-post-thumbnail","6":"product_cat-premium-caje","7":"product_cat-ovocne","9":"first","10":"instock","11":"shipping-taxable","12":"purchasable","13":"product-type-simple"},"jetpack_publicize_connections":[],"jetpack_sharing_enabled":true,"_links":{"self":[{"href":"https:\/\/www.positivitee.sk\/index.php\/wp-json\/wp\/v2\/product\/716","targetHints":{"allow":["GET"]}}],"collection":[{"href":"https:\/\/www.positivitee.sk\/index.php\/wp-json\/wp\/v2\/product"}],"about":[{"href":"https:\/\/www.positivitee.sk\/index.php\/wp-json\/wp\/v2\/types\/product"}],"wp:featuredmedia":[{"embeddable":true,"href":"https:\/\/www.positivitee.sk\/index.php\/wp-json\/wp\/v2\/media\/717"}],"wp:attachment":[{"href":"https:\/\/www.positivitee.sk\/index.php\/wp-json\/wp\/v2\/media?parent=716"}],"wp:term":[{"taxonomy":"product_brand","embeddable":true,"href":"https:\/\/www.positivitee.sk\/index.php\/wp-json\/wp\/v2\/product_brand?post=716"},{"taxonomy":"product_cat","embeddable":true,"href":"https:\/\/www.positivitee.sk\/index.php\/wp-json\/wp\/v2\/product_cat?post=716"},{"taxonomy":"product_tag","embeddable":true,"href":"https:\/\/www.positivitee.sk\/index.php\/wp-json\/wp\/v2\/product_tag?post=716"}],"curies":[{"name":"wp","href":"https:\/\/api.w.org\/{rel}","templated":true}]}}