{"id":724,"date":"2019-06-27T07:27:34","date_gmt":"2019-06-27T07:27:34","guid":{"rendered":"http:\/\/www.positivitee.sk\/?post_type=product&#038;p=724"},"modified":"2025-10-23T10:53:34","modified_gmt":"2025-10-23T10:53:34","slug":"premium-tea-rooibos-bushranger-100g","status":"publish","type":"product","link":"https:\/\/www.positivitee.sk\/index.php\/product\/premium-tea-rooibos-bushranger-100g\/","title":{"rendered":"Premium Tea &#8211; ROOIBOS BUSHRANGER, 100g"},"content":{"rendered":"<p><code>6911<\/code>ROOIBOS BUSHRANGER, 100g.<img loading=\"lazy\" decoding=\"async\" class=\"attachment-266x266 size-266x266\" src=\"https:\/\/www.positivitee.sk\/wp-content\/uploads\/2019\/06\/00-06911_stamm_1-300x300.jpg\" sizes=\"auto, (max-width: 266px) 100vw, 266px\" srcset=\"https:\/\/www.positivitee.sk\/wp-content\/uploads\/2019\/06\/00-06911_stamm_1-300x300.jpg 300w, https:\/\/www.positivitee.sk\/wp-content\/uploads\/2019\/06\/00-06911_stamm_1-150x150.jpg 150w, https:\/\/www.positivitee.sk\/wp-content\/uploads\/2019\/06\/00-06911_stamm_1-324x324.jpg 324w, https:\/\/www.positivitee.sk\/wp-content\/uploads\/2019\/06\/00-06911_stamm_1-100x100.jpg 100w, https:\/\/www.positivitee.sk\/wp-content\/uploads\/2019\/06\/00-06911_stamm_1.jpg 340w\" alt=\"\" width=\"266\" height=\"266\" \/><br \/>\n\u013dahk\u00fd bezkofeinov\u00fd zelen\u00fd rooibos z Ju\u017enej Afriky zjemnen\u00fd brosky\u0148ovou a pomaran\u010dovou ar\u00f3mou a kvetinami slne\u010dnice a nev\u00e4dze.<\/p>\n<p>Chut\u00ed tepl\u00fd ale aj v podobe \u013eadov\u00e9ho \u010daju mal\u00fdm aj ve\u013ek\u00fdm.<\/p>\n<p>Zlo\u017eenie: zelen\u00fd rooibos, brosky\u0148ov\u00e1 ar\u00f3ma, pomaran\u010dov\u00e1 ar\u00f3ma, lupe\u0148e slne\u010dnice, kvety nev\u00e4dze<\/p>\n<p>Pr\u00edprava: 1 \u010dajov\u00fa ly\u017ei\u010dku (2g) \u010daju zalejeme 2,5dl vriacej vody. L\u00fahujte 5 a\u017e 8 min\u00fat.<\/p>\n","protected":false},"excerpt":{"rendered":"<p>6911 ROOIBOS BUSHRANGER, 100g.<\/p>\n","protected":false},"featured_media":725,"template":"","meta":{"jetpack_post_was_ever_published":false,"jetpack_publicize_message":"","jetpack_publicize_feature_enabled":true,"jetpack_social_post_already_shared":true,"jetpack_social_options":{"image_generator_settings":{"template":"highway","default_image_id":0,"font":"","enabled":false},"version":2}},"product_brand":[],"product_cat":[50,73],"product_tag":[],"class_list":{"0":"post-724","1":"product","2":"type-product","3":"status-publish","4":"has-post-thumbnail","6":"product_cat-premium-caje","7":"product_cat-rooibos","9":"first","10":"instock","11":"shipping-taxable","12":"purchasable","13":"product-type-simple"},"jetpack_publicize_connections":[],"jetpack_sharing_enabled":true,"_links":{"self":[{"href":"https:\/\/www.positivitee.sk\/index.php\/wp-json\/wp\/v2\/product\/724","targetHints":{"allow":["GET"]}}],"collection":[{"href":"https:\/\/www.positivitee.sk\/index.php\/wp-json\/wp\/v2\/product"}],"about":[{"href":"https:\/\/www.positivitee.sk\/index.php\/wp-json\/wp\/v2\/types\/product"}],"wp:featuredmedia":[{"embeddable":true,"href":"https:\/\/www.positivitee.sk\/index.php\/wp-json\/wp\/v2\/media\/725"}],"wp:attachment":[{"href":"https:\/\/www.positivitee.sk\/index.php\/wp-json\/wp\/v2\/media?parent=724"}],"wp:term":[{"taxonomy":"product_brand","embeddable":true,"href":"https:\/\/www.positivitee.sk\/index.php\/wp-json\/wp\/v2\/product_brand?post=724"},{"taxonomy":"product_cat","embeddable":true,"href":"https:\/\/www.positivitee.sk\/index.php\/wp-json\/wp\/v2\/product_cat?post=724"},{"taxonomy":"product_tag","embeddable":true,"href":"https:\/\/www.positivitee.sk\/index.php\/wp-json\/wp\/v2\/product_tag?post=724"}],"curies":[{"name":"wp","href":"https:\/\/api.w.org\/{rel}","templated":true}]}}