{"id":727,"date":"2019-07-01T14:01:05","date_gmt":"2019-07-01T14:01:05","guid":{"rendered":"http:\/\/www.positivitee.sk\/?post_type=product&#038;p=727"},"modified":"2024-10-28T14:02:46","modified_gmt":"2024-10-28T14:02:46","slug":"premium-tea-bio-cerveny-pomaranc-deluxe-100g","status":"publish","type":"product","link":"https:\/\/www.positivitee.sk\/index.php\/product\/premium-tea-bio-cerveny-pomaranc-deluxe-100g\/","title":{"rendered":"Premium Tea &#8211; BIO \u010cERVEN\u00dd POMARAN\u010c DELUXE, 100g"},"content":{"rendered":"<p><code>5781<\/code>BIO \u010cERVEN\u00dd POMARAN\u010c DELUXE, 100g.<img loading=\"lazy\" decoding=\"async\" class=\"attachment-266x266 size-266x266\" src=\"https:\/\/www.positivitee.sk\/wp-content\/uploads\/2019\/07\/00-05781_stamm_1-300x300.jpg\" sizes=\"auto, (max-width: 266px) 100vw, 266px\" srcset=\"https:\/\/www.positivitee.sk\/wp-content\/uploads\/2019\/07\/00-05781_stamm_1-300x300.jpg 300w, https:\/\/www.positivitee.sk\/wp-content\/uploads\/2019\/07\/00-05781_stamm_1-150x150.jpg 150w, https:\/\/www.positivitee.sk\/wp-content\/uploads\/2019\/07\/00-05781_stamm_1-324x324.jpg 324w, https:\/\/www.positivitee.sk\/wp-content\/uploads\/2019\/07\/00-05781_stamm_1-100x100.jpg 100w, https:\/\/www.positivitee.sk\/wp-content\/uploads\/2019\/07\/00-05781_stamm_1.jpg 340w\" alt=\"\" width=\"266\" height=\"266\" \/><\/p>\n<p>Delik\u00e1tna ovocn\u00e1 zmes pln\u00e1 ar\u00f3my a chut\u00ed pomaran\u010dov. Skvel\u00e1 tepl\u00e1 aj ako \u013eadov\u00fd \u010daj. V lete odpor\u00fa\u010dame met\u00f3du COLD BREW.<\/p>\n<p>Kr\u00e1sna, \u0161tavnat\u00e1 pomaran\u010dov\u00e1 chu\u0165 a ar\u00f3ma.<\/p>\n<p>Zlo\u017eenie: k\u00fasky jablka, \u0161\u00edpky, ibi\u0161tek, cvikla, pomaran\u010dov\u00e1 k\u00f4ra, \u0161\u00edpky, pomaran\u010dov\u00e1 k\u00f4ra, kvety pomaran\u010dovn\u00edka a necht\u00edk, pr\u00edrodn\u00e1 ar\u00f3ma, svetlica farbiarska (saflor)<\/p>\n<p>Pr\u00edprava: 1 \u010dajov\u00fa ly\u017ei\u010dku (2g) \u010daju zalejeme 2,5dl vriacej vody. L\u00fahujte 5 a\u017e 8 min\u00fat.<\/p>\n","protected":false},"excerpt":{"rendered":"<p>5781 BIO \u010cERVEN\u00dd POMARAN\u010c DELUXE, 100g.<\/p>\n","protected":false},"featured_media":728,"template":"","meta":{"jetpack_post_was_ever_published":false,"jetpack_publicize_message":"","jetpack_publicize_feature_enabled":true,"jetpack_social_post_already_shared":true,"jetpack_social_options":{"image_generator_settings":{"template":"highway","default_image_id":0,"font":"","enabled":false},"version":2}},"product_brand":[],"product_cat":[50,72],"product_tag":[],"class_list":{"0":"post-727","1":"product","2":"type-product","3":"status-publish","4":"has-post-thumbnail","6":"product_cat-premium-caje","7":"product_cat-ovocne","9":"first","10":"instock","11":"shipping-taxable","12":"purchasable","13":"product-type-simple"},"jetpack_publicize_connections":[],"jetpack_sharing_enabled":true,"_links":{"self":[{"href":"https:\/\/www.positivitee.sk\/index.php\/wp-json\/wp\/v2\/product\/727","targetHints":{"allow":["GET"]}}],"collection":[{"href":"https:\/\/www.positivitee.sk\/index.php\/wp-json\/wp\/v2\/product"}],"about":[{"href":"https:\/\/www.positivitee.sk\/index.php\/wp-json\/wp\/v2\/types\/product"}],"wp:featuredmedia":[{"embeddable":true,"href":"https:\/\/www.positivitee.sk\/index.php\/wp-json\/wp\/v2\/media\/728"}],"wp:attachment":[{"href":"https:\/\/www.positivitee.sk\/index.php\/wp-json\/wp\/v2\/media?parent=727"}],"wp:term":[{"taxonomy":"product_brand","embeddable":true,"href":"https:\/\/www.positivitee.sk\/index.php\/wp-json\/wp\/v2\/product_brand?post=727"},{"taxonomy":"product_cat","embeddable":true,"href":"https:\/\/www.positivitee.sk\/index.php\/wp-json\/wp\/v2\/product_cat?post=727"},{"taxonomy":"product_tag","embeddable":true,"href":"https:\/\/www.positivitee.sk\/index.php\/wp-json\/wp\/v2\/product_tag?post=727"}],"curies":[{"name":"wp","href":"https:\/\/api.w.org\/{rel}","templated":true}]}}