{"id":773,"date":"2019-09-15T20:36:42","date_gmt":"2019-09-15T20:36:42","guid":{"rendered":"http:\/\/www.positivitee.sk\/?post_type=product&#038;p=773"},"modified":"2020-11-24T16:58:34","modified_gmt":"2020-11-24T16:58:34","slug":"premium-tea-assam-bokel-100g","status":"publish","type":"product","link":"https:\/\/www.positivitee.sk\/index.php\/product\/premium-tea-assam-bokel-100g\/","title":{"rendered":"Premium Tea &#8211; ASSAM BOKEL, 100g"},"content":{"rendered":"<p><code>1731<\/code>ASSAM BOKEL, 100g.<img decoding=\"async\" src=\"https:\/\/www.positivitee.sk\/img\/Premium\/00-05781_stamm_1.jpg\" alt=\"ASSAM BOKEL\" \/><\/p>\n<p>Vysokoaromatick\u00fd \u010dierny \u010daj s rozko\u0161n\u00fdmi zlat\u00fdmi \u0161pi\u010dkami zo z\u00e1hrdy Towkok. Robustn\u00fd n\u00e1poj korenist\u00fdch t\u00f3nov a oslnivej medenej farby<\/p>\n<p>Zlo\u017eenie: indick\u00fd \u010dierny \u010daj<\/p>\n<p>Pr\u00edprava: 1 \u010dajov\u00fa ly\u017ei\u010dku (2g) \u010daju zalejeme 2,5dl vriacej vody. L\u00fahujte 3 a\u017e 5 min\u00fat.<\/p>\n","protected":false},"excerpt":{"rendered":"<p>1731 ASSAM BOKEL, 100g.<\/p>\n","protected":false},"featured_media":774,"template":"","meta":{"jetpack_post_was_ever_published":false,"jetpack_publicize_message":"","jetpack_publicize_feature_enabled":true,"jetpack_social_post_already_shared":true,"jetpack_social_options":{"image_generator_settings":{"template":"highway","default_image_id":0,"font":"","enabled":false},"version":2}},"product_brand":[],"product_cat":[50,69],"product_tag":[],"class_list":{"0":"post-773","1":"product","2":"type-product","3":"status-publish","4":"has-post-thumbnail","6":"product_cat-premium-caje","7":"product_cat-cierne","9":"first","10":"outofstock","11":"shipping-taxable","12":"purchasable","13":"product-type-simple"},"jetpack_publicize_connections":[],"jetpack_sharing_enabled":true,"_links":{"self":[{"href":"https:\/\/www.positivitee.sk\/index.php\/wp-json\/wp\/v2\/product\/773","targetHints":{"allow":["GET"]}}],"collection":[{"href":"https:\/\/www.positivitee.sk\/index.php\/wp-json\/wp\/v2\/product"}],"about":[{"href":"https:\/\/www.positivitee.sk\/index.php\/wp-json\/wp\/v2\/types\/product"}],"wp:featuredmedia":[{"embeddable":true,"href":"https:\/\/www.positivitee.sk\/index.php\/wp-json\/wp\/v2\/media\/774"}],"wp:attachment":[{"href":"https:\/\/www.positivitee.sk\/index.php\/wp-json\/wp\/v2\/media?parent=773"}],"wp:term":[{"taxonomy":"product_brand","embeddable":true,"href":"https:\/\/www.positivitee.sk\/index.php\/wp-json\/wp\/v2\/product_brand?post=773"},{"taxonomy":"product_cat","embeddable":true,"href":"https:\/\/www.positivitee.sk\/index.php\/wp-json\/wp\/v2\/product_cat?post=773"},{"taxonomy":"product_tag","embeddable":true,"href":"https:\/\/www.positivitee.sk\/index.php\/wp-json\/wp\/v2\/product_tag?post=773"}],"curies":[{"name":"wp","href":"https:\/\/api.w.org\/{rel}","templated":true}]}}