{"id":812,"date":"2019-10-24T05:12:26","date_gmt":"2019-10-24T05:12:26","guid":{"rendered":"http:\/\/www.positivitee.sk\/?post_type=product&#038;p=812"},"modified":"2024-10-28T13:56:57","modified_gmt":"2024-10-28T13:56:57","slug":"premium-tea-rooibos-africky-chai-100g","status":"publish","type":"product","link":"https:\/\/www.positivitee.sk\/index.php\/product\/premium-tea-rooibos-africky-chai-100g\/","title":{"rendered":"Premium Tea &#8211; ROOIBOS AFRICK\u00dd CHAI, 100g"},"content":{"rendered":"<p><code>6141<\/code>ROOIBOS AFRICK\u00dd CHAI, 100g.<img decoding=\"async\" src=\"https:\/\/www.positivitee.sk\/img\/Premium\/00-06141_stamm_1.jpg\" alt=\"ROOIBOS AFRICK\u00dd CHAI\" \/><\/p>\n<p>Bezkofeinov\u00e1 &#8222;Masala&#8220; zmes jemn\u00e9ho rooibosu z ju\u017enej Afriky so \u0161koricou, kardam\u00f3nom, k\u00f4rou citrusov, k\u00faskami z\u00e1zvoru, an\u00edzu, korenia a klin\u010dekov. Bez pridan\u00fdch ar\u00f3m. N\u00e1poj plnej sladko korenistej chute. Ide\u00e1lny aj na pr\u00edpravu chai latte alebo pun\u010du.<\/p>\n<p>Zlo\u017eenie: \u0161korica, an\u00edz, pomaran\u010dov\u00e1 k\u00f4ra, klin\u010deky, kardam\u00f3n, k\u00fasky z\u00e1zvoru, \u010dierne korenie<\/p>\n<p>Pr\u00edprava: 1 \u010dajov\u00fa ly\u017ei\u010dku (2g) \u010daju zalejeme 2,5dl vriacej vody. L\u00fahujte 5 a\u017e 8 min\u00fat.<\/p>\n","protected":false},"excerpt":{"rendered":"<p>6141 ROOIBOS AFRICK\u00dd CHAI, 100g.<\/p>\n","protected":false},"featured_media":813,"template":"","meta":{"jetpack_post_was_ever_published":false,"jetpack_publicize_message":"","jetpack_publicize_feature_enabled":true,"jetpack_social_post_already_shared":true,"jetpack_social_options":{"image_generator_settings":{"template":"highway","default_image_id":0,"font":"","enabled":false},"version":2}},"product_brand":[],"product_cat":[50,73],"product_tag":[],"class_list":{"0":"post-812","1":"product","2":"type-product","3":"status-publish","4":"has-post-thumbnail","6":"product_cat-premium-caje","7":"product_cat-rooibos","9":"first","10":"instock","11":"featured","12":"shipping-taxable","13":"purchasable","14":"product-type-simple"},"jetpack_publicize_connections":[],"jetpack_sharing_enabled":true,"_links":{"self":[{"href":"https:\/\/www.positivitee.sk\/index.php\/wp-json\/wp\/v2\/product\/812","targetHints":{"allow":["GET"]}}],"collection":[{"href":"https:\/\/www.positivitee.sk\/index.php\/wp-json\/wp\/v2\/product"}],"about":[{"href":"https:\/\/www.positivitee.sk\/index.php\/wp-json\/wp\/v2\/types\/product"}],"wp:featuredmedia":[{"embeddable":true,"href":"https:\/\/www.positivitee.sk\/index.php\/wp-json\/wp\/v2\/media\/813"}],"wp:attachment":[{"href":"https:\/\/www.positivitee.sk\/index.php\/wp-json\/wp\/v2\/media?parent=812"}],"wp:term":[{"taxonomy":"product_brand","embeddable":true,"href":"https:\/\/www.positivitee.sk\/index.php\/wp-json\/wp\/v2\/product_brand?post=812"},{"taxonomy":"product_cat","embeddable":true,"href":"https:\/\/www.positivitee.sk\/index.php\/wp-json\/wp\/v2\/product_cat?post=812"},{"taxonomy":"product_tag","embeddable":true,"href":"https:\/\/www.positivitee.sk\/index.php\/wp-json\/wp\/v2\/product_tag?post=812"}],"curies":[{"name":"wp","href":"https:\/\/api.w.org\/{rel}","templated":true}]}}