{"id":843,"date":"2019-10-29T07:12:12","date_gmt":"2019-10-29T07:12:12","guid":{"rendered":"http:\/\/www.positivitee.sk\/?post_type=product&#038;p=843"},"modified":"2026-03-30T15:02:33","modified_gmt":"2026-03-30T15:02:33","slug":"dolfin-vyber-24-cokolad-zima-vianocna-hviezda","status":"publish","type":"product","link":"https:\/\/www.positivitee.sk\/index.php\/product\/dolfin-vyber-24-cokolad-zima-vianocna-hviezda\/","title":{"rendered":"Dolfin &#8211; V\u00fdber 24 \u010dokol\u00e1d ROSE DE NOEL"},"content":{"rendered":"<p><code>DO2541<\/code>V\u00fdber 24 \u010dokol\u00e1d ROSE DE NOEL.<\/p>\n<p><img decoding=\"async\" src=\"https:\/\/www.positivitee.sk\/wp-content\/uploads\/2019\/10\/DO2541_top-300x300.jpg\" \/><\/p>\n<p>Vydaren\u00e1 kompoz\u00edcia 24 tabuliek 6 zimn\u00fdch a viano\u010dn\u00fdch pr\u00edchut\u00ed\u00a0 &#8211; mlie\u010dna \u010dokol\u00e1da pure 37 %, mlie\u010dna \u010dokol\u00e1da s k\u00e1vou, mlie\u010dna \u010dokol\u00e1da s nug\u00e1tom. tmav\u00e1 \u010dokol\u00e1da 70 % pure, tmav\u00e1 \u010dokol\u00e1da s pomaran\u010dom, tmav\u00e1 \u010dokol\u00e1da s nug\u00e1tom\u00a0 \u00a0 &#8211;\u00a0 v popul\u00e1rnom 5 g form\u00e1te .<\/p>\n<p>Zlo\u017eenie: kakaov\u00e1 hmota, cukor, kakaov\u00e9 maslo, plnotu\u010dn\u00e9 pr\u00e1\u0161kov\u00e9 mlieko, odtu\u010dnen\u00e9 kakao, nug\u00e1t (lieskovce, cukor), k\u00e1va, emulg\u00e1tor: s\u00f3jov\u00fd lecit\u00edn, pr\u00edrodn\u00e1 vanilkov\u00e1 pr\u00edchu\u0165.<\/p>\n<p>Obsah kaka: 37 % v mlie\u010dnej \u010dokol\u00e1de, v tmavej \u010dokol\u00e1de 60 % a 70%.<\/p>\n<p>Alerg\u00e9ny: obsahuje <strong>s\u00f3ju<\/strong>, <strong>lieskovce<\/strong> a <strong>mlieko<\/strong>. M\u00f4\u017ee obsahova\u0165 stopy <strong>ovocia<\/strong>, <strong>vaj\u00ed\u010dok<\/strong>, <strong>s\u00e9zam<\/strong> a <strong>lepok<\/strong>.<\/p>\n<p>Krajina p\u00f4vodu: Belgicko.<\/p>\n<p><a href=\"http:\/\/www.dolfin.be\/\" target=\"_blank\" rel=\"noopener noreferrer\"><br \/>\n<img decoding=\"async\" src=\"https:\/\/www.positivitee.sk\/img\/Dolfin\/dolfin_logo_7.jpg\" alt=\"Dolfin - The Art of Blending\" \/><br \/>\n<\/a><\/p>\n","protected":false},"excerpt":{"rendered":"<p><code>DO2541<\/code>V\u00fdber 24 \u010dokol\u00e1d ROSE DE NOEL.<\/p>\n","protected":false},"featured_media":5704,"template":"","meta":{"jetpack_post_was_ever_published":false,"jetpack_publicize_message":"","jetpack_publicize_feature_enabled":true,"jetpack_social_post_already_shared":true,"jetpack_social_options":{"image_generator_settings":{"template":"highway","default_image_id":0,"font":"","enabled":false},"version":2}},"product_brand":[],"product_cat":[40,115],"product_tag":[],"class_list":{"0":"post-843","1":"product","2":"type-product","3":"status-publish","4":"has-post-thumbnail","6":"product_cat-rucne-robene-cukrovinky-z-belgicka","7":"product_cat-vianoce","9":"first","10":"instock","11":"shipping-taxable","12":"purchasable","13":"product-type-simple"},"jetpack_publicize_connections":[],"jetpack_sharing_enabled":true,"_links":{"self":[{"href":"https:\/\/www.positivitee.sk\/index.php\/wp-json\/wp\/v2\/product\/843","targetHints":{"allow":["GET"]}}],"collection":[{"href":"https:\/\/www.positivitee.sk\/index.php\/wp-json\/wp\/v2\/product"}],"about":[{"href":"https:\/\/www.positivitee.sk\/index.php\/wp-json\/wp\/v2\/types\/product"}],"wp:featuredmedia":[{"embeddable":true,"href":"https:\/\/www.positivitee.sk\/index.php\/wp-json\/wp\/v2\/media\/5704"}],"wp:attachment":[{"href":"https:\/\/www.positivitee.sk\/index.php\/wp-json\/wp\/v2\/media?parent=843"}],"wp:term":[{"taxonomy":"product_brand","embeddable":true,"href":"https:\/\/www.positivitee.sk\/index.php\/wp-json\/wp\/v2\/product_brand?post=843"},{"taxonomy":"product_cat","embeddable":true,"href":"https:\/\/www.positivitee.sk\/index.php\/wp-json\/wp\/v2\/product_cat?post=843"},{"taxonomy":"product_tag","embeddable":true,"href":"https:\/\/www.positivitee.sk\/index.php\/wp-json\/wp\/v2\/product_tag?post=843"}],"curies":[{"name":"wp","href":"https:\/\/api.w.org\/{rel}","templated":true}]}}